{"id":7903,"date":"2016-11-15T14:02:16","date_gmt":"2016-11-15T13:02:16","guid":{"rendered":"http:\/\/gerstendorfer.eu\/?page_id=7903"},"modified":"2025-11-01T05:29:10","modified_gmt":"2025-11-01T04:29:10","slug":"blattgold","status":"publish","type":"page","link":"https:\/\/gerstendorfer.eu\/en\/gold-leaf\/","title":{"rendered":"Golf Leaf"},"content":{"rendered":"<h1>Blattgold<\/h1>\n<h3>BLATTGOLD &#038; BLATTSILBER<\/h3>\n<div>\n<p>Wir fertigen f\u00fcr Sie mehr als 25 Sorten Blattgold f\u00fcr jeden Anwendungsbereich. Blattgold und Blattsilber in Ausf\u00fchrung Lose und Transfer, Echtes Rollengold und Rollensilber, Gold- und Silber-Schabin, Pudergold, Pudersilber finden Sie ebenso in unserem Angebot, wie ein breites Spektrum an unedlen Blattmetallen und Bronzen.<\/p>\n<p>BLATTGOLD LOSE \u2013 Das Goldblatt liegt lose zu je 25 Blatt im B\u00fcchlein. Diese Art von Blattgold muss \u00fcber verschiedene Vergolderwerkzeuge (Vergoldermesser, Vergolderkissen und Anschusspinsel) verarbeitet werden.<br \/>Blattgold in Ausf\u00fchrung lose findet Verwendung in der \u00d6lvergoldung, Polimentvergoldung und Hinterglasvergoldung. Es kann mit Mixtion, Schnellmixtion und den K\u00f6lner-Vergolderprodukten verarbeitet werden.<\/p>\n<p>BLATTGOLD TRANSFER \u2013 Das Blattgold, auch Sturmgold genannt, ist mechanisch auf ein Seidenpapier gepresst und liegt zu je 25 Blatt im B\u00fcchlein. Das Seidenpapier kann problemlos mit den Fingern angefasst und mit einer Schere in das gew\u00fcnschte Format geschnitten werden. Das Goldblatt wird auf den noch klebenden Untergrund angelegt und mit den Fingern, Watte oder Tuch angerieben. Danach wird das Seidenpapier wie ein Abziehbild abgezogen.<br \/>Blattgold in Ausf\u00fchrung transfer findet Verwendung in der \u00d6lvergoldung und Hinterglasvergoldung. Es kann mit Mixtion, Schnellmixtion und den K\u00f6lner-Vergolderprodukten verarbeitet werden.<\/p>\n<p>Blattgold wird standardm\u00e4ssig in 25 Blatt im Format 80 x 80 mm verpackt. Blattanzahl und folgende Blattgoldformate sind zus\u00e4tzlich m\u00f6glich:<br \/>50 x 50 mm \/ 65 x 65 mm \/ 85 x 85 mm \/ 90 x 90 mm \/ 93 x 93 mm \/ 95 x 95 mm \/ 100 x 100 mm<\/p>\n<p>BLATTSILBER \u2013 Echtes Blattsilber ist reines geschlagenes Silber (999,9 Feinheit). Es wird in den Ausf\u00fchrunge Lose, Transfer oder extra d\u00fcnn angeboten. Blattsilber muss gegen Oxidation schutzlackiert werden und ist nur im Innenbereich anwendbar.<\/p>\n<p>Blattsilber wird standardm\u00e4ssig in 25 Blatt im Format 95 x 95 mm verpackt. Blattanzahl und andere Blattsilberformate auf Anfrage.<\/p>\n<\/div>\n<h3>BLATTGOLD FARBEN<\/h3>\n<p><p>\n        <a href=\"\/blattgold-farben\/\">Ansehen<\/a>\n    <\/p>\n<\/p>\n<h3>ROLLENGOLD &#038; ROLLENSILBER<\/h3>\n<div>\n<p>Echtes Rollengold ist speziell zum punktgenauen Vergolden von Linien, aber auch sehr gut zur Fl\u00e4chenvergoldung geeignet. Die Rolle selbst ist ca. 21 m lang und wahlweise in den Breiten 3 \u2013 110 mm lieferbar. Das rollenf\u00f6rmige Transfergold wird \u00fcber eine \u00dcbertragungsrolle abgerollt.<br \/>Verwendung in der \u00d6lvergoldung und Hinterglasvergoldung. Es kann mit Mixtion, Schnellmixtion und den K\u00f6lner-Vergolderprodukten verarbeitet werden.<\/p>\n<p>Rollengold und Rollensilber wird standardm\u00e4ssig in ca. 21 m L\u00e4nge geliefert. Die Rollenbreite ist zwischen 3 mm bis 110 mm w\u00e4hlbar. Rollengold ist in folgenden Karatzahlen lieferbar:<\/p>\n<p>12 Karat \/ 18 Karat \/ 22 Karat \/ 22,5 Karat \/ 23 Karat \/ 23,5 Karat \/ 23,75 Karat \/ 24 Karat \/ Silber 999,9<\/p>\n<\/div>\n<div>\n<p>        <img decoding=\"async\" src=\"\/wp-content\/uploads\/2016\/11\/handwerk-2-image.jpg\" alt=\"\"><\/p>\n<h3>BLATTGOLD<\/h3>\n<p>FABRIKATION GOLDSCHL\u00c4GEREI<\/p>\n<p><a href=\"\/herstellung\/\">Weiterlesen<\/a><\/p>\n<\/div>\n<p><!--more--><br \/>\n<!-- {\"type\":\"layout\",\"children\":[{\"type\":\"section\",\"props\":{\"header_transparent\":false,\"header_transparent_noplaceholder\":false,\"header_transparent_text_color\":\"light\",\"height\":\"viewport\",\"height_viewport\":35,\"image\":\"wp-content\\\/uploads\\\/2016\\\/11\\\/blattgold-1-image.jpg\",\"image_position\":\"top-center\",\"image_size\":\"cover\",\"media_focal_point\":\"top-right\",\"overlap\":false,\"padding\":\"none\",\"style\":\"default\",\"text_color\":\"light\",\"title_breakpoint\":\"xl\",\"title_position\":\"top-left\",\"title_rotation\":\"left\",\"vertical_align\":\"middle\",\"width\":\"default\"},\"children\":[{\"type\":\"row\",\"children\":[{\"type\":\"column\",\"props\":{\"image_position\":\"center-center\",\"position_sticky_breakpoint\":\"m\",\"width_medium\":\"1-1\"},\"children\":[{\"type\":\"headline\",\"props\":{\"content\":\"Blattgold\",\"content_en_us\":\"Gold Leaf\",\"text_align\":\"center\",\"title_element\":\"h1\",\"title_style\":\"h1\"}}]}]}],\"name\":\"Hero\"},{\"type\":\"section\",\"props\":{\"image_position\":\"center-center\",\"padding\":\"large\",\"style\":\"default\",\"title_breakpoint\":\"xl\",\"title_position\":\"top-left\",\"title_rotation\":\"left\",\"vertical_align\":\"\",\"width\":\"default\"},\"children\":[{\"type\":\"row\",\"children\":[{\"type\":\"column\",\"props\":{\"image_position\":\"center-center\",\"position_sticky_breakpoint\":\"m\"},\"children\":[{\"type\":\"headline\",\"props\":{\"content\":\"BLATTGOLD & BLATTSILBER\",\"content_en_us\":\"GOLD & SILVER LEAF\\n\",\"title_element\":\"h3\"}},{\"type\":\"text\",\"props\":{\"column_breakpoint\":\"m\",\"content\":\"\n\n<p>Wir fertigen f\\u00fcr Sie mehr als 25 Sorten Blattgold f\\u00fcr jeden Anwendungsbereich. Blattgold und Blattsilber in Ausf\\u00fchrung Lose und Transfer, Echtes Rollengold und Rollensilber, Gold- und Silber-Schabin, Pudergold, Pudersilber finden Sie ebenso in unserem Angebot, wie ein breites Spektrum an unedlen Blattmetallen und Bronzen.<\\\/p>\\n\n\n<p>BLATTGOLD LOSE \\u2013 Das Goldblatt liegt lose zu je 25 Blatt im B\\u00fcchlein. Diese Art von Blattgold muss \\u00fcber verschiedene Vergolderwerkzeuge (Vergoldermesser, Vergolderkissen und Anschusspinsel) verarbeitet werden.<br \\\/>Blattgold in Ausf\\u00fchrung lose findet Verwendung in der \\u00d6lvergoldung, Polimentvergoldung und Hinterglasvergoldung. Es kann mit Mixtion, Schnellmixtion und den K\\u00f6lner-Vergolderprodukten verarbeitet werden.<\\\/p>\\n\n\n<p>BLATTGOLD TRANSFER \\u2013 Das Blattgold, auch Sturmgold genannt, ist mechanisch auf ein Seidenpapier gepresst und liegt zu je 25 Blatt im B\\u00fcchlein. Das Seidenpapier kann problemlos mit den Fingern angefasst und mit einer Schere in das gew\\u00fcnschte Format geschnitten werden. Das Goldblatt wird auf den noch klebenden Untergrund angelegt und mit den Fingern, Watte oder Tuch angerieben. Danach wird das Seidenpapier wie ein Abziehbild abgezogen.<br \\\/>Blattgold in Ausf\\u00fchrung transfer findet Verwendung in der \\u00d6lvergoldung und Hinterglasvergoldung. Es kann mit Mixtion, Schnellmixtion und den K\\u00f6lner-Vergolderprodukten verarbeitet werden.<\\\/p>\\n\n\n<p>Blattgold wird standardm\\u00e4ssig in 25 Blatt im Format 80 x 80 mm verpackt. Blattanzahl und folgende Blattgoldformate sind zus\\u00e4tzlich m\\u00f6glich:<br \\\/>50 x 50 mm \\\/ 65 x 65 mm \\\/ 85 x 85 mm \\\/ 90 x 90 mm \\\/ 93 x 93 mm \\\/ 95 x 95 mm \\\/ 100 x 100 mm<\\\/p>\\n\n\n<p>BLATTSILBER \\u2013 Echtes Blattsilber ist reines geschlagenes Silber (999,9 Feinheit). Es wird in den Ausf\\u00fchrunge Lose, Transfer oder extra d\\u00fcnn angeboten. Blattsilber muss gegen Oxidation schutzlackiert werden und ist nur im Innenbereich anwendbar.<\\\/p>\\n\n\n<p>Blattsilber wird standardm\\u00e4ssig in 25 Blatt im Format 95 x 95 mm verpackt. Blattanzahl und andere Blattsilberformate auf Anfrage.<\\\/p>\",\"content_en_us\":\"\n\n<p>Gerstend\\u00f6rfer, Gold Beater since 1843, manufactures more than 25 types of genuine Gold Leaf for any scope of application. We offer a wide range of various colours, formats and thickness. Gold leaf and silver leaf in loose and transfer\\\/patent format, palladium, genuine gold and silver on rolls, genuine gold and silver schaibin, genuine shell gold and shell silver in powder and the whole range of base metal (Imitation Gold and Silver Leaf, Cooper, Variegated etc.) and bronze powder.<\\\/p>\\n\\n\n\n<p>GOLD LEAF LOOSE \\u2013 The Gold Leaf is placed loosely in a booklet and contains 25 leaves. Gold leaf in type loose cannot handled by hand, when working with loose leaf you must make use of different gilder tools (Gilders knife, gilders cushion and gilders tip).<br \\\/>Gold Leaf Loose is usable for the techniques of Oil Gilding, Water Gilding and Glass Gilding. It can be used with different gold sizes and adhesives, like Mixtion (oil based), Synthetic Water Gold Size (water based), Water Size, Gelatin Glue Size and K\\u00f6lner Gilding Products.<\\\/p>\\n\\n\n\n<p>GOLD LEAF TRANSFER\\\/PATENT \\u2013 Gold leaf is mechanically pressed onto a tissue paper and is available in booklets of 25 leaves.\\u00a0The tissue paper can easily handled by hand and also cut with scissors in desired dimensions.<span>\\u00a0<\\\/span><span>Holding one edge of the tissue, place the gold leaf on the size, rubbing gently with a finger,<span>\\u00a0<\\\/span><\\\/span>cotton wool or cloth. After that, the tissue paper can be removed like a transfer picture.<br \\\/>Gold Leaf Transfer\\\/Patent is usable for the techniques of Oil Gilding and Glass Gilding. It can be used with different gold sizes and adhesives, like Mixtion (oil based), Synthetic Water Gold Size (water based) and K\\u00f6lner Gilding Products.<\\\/p>\\n\\n\n\n<p>Gold Leaf is available by default of 25 leaves and 80 x 80 mm in format. Other quantities and sizes are possible in addition:<br \\\/>50 x 50 mm \\\/ 65 x 65 mm \\\/ 85 x 85 mm (3 3\\\/8\\u2033 x 3 3\\\/8\\u2033) \\\/ 90 x 90 mm \\\/ 93 x 93 mm \\\/ 95 x 95 mm \\\/ 100 x 100 mm<\\\/p>\\n\\n\n\n<p>SILVER LEAF \\u2013 Genuine silver is pure beaten silver (999,9 Fineness). We offer genuine Silver Leaf in type Loose, Transfer\\\/Patent and Extra Thin. Echtes Blattsilber ist reines geschlagenes Silber (999,9 Feinheit). Silver leaf will tarnish quickly and need to coat with protective lacquer against oxidation. It is solely usable in the interior area.<\\\/p>\\n\\n\n\n<p>Silver Leaf is available by default of 25 leaves and 95 x 95 mm in format. Other quantities and sizes on request.<\\\/p>\\n\",\"margin\":\"default\",\"text_align\":\"justify\"}}]}]}],\"name\":\"Blattgold\"},{\"type\":\"section\",\"props\":{\"image_position\":\"center-center\",\"style\":\"primary\",\"title_breakpoint\":\"xl\",\"title_position\":\"top-left\",\"title_rotation\":\"left\",\"vertical_align\":\"middle\",\"width\":\"default\"},\"children\":[{\"type\":\"row\",\"children\":[{\"type\":\"column\",\"props\":{\"image_position\":\"center-center\",\"position_sticky_breakpoint\":\"m\"},\"children\":[{\"type\":\"headline\",\"props\":{\"content\":\"BLATTGOLD FARBEN\",\"content_en_us\":\"GOLD LEAF SHADES\\n\",\"text_align\":\"center\",\"title_element\":\"h3\"}},{\"type\":\"button\",\"props\":{\"grid_column_gap\":\"small\",\"grid_row_gap\":\"small\",\"margin\":\"default\",\"text_align\":\"center\"},\"children\":[{\"type\":\"button_item\",\"props\":{\"button_style\":\"default\",\"content\":\"Ansehen\",\"content_en_us\":\"Read more\",\"dialog_layout\":\"modal\",\"dialog_offcanvas_flip\":true,\"icon_align\":\"left\",\"link\":\"blattgold-farben\\\/\",\"link_en_us\":\"en\\\/blattgold-farben\\\/\"}}]}]}]}]},{\"type\":\"section\",\"props\":{\"image_position\":\"center-center\",\"padding\":\"large\",\"style\":\"default\",\"title_breakpoint\":\"xl\",\"title_position\":\"top-left\",\"title_rotation\":\"left\",\"vertical_align\":\"middle\",\"width\":\"default\"},\"children\":[{\"type\":\"row\",\"children\":[{\"type\":\"column\",\"props\":{\"image_position\":\"center-center\",\"position_sticky_breakpoint\":\"m\"},\"children\":[{\"type\":\"headline\",\"props\":{\"content\":\"ROLLENGOLD & ROLLENSILBER\",\"content_en_us\":\"GOLD & SILVER ON ROLLS\\n\",\"margin\":\"medium\",\"text_align\":\"center\",\"title_element\":\"h3\"}},{\"type\":\"text\",\"props\":{\"column_breakpoint\":\"m\",\"content\":\"\n\n<p>Echtes Rollengold ist speziell zum punktgenauen Vergolden von Linien, aber auch sehr gut zur Fl\\u00e4chenvergoldung geeignet. Die Rolle selbst ist ca. 21 m lang und wahlweise in den Breiten 3 \\u2013 110 mm lieferbar. Das rollenf\\u00f6rmige Transfergold wird \\u00fcber eine \\u00dcbertragungsrolle abgerollt.<br \\\/>Verwendung in der \\u00d6lvergoldung und Hinterglasvergoldung. Es kann mit Mixtion, Schnellmixtion und den K\\u00f6lner-Vergolderprodukten verarbeitet werden.<\\\/p>\\n\n\n<p>Rollengold und Rollensilber wird standardm\\u00e4ssig in ca. 21 m L\\u00e4nge geliefert. Die Rollenbreite ist zwischen 3 mm bis 110 mm w\\u00e4hlbar. Rollengold ist in folgenden Karatzahlen lieferbar:<\\\/p>\\n\n\n<p>12 Karat \\\/ 18 Karat \\\/ 22 Karat \\\/ 22,5 Karat \\\/ 23 Karat \\\/ 23,5 Karat \\\/ 23,75 Karat \\\/ 24 Karat \\\/ Silber 999,9<\\\/p>\",\"content_en_us\":\"\n\n<p>Genuine Gold and Silver on Rolls is especially appropriate for gilding of lines, but also for large-surface gildings. Genuine Gold is pressed onto a continuous length of waxed paper. The roll or ribbon length is approx. 21 m and can be optional trimmed to any size required (width available from 3 mm up to 110 mm).<br \\\/>Gold and Silver on Rolls is usable for the techniques of Oil Gilding and Glass Gilding. It can be used with different gold sizes and adhesives, like Mixtion (oil based), Synthetic Water Gold Size (water based) and K\\u00f6lner Gilding Products.<\\\/p>\\n\\n\n\n<p>Rolls are available in 21 m length and from 3 mm up to 110 mm width. Available carat as follows:<\\\/p>\\n\\n\n\n<p>12 carat \\\/ 18 carat \\\/ 22 carat \\\/ 22,5 carat \\\/ 23 carat \\\/ 23,5 carat \\\/ 23,75 carat \\\/ 24 carat \\\/ Silver 999,9<\\\/p>\\n\",\"margin\":\"default\",\"text_align\":\"justify\"}},{\"type\":\"overlay\",\"props\":{\"height_expand\":true,\"image\":\"wp-content\\\/uploads\\\/2016\\\/11\\\/handwerk-2-image.jpg\",\"link\":\"herstellung\\\/\",\"link_en_us\":\"en\\\/herstellung\\\/\",\"link_margin\":\"small\",\"link_style\":\"secondary\",\"link_text\":\"Weiterlesen\",\"link_text_en_us\":\"Read more\",\"margin\":\"default\",\"meta\":\"FABRIKATION GOLDSCHL\\u00c4GEREI\",\"meta_align\":\"below-title\",\"meta_color\":\"emphasis\",\"meta_element\":\"div\",\"meta_en_us\":\"SEE HOW IT'S MADE\",\"meta_margin\":\"small\",\"meta_style\":\"text-meta\",\"overlay_hover\":false,\"overlay_maxwidth\":\"2xlarge\",\"overlay_mode\":\"caption\",\"overlay_position\":\"center\",\"overlay_style\":\"\",\"overlay_transition\":\"fade\",\"text_align\":\"center\",\"text_color\":\"light\",\"title\":\"BLATTGOLD\",\"title_element\":\"h3\",\"title_en_us\":\"GOLD LEAF\",\"title_hover_style\":\"reset\",\"title_margin\":\"small\"},\"name\":\"Overlay - 1\"}]}]}]}],\"version\":\"4.5.31\"} --><\/p>\n","protected":false},"excerpt":{"rendered":"<p>Blattgold BLATTGOLD &#038; BLATTSILBER Wir fertigen f\u00fcr Sie mehr als 25 Sorten Blattgold f\u00fcr jeden Anwendungsbereich. Blattgold und Blattsilber in Ausf\u00fchrung Lose und Transfer, Echtes Rollengold und Rollensilber, Gold- und Silber-Schabin, Pudergold, Pudersilber finden Sie ebenso in unserem Angebot, wie ein breites Spektrum an unedlen Blattmetallen und Bronzen. BLATTGOLD LOSE \u2013 Das Goldblatt liegt lose [&hellip;]<\/p>\n","protected":false},"author":5,"featured_media":0,"parent":0,"menu_order":0,"comment_status":"closed","ping_status":"closed","template":"","meta":{"footnotes":""},"class_list":["post-7903","page","type-page","status-publish","hentry"],"yoast_head":"<title>Gold leaf - Gerstend\u00f6rfer - Everything for gilding directly from the manufacturer<\/title>\n<meta name=\"description\" content=\"Gerstend\u00f6rfer produces more than 25 types of gold leaf for every application. Gold leaf, silver leaf, and palladium are available in loose and transfer forms.\" \/>\n<meta name=\"robots\" content=\"index, follow, max-snippet:-1, max-image-preview:large, max-video-preview:-1\" \/>\n<meta property=\"og:locale\" content=\"en_US\" \/>\n<meta property=\"og:type\" content=\"article\" \/>\n<meta property=\"og:title\" content=\"Gold leaf - Gerstend\u00f6rfer - Everything for gilding directly from the manufacturer\" \/>\n<meta property=\"og:description\" content=\"Gerstend\u00f6rfer produces more than 25 types of gold leaf for every application. Gold leaf, silver leaf, and palladium are available in loose and transfer forms.\" \/>\n<meta property=\"og:url\" content=\"https:\/\/gerstendorfer.eu\/en\/gold-leaf\/\" \/>\n<meta property=\"og:site_name\" content=\"Gerstend\u00f6rfer\" \/>\n<meta property=\"article:modified_time\" content=\"2025-11-01T04:29:10+00:00\" \/>\n<meta name=\"twitter:card\" content=\"summary_large_image\" \/>\n<meta name=\"twitter:label1\" content=\"Est. reading time\" \/>\n\t<meta name=\"twitter:data1\" content=\"2 minutes\" \/>\n<script type=\"application\/ld+json\" class=\"yoast-schema-graph\">{\"@context\":\"https:\\\/\\\/schema.org\",\"@graph\":[{\"@type\":\"WebPage\",\"@id\":\"https:\\\/\\\/gerstendorfer.eu\\\/en\\\/gold-leaf\\\/\",\"url\":\"https:\\\/\\\/gerstendorfer.eu\\\/en\\\/gold-leaf\\\/\",\"name\":\"Blattgold - Gerstend\u00f6rfer - Alles f\u00fcr die Vergoldung direkt vom Hersteller\",\"isPartOf\":{\"@id\":\"https:\\\/\\\/gerstendorfer.eu\\\/#website\"},\"datePublished\":\"2016-11-15T13:02:16+00:00\",\"dateModified\":\"2025-11-01T04:29:10+00:00\",\"description\":\"Gerstend\u00f6rfer produziert mehr als 25 Sorten Blattgold f\u00fcr jeden Anwendungsbereich. Blattgold, Blattsilber und Palladium in Ausf\u00fchrung Lose und Transfer.\",\"breadcrumb\":{\"@id\":\"https:\\\/\\\/gerstendorfer.eu\\\/en\\\/gold-leaf\\\/#breadcrumb\"},\"inLanguage\":\"en-US\",\"potentialAction\":[{\"@type\":\"ReadAction\",\"target\":[\"https:\\\/\\\/gerstendorfer.eu\\\/en\\\/gold-leaf\\\/\"]}]},{\"@type\":\"BreadcrumbList\",\"@id\":\"https:\\\/\\\/gerstendorfer.eu\\\/en\\\/gold-leaf\\\/#breadcrumb\",\"itemListElement\":[{\"@type\":\"ListItem\",\"position\":1,\"name\":\"Gerstend\u00f6rfer\",\"item\":\"https:\\\/\\\/gerstendorfer.eu\\\/\"},{\"@type\":\"ListItem\",\"position\":2,\"name\":\"Golf Leaf\"}]},{\"@type\":\"WebSite\",\"@id\":\"https:\\\/\\\/gerstendorfer.eu\\\/en\\\/#website\",\"url\":\"https:\\\/\\\/gerstendorfer.eu\\\/en\\\/\",\"name\":\"Gerstend\u00f6rfer\",\"description\":\"Blattgoldfabrik\",\"publisher\":{\"@id\":\"https:\\\/\\\/gerstendorfer.eu\\\/en\\\/#organization\"},\"potentialAction\":[{\"@type\":\"SearchAction\",\"target\":{\"@type\":\"EntryPoint\",\"urlTemplate\":\"https:\\\/\\\/gerstendorfer.eu\\\/en\\\/?s={search_term_string}\"},\"query-input\":{\"@type\":\"PropertyValueSpecification\",\"valueRequired\":true,\"valueName\":\"search_term_string\"}}],\"inLanguage\":\"en-US\"},{\"@type\":\"Organization\",\"@id\":\"https:\\\/\\\/gerstendorfer.eu\\\/en\\\/#organization\",\"name\":\"Gerstend\u00f6rfer GmbH\",\"url\":\"https:\\\/\\\/gerstendorfer.eu\\\/en\\\/\",\"logo\":{\"@type\":\"ImageObject\",\"inLanguage\":\"en-US\",\"@id\":\"https:\\\/\\\/gerstendorfer.eu\\\/en\\\/#\\\/schema\\\/logo\\\/image\\\/\",\"url\":\"https:\\\/\\\/gerstendorfer.eu\\\/wp-content\\\/uploads\\\/2016\\\/08\\\/Gerstendorfer.png\",\"contentUrl\":\"https:\\\/\\\/gerstendorfer.eu\\\/wp-content\\\/uploads\\\/2016\\\/08\\\/Gerstendorfer.png\",\"width\":180,\"height\":144,\"caption\":\"Gerstend\u00f6rfer GmbH\"},\"image\":{\"@id\":\"https:\\\/\\\/gerstendorfer.eu\\\/en\\\/#\\\/schema\\\/logo\\\/image\\\/\"}}]}<\/script>","yoast_head_json":{"title":"Gold leaf - Gerstend\u00f6rfer - Everything for gilding directly from the manufacturer","description":"Gerstend\u00f6rfer produces more than 25 types of gold leaf for every application. Gold leaf, silver leaf, and palladium are available in loose and transfer forms.","robots":{"index":"index","follow":"follow","max-snippet":"max-snippet:-1","max-image-preview":"max-image-preview:large","max-video-preview":"max-video-preview:-1"},"og_locale":"en_US","og_type":"article","og_title":"Gold leaf - Gerstend\u00f6rfer - Everything for gilding directly from the manufacturer","og_description":"Gerstend\u00f6rfer produces more than 25 types of gold leaf for every application. Gold leaf, silver leaf, and palladium are available in loose and transfer forms.","og_url":"https:\/\/gerstendorfer.eu\/en\/gold-leaf\/","og_site_name":"Gerstend\u00f6rfer","article_modified_time":"2025-11-01T04:29:10+00:00","twitter_card":"summary_large_image","twitter_misc":{"Est. reading time":"2 minutes"},"schema":{"@context":"https:\/\/schema.org","@graph":[{"@type":"WebPage","@id":"https:\/\/gerstendorfer.eu\/en\/gold-leaf\/","url":"https:\/\/gerstendorfer.eu\/en\/gold-leaf\/","name":"Blattgold - Gerstend\u00f6rfer - Alles f\u00fcr die Vergoldung direkt vom Hersteller","isPartOf":{"@id":"https:\/\/gerstendorfer.eu\/#website"},"datePublished":"2016-11-15T13:02:16+00:00","dateModified":"2025-11-01T04:29:10+00:00","description":"Gerstend\u00f6rfer produziert mehr als 25 Sorten Blattgold f\u00fcr jeden Anwendungsbereich. Blattgold, Blattsilber und Palladium in Ausf\u00fchrung Lose und Transfer.","breadcrumb":{"@id":"https:\/\/gerstendorfer.eu\/en\/gold-leaf\/#breadcrumb"},"inLanguage":"en-US","potentialAction":[{"@type":"ReadAction","target":["https:\/\/gerstendorfer.eu\/en\/gold-leaf\/"]}]},{"@type":"BreadcrumbList","@id":"https:\/\/gerstendorfer.eu\/en\/gold-leaf\/#breadcrumb","itemListElement":[{"@type":"ListItem","position":1,"name":"Gerstend\u00f6rfer","item":"https:\/\/gerstendorfer.eu\/"},{"@type":"ListItem","position":2,"name":"Golf Leaf"}]},{"@type":"WebSite","@id":"https:\/\/gerstendorfer.eu\/en\/#website","url":"https:\/\/gerstendorfer.eu\/en\/","name":"Gerstend\u00f6rfer","description":"Blattgoldfabrik","publisher":{"@id":"https:\/\/gerstendorfer.eu\/en\/#organization"},"potentialAction":[{"@type":"SearchAction","target":{"@type":"EntryPoint","urlTemplate":"https:\/\/gerstendorfer.eu\/en\/?s={search_term_string}"},"query-input":{"@type":"PropertyValueSpecification","valueRequired":true,"valueName":"search_term_string"}}],"inLanguage":"en-US"},{"@type":"Organization","@id":"https:\/\/gerstendorfer.eu\/en\/#organization","name":"Gerstend\u00f6rfer GmbH","url":"https:\/\/gerstendorfer.eu\/en\/","logo":{"@type":"ImageObject","inLanguage":"en-US","@id":"https:\/\/gerstendorfer.eu\/en\/#\/schema\/logo\/image\/","url":"https:\/\/gerstendorfer.eu\/wp-content\/uploads\/2016\/08\/Gerstendorfer.png","contentUrl":"https:\/\/gerstendorfer.eu\/wp-content\/uploads\/2016\/08\/Gerstendorfer.png","width":180,"height":144,"caption":"Gerstend\u00f6rfer GmbH"},"image":{"@id":"https:\/\/gerstendorfer.eu\/en\/#\/schema\/logo\/image\/"}}]}},"_links":{"self":[{"href":"https:\/\/gerstendorfer.eu\/en\/wp-json\/wp\/v2\/pages\/7903","targetHints":{"allow":["GET"]}}],"collection":[{"href":"https:\/\/gerstendorfer.eu\/en\/wp-json\/wp\/v2\/pages"}],"about":[{"href":"https:\/\/gerstendorfer.eu\/en\/wp-json\/wp\/v2\/types\/page"}],"author":[{"embeddable":true,"href":"https:\/\/gerstendorfer.eu\/en\/wp-json\/wp\/v2\/users\/5"}],"replies":[{"embeddable":true,"href":"https:\/\/gerstendorfer.eu\/en\/wp-json\/wp\/v2\/comments?post=7903"}],"version-history":[{"count":10,"href":"https:\/\/gerstendorfer.eu\/en\/wp-json\/wp\/v2\/pages\/7903\/revisions"}],"predecessor-version":[{"id":8725,"href":"https:\/\/gerstendorfer.eu\/en\/wp-json\/wp\/v2\/pages\/7903\/revisions\/8725"}],"wp:attachment":[{"href":"https:\/\/gerstendorfer.eu\/en\/wp-json\/wp\/v2\/media?parent=7903"}],"curies":[{"name":"wp","href":"https:\/\/api.w.org\/{rel}","templated":true}]}}