{"id":7895,"date":"2016-11-15T13:08:19","date_gmt":"2016-11-15T12:08:19","guid":{"rendered":"http:\/\/gerstendorfer.eu\/?page_id=7895"},"modified":"2026-01-26T14:16:27","modified_gmt":"2026-01-26T13:16:27","slug":"gold-deco-2","status":"publish","type":"page","link":"https:\/\/gerstendorfer.eu\/en\/gold-deco-edible\/","title":{"rendered":"Gold Deco Edible"},"content":{"rendered":"<h1>GOLDMARIE\u00ae Essbares Blattgold<\/h1>\n<h3>ESSBARES BLATTGOLD<\/h3>\n<div>\n<p>Gold Deco echtes, feinstes, essbares Blattgold und Blattsilber zur Dekoration und Veredelung von Speisen und Getr\u00e4nke.<br \/>Raffinesse und Exklusivit\u00e4t garantiert essbares Blattgold und Blattsilber aus dem Hause Gerstend\u00f6rfer. Entdecken und genie\u00dfen Sie den aufregenden Effekt feinster Edelmetalle und machen Sie einen festlichen Anla\u00df zu etwas ganz Besonderem.<\/p>\n<p>Die Dekoration und Veredelung von Speisen und Getr\u00e4nken mit essbarem Blattgold ist wahrscheinlich so alt wie die Blattgoldherstellung selbst. Im alten \u00c4gypten wurden Speisen aus religi\u00f6sen und medizinischen Gr\u00fcnden mit Blattgold veredelt. Auch in China und Japan existiert eine jahrhundertelange Tradition der Kombination von Nahrungsmitteln und Gold.<br \/>Im Europa des 15. Jahrhunderts war es vorallem an adligen H\u00f6fen popul\u00e4r, Nahrungsmittel mit Blattgold zu verzieren.<\/p>\n<p>Die Serie GOLD DECO von Gerstend\u00f6rfer ist in traditionellen Formaten, sowie in verschiedenen Formen (Flocken, Puder, Schabin und Goldf\u00e4den) erh\u00e4ltlich. Blattgold (Lebensmittelfarbstoff E175) und Blattsilber (Lebensmittelfarbstoff E174) sind als Lebensmittelzusatzstoff zum Verzehr geeignet und unbedenklich.<br \/>Gold Deco Blattgold und Blattsilber aus eigener Herstellung in gepr\u00fcfter Lebensmittelqualit\u00e4t.<\/p>\n<\/div>\n<p><img decoding=\"async\" src=\"\/wp-content\/uploads\/2016\/11\/golddeco-2-image.jpg\" alt=\"\"><\/p>\n<p><!--more--><br \/>\n<!-- {\"type\":\"layout\",\"children\":[{\"type\":\"section\",\"props\":{\"header_transparent\":false,\"header_transparent_noplaceholder\":false,\"header_transparent_text_color\":\"light\",\"height\":\"viewport\",\"height_viewport\":35,\"image\":\"https:\\\/\\\/gerstendorfer.eu\\\/wp-content\\\/uploads\\\/2026\\\/01\\\/Banner-Goldmarie-Erdbeere.png\",\"image_position\":\"top-center\",\"image_size\":\"cover\",\"media_focal_point\":\"top-right\",\"overlap\":false,\"padding\":\"none\",\"style\":\"default\",\"text_color\":\"light\",\"title_breakpoint\":\"xl\",\"title_position\":\"top-left\",\"title_rotation\":\"left\",\"vertical_align\":\"middle\",\"width\":\"default\"},\"children\":[{\"type\":\"row\",\"children\":[{\"type\":\"column\",\"props\":{\"image_position\":\"center-center\",\"position_sticky_breakpoint\":\"m\",\"width_medium\":\"1-1\"},\"children\":[{\"type\":\"headline\",\"props\":{\"content\":\"GOLDMARIE\\u00ae Essbares Blattgold\",\"content_en_us\":\"GOLDMARIE\\u00ae edible gold leaf\",\"text_align\":\"center\",\"title_element\":\"h1\",\"title_style\":\"h1\"}}]}]}],\"name\":\"Hero\"},{\"type\":\"section\",\"props\":{\"image_position\":\"center-center\",\"padding\":\"large\",\"style\":\"default\",\"title_breakpoint\":\"xl\",\"title_position\":\"top-left\",\"title_rotation\":\"left\",\"vertical_align\":\"\",\"width\":\"default\"},\"children\":[{\"type\":\"row\",\"children\":[{\"type\":\"column\",\"props\":{\"image_position\":\"center-center\",\"position_sticky_breakpoint\":\"m\"},\"children\":[{\"type\":\"headline\",\"props\":{\"content\":\"ESSBARES BLATTGOLD\",\"content_en_us\":\"GOLD DECO EDIBLE\\n\",\"title_element\":\"h3\"}},{\"type\":\"text\",\"props\":{\"column_breakpoint\":\"m\",\"content\":\"\n\n<p>Gold Deco echtes, feinstes, essbares Blattgold und Blattsilber zur Dekoration und Veredelung von Speisen und Getr\\u00e4nke.<br \\\/>Raffinesse und Exklusivit\\u00e4t garantiert essbares Blattgold und Blattsilber aus dem Hause Gerstend\\u00f6rfer. Entdecken und genie\\u00dfen Sie den aufregenden Effekt feinster Edelmetalle und machen Sie einen festlichen Anla\\u00df zu etwas ganz Besonderem.<\\\/p>\\n\n\n<p>Die Dekoration und Veredelung von Speisen und Getr\\u00e4nken mit essbarem Blattgold ist wahrscheinlich so alt wie die Blattgoldherstellung selbst. Im alten \\u00c4gypten wurden Speisen aus religi\\u00f6sen und medizinischen Gr\\u00fcnden mit Blattgold veredelt. Auch in China und Japan existiert eine jahrhundertelange Tradition der Kombination von Nahrungsmitteln und Gold.<br \\\/>Im Europa des 15. Jahrhunderts war es vorallem an adligen H\\u00f6fen popul\\u00e4r, Nahrungsmittel mit Blattgold zu verzieren.<\\\/p>\\n\n\n<p>Die Serie GOLD DECO von Gerstend\\u00f6rfer ist in traditionellen Formaten, sowie in verschiedenen Formen (Flocken, Puder, Schabin und Goldf\\u00e4den) erh\\u00e4ltlich. Blattgold (Lebensmittelfarbstoff E175) und Blattsilber (Lebensmittelfarbstoff E174) sind als Lebensmittelzusatzstoff zum Verzehr geeignet und unbedenklich.<br \\\/>Gold Deco Blattgold und Blattsilber aus eigener Herstellung in gepr\\u00fcfter Lebensmittelqualit\\u00e4t.<\\\/p>\",\"content_en_us\":\"\n\n<p>Gold Deco \\u2013 Finest genuine edible Gold and Silver Leaf for decorating and refining food and beverage.<br \\\/>Edible Gold and Silver Leaf by Gerstend\\u00f6rfer guarantees raffinesse and exlusivity. Discover and enjoy the exciting effect of the finest precious metals and make your next event to something special.<\\\/p>\\n\\n\n\n<p>The decoration and refinement of food and beverage with edible gold is probably as old as the production of gold leaf itself. The ancient Egyptians already knew the using of edible gold as an ingredient for religious and medical purposes. Gold as food additive has also a centuries-long tradition in China and Japan.<br \\\/>The history of edible gold in Europe dates back into the fifteenth century, where it was mainly used by aristocratic classes.<\\\/p>\\n\\n\n\n<p>The entire selection of GOLD DECO made by Gerstend\\u00f6rfer is available in traditional formats, as well as in various innovative forms (flakes, powders, shabin and gold filaments). Gold Leaf (Food colorant E175) and Silver Leaf (Food colorant E174) are suitable and uncritical for consumption.<br \\\/>The product line GOLD DECO executes and meets strict quality, safety and health control standards.\\u00a0 Gold Deco products made by Gerstend\\u00f6rfer are certified by LGA (T\\u00dcV Rheinland) for the intended use for food and beverage.<\\\/p>\",\"margin\":\"default\",\"text_align\":\"justify\"}},{\"type\":\"image\",\"props\":{\"image\":\"wp-content\\\/uploads\\\/2016\\\/11\\\/golddeco-2-image.jpg\",\"image_svg_color\":\"emphasis\",\"margin\":\"default\"}}]}]}],\"name\":\"Blattgoldfabrik\"}],\"version\":\"4.5.32\"} --><\/p>\n","protected":false},"excerpt":{"rendered":"<p>GOLDMARIE\u00ae Essbares Blattgold ESSBARES BLATTGOLD Gold Deco echtes, feinstes, essbares Blattgold und Blattsilber zur Dekoration und Veredelung von Speisen und Getr\u00e4nke.Raffinesse und Exklusivit\u00e4t garantiert essbares Blattgold und Blattsilber aus dem Hause Gerstend\u00f6rfer. Entdecken und genie\u00dfen Sie den aufregenden Effekt feinster Edelmetalle und machen Sie einen festlichen Anla\u00df zu etwas ganz Besonderem. Die Dekoration und Veredelung [&hellip;]<\/p>\n","protected":false},"author":5,"featured_media":0,"parent":0,"menu_order":0,"comment_status":"closed","ping_status":"closed","template":"","meta":{"footnotes":""},"class_list":["post-7895","page","type-page","status-publish","hentry"],"yoast_head":"<title>Gold Deco - Gerstend\u00f6rfer - Edible gold and silver leaf<\/title>\n<meta name=\"description\" content=\"Gold Deco offers genuine edible gold and silver leaf for decorating food and drinks. Experience the stunning effect of food-safe gold.\" \/>\n<meta name=\"robots\" content=\"index, follow, max-snippet:-1, max-image-preview:large, max-video-preview:-1\" \/>\n<meta property=\"og:locale\" content=\"en_US\" \/>\n<meta property=\"og:type\" content=\"article\" \/>\n<meta property=\"og:title\" content=\"Gold Deco - Gerstend\u00f6rfer - Edible gold and silver leaf\" \/>\n<meta property=\"og:description\" content=\"Gold Deco offers genuine edible gold and silver leaf for decorating food and drinks. Experience the stunning effect of food-safe gold.\" \/>\n<meta property=\"og:url\" content=\"https:\/\/gerstendorfer.eu\/en\/gold-deco-edible\/\" \/>\n<meta property=\"og:site_name\" content=\"Gerstend\u00f6rfer\" \/>\n<meta property=\"article:modified_time\" content=\"2026-01-26T13:16:27+00:00\" \/>\n<meta name=\"twitter:card\" content=\"summary_large_image\" \/>\n<meta name=\"twitter:label1\" content=\"Est. reading time\" \/>\n\t<meta name=\"twitter:data1\" content=\"1 minute\" \/>\n<script type=\"application\/ld+json\" class=\"yoast-schema-graph\">{\"@context\":\"https:\\\/\\\/schema.org\",\"@graph\":[{\"@type\":\"WebPage\",\"@id\":\"https:\\\/\\\/gerstendorfer.eu\\\/en\\\/gold-deco-edible\\\/\",\"url\":\"https:\\\/\\\/gerstendorfer.eu\\\/en\\\/gold-deco-edible\\\/\",\"name\":\"Gold Deco - Gerstend\u00f6rfer - Essbares Blattgold und Blattsilber\",\"isPartOf\":{\"@id\":\"https:\\\/\\\/gerstendorfer.eu\\\/#website\"},\"datePublished\":\"2016-11-15T12:08:19+00:00\",\"dateModified\":\"2026-01-26T13:16:27+00:00\",\"description\":\"Gold Deco echtes essbares Blattgold und Blattsilber zur Dekoration von Speisen und Getr\u00e4nken. Erleben Sie den aufregenden Effekt von lebensmittelechte Gold.\",\"breadcrumb\":{\"@id\":\"https:\\\/\\\/gerstendorfer.eu\\\/en\\\/gold-deco-edible\\\/#breadcrumb\"},\"inLanguage\":\"en-US\",\"potentialAction\":[{\"@type\":\"ReadAction\",\"target\":[\"https:\\\/\\\/gerstendorfer.eu\\\/en\\\/gold-deco-edible\\\/\"]}]},{\"@type\":\"BreadcrumbList\",\"@id\":\"https:\\\/\\\/gerstendorfer.eu\\\/en\\\/gold-deco-edible\\\/#breadcrumb\",\"itemListElement\":[{\"@type\":\"ListItem\",\"position\":1,\"name\":\"Gerstend\u00f6rfer\",\"item\":\"https:\\\/\\\/gerstendorfer.eu\\\/\"},{\"@type\":\"ListItem\",\"position\":2,\"name\":\"Gold Deco Edible\"}]},{\"@type\":\"WebSite\",\"@id\":\"https:\\\/\\\/gerstendorfer.eu\\\/en\\\/#website\",\"url\":\"https:\\\/\\\/gerstendorfer.eu\\\/en\\\/\",\"name\":\"Gerstend\u00f6rfer\",\"description\":\"Blattgoldfabrik\",\"publisher\":{\"@id\":\"https:\\\/\\\/gerstendorfer.eu\\\/en\\\/#organization\"},\"potentialAction\":[{\"@type\":\"SearchAction\",\"target\":{\"@type\":\"EntryPoint\",\"urlTemplate\":\"https:\\\/\\\/gerstendorfer.eu\\\/en\\\/?s={search_term_string}\"},\"query-input\":{\"@type\":\"PropertyValueSpecification\",\"valueRequired\":true,\"valueName\":\"search_term_string\"}}],\"inLanguage\":\"en-US\"},{\"@type\":\"Organization\",\"@id\":\"https:\\\/\\\/gerstendorfer.eu\\\/en\\\/#organization\",\"name\":\"Gerstend\u00f6rfer GmbH\",\"url\":\"https:\\\/\\\/gerstendorfer.eu\\\/en\\\/\",\"logo\":{\"@type\":\"ImageObject\",\"inLanguage\":\"en-US\",\"@id\":\"https:\\\/\\\/gerstendorfer.eu\\\/en\\\/#\\\/schema\\\/logo\\\/image\\\/\",\"url\":\"https:\\\/\\\/gerstendorfer.eu\\\/wp-content\\\/uploads\\\/2016\\\/08\\\/Gerstendorfer.png\",\"contentUrl\":\"https:\\\/\\\/gerstendorfer.eu\\\/wp-content\\\/uploads\\\/2016\\\/08\\\/Gerstendorfer.png\",\"width\":180,\"height\":144,\"caption\":\"Gerstend\u00f6rfer GmbH\"},\"image\":{\"@id\":\"https:\\\/\\\/gerstendorfer.eu\\\/en\\\/#\\\/schema\\\/logo\\\/image\\\/\"}}]}<\/script>","yoast_head_json":{"title":"Gold Deco - Gerstend\u00f6rfer - Edible gold and silver leaf","description":"Gold Deco offers genuine edible gold and silver leaf for decorating food and drinks. Experience the stunning effect of food-safe gold.","robots":{"index":"index","follow":"follow","max-snippet":"max-snippet:-1","max-image-preview":"max-image-preview:large","max-video-preview":"max-video-preview:-1"},"og_locale":"en_US","og_type":"article","og_title":"Gold Deco - Gerstend\u00f6rfer - Edible gold and silver leaf","og_description":"Gold Deco offers genuine edible gold and silver leaf for decorating food and drinks. Experience the stunning effect of food-safe gold.","og_url":"https:\/\/gerstendorfer.eu\/en\/gold-deco-edible\/","og_site_name":"Gerstend\u00f6rfer","article_modified_time":"2026-01-26T13:16:27+00:00","twitter_card":"summary_large_image","twitter_misc":{"Est. reading time":"1 minute"},"schema":{"@context":"https:\/\/schema.org","@graph":[{"@type":"WebPage","@id":"https:\/\/gerstendorfer.eu\/en\/gold-deco-edible\/","url":"https:\/\/gerstendorfer.eu\/en\/gold-deco-edible\/","name":"Gold Deco - Gerstend\u00f6rfer - Essbares Blattgold und Blattsilber","isPartOf":{"@id":"https:\/\/gerstendorfer.eu\/#website"},"datePublished":"2016-11-15T12:08:19+00:00","dateModified":"2026-01-26T13:16:27+00:00","description":"Gold Deco echtes essbares Blattgold und Blattsilber zur Dekoration von Speisen und Getr\u00e4nken. Erleben Sie den aufregenden Effekt von lebensmittelechte Gold.","breadcrumb":{"@id":"https:\/\/gerstendorfer.eu\/en\/gold-deco-edible\/#breadcrumb"},"inLanguage":"en-US","potentialAction":[{"@type":"ReadAction","target":["https:\/\/gerstendorfer.eu\/en\/gold-deco-edible\/"]}]},{"@type":"BreadcrumbList","@id":"https:\/\/gerstendorfer.eu\/en\/gold-deco-edible\/#breadcrumb","itemListElement":[{"@type":"ListItem","position":1,"name":"Gerstend\u00f6rfer","item":"https:\/\/gerstendorfer.eu\/"},{"@type":"ListItem","position":2,"name":"Gold Deco Edible"}]},{"@type":"WebSite","@id":"https:\/\/gerstendorfer.eu\/en\/#website","url":"https:\/\/gerstendorfer.eu\/en\/","name":"Gerstend\u00f6rfer","description":"Blattgoldfabrik","publisher":{"@id":"https:\/\/gerstendorfer.eu\/en\/#organization"},"potentialAction":[{"@type":"SearchAction","target":{"@type":"EntryPoint","urlTemplate":"https:\/\/gerstendorfer.eu\/en\/?s={search_term_string}"},"query-input":{"@type":"PropertyValueSpecification","valueRequired":true,"valueName":"search_term_string"}}],"inLanguage":"en-US"},{"@type":"Organization","@id":"https:\/\/gerstendorfer.eu\/en\/#organization","name":"Gerstend\u00f6rfer GmbH","url":"https:\/\/gerstendorfer.eu\/en\/","logo":{"@type":"ImageObject","inLanguage":"en-US","@id":"https:\/\/gerstendorfer.eu\/en\/#\/schema\/logo\/image\/","url":"https:\/\/gerstendorfer.eu\/wp-content\/uploads\/2016\/08\/Gerstendorfer.png","contentUrl":"https:\/\/gerstendorfer.eu\/wp-content\/uploads\/2016\/08\/Gerstendorfer.png","width":180,"height":144,"caption":"Gerstend\u00f6rfer GmbH"},"image":{"@id":"https:\/\/gerstendorfer.eu\/en\/#\/schema\/logo\/image\/"}}]}},"_links":{"self":[{"href":"https:\/\/gerstendorfer.eu\/en\/wp-json\/wp\/v2\/pages\/7895","targetHints":{"allow":["GET"]}}],"collection":[{"href":"https:\/\/gerstendorfer.eu\/en\/wp-json\/wp\/v2\/pages"}],"about":[{"href":"https:\/\/gerstendorfer.eu\/en\/wp-json\/wp\/v2\/types\/page"}],"author":[{"embeddable":true,"href":"https:\/\/gerstendorfer.eu\/en\/wp-json\/wp\/v2\/users\/5"}],"replies":[{"embeddable":true,"href":"https:\/\/gerstendorfer.eu\/en\/wp-json\/wp\/v2\/comments?post=7895"}],"version-history":[{"count":10,"href":"https:\/\/gerstendorfer.eu\/en\/wp-json\/wp\/v2\/pages\/7895\/revisions"}],"predecessor-version":[{"id":8754,"href":"https:\/\/gerstendorfer.eu\/en\/wp-json\/wp\/v2\/pages\/7895\/revisions\/8754"}],"wp:attachment":[{"href":"https:\/\/gerstendorfer.eu\/en\/wp-json\/wp\/v2\/media?parent=7895"}],"curies":[{"name":"wp","href":"https:\/\/api.w.org\/{rel}","templated":true}]}}