{"id":7887,"date":"2016-11-15T12:53:36","date_gmt":"2016-11-15T11:53:36","guid":{"rendered":"http:\/\/gerstendorfer.eu\/?page_id=7887"},"modified":"2025-11-01T05:29:11","modified_gmt":"2025-11-01T04:29:11","slug":"restaurierung","status":"publish","type":"page","link":"https:\/\/gerstendorfer.eu\/en\/restoration\/","title":{"rendered":"Restoration"},"content":{"rendered":"<h1>Restaurierung<br \/>\n<\/h1>\n<h3>RESTAURIERUNG<\/h3>\n<div>\n<p>In der Restaurierung wird eine Vielzahl von Artikeln f\u00fcr die unterschiedlichsten Anwendungsgebiete ben\u00f6tigt. Wir sind auch hier Ihr Partner und liefern Lackrohstoffe, Wachse, Harze, Schellack in Bl\u00e4tterform und fl\u00fcssige Schellacke, L\u00f6se- und Auffrischungsmittel, Grundiermittel, Dispersionen, Reinigungsmittel, Poliermittel, Trockenreinigungsschw\u00e4mme uvm.<br \/>Wir bieten ein ausgesuchtes Programm an Schneidwerkzeugen, Skalpellen, technische Papiere und Folien.<\/p>\n<p>Unser Portfolio enth\u00e4lt ebenso Pinsel f\u00fcr die Vergoldung, Pinsel zum Maserieren und Marmorieren, Aquarell- und \u00d6lmalpinsel etc.<\/p>\n<p>Gerstend\u00f6rfer bietet Ihnen ein ausgew\u00e4hltes und repr\u00e4sentatives Programm an Fachliteratur, darunter Standardwerke zu den Themen Vergolden, Restaurieren, Ikonenmalen, Farbenlehre und vieles mehr. Wir f\u00fchren die Fachliteratur f\u00fcr den Profi oder der es werden will.<\/p>\n<\/div>\n<div>\n<p>        <img decoding=\"async\" src=\"\/wp-content\/uploads\/2016\/11\/restaurierung-2-image.jpg\" alt=\"\"><\/p>\n<\/div>\n<p><!--more--><br \/>\n<!-- {\"type\":\"layout\",\"children\":[{\"type\":\"section\",\"props\":{\"header_transparent\":false,\"header_transparent_noplaceholder\":false,\"header_transparent_text_color\":\"light\",\"height\":\"viewport\",\"height_viewport\":35,\"image\":\"wp-content\\\/uploads\\\/2016\\\/11\\\/restaurierung-image-1.jpg\",\"image_position\":\"top-center\",\"image_size\":\"cover\",\"media_focal_point\":\"top-right\",\"overlap\":false,\"padding\":\"none\",\"style\":\"default\",\"text_color\":\"light\",\"title_breakpoint\":\"xl\",\"title_position\":\"top-left\",\"title_rotation\":\"left\",\"vertical_align\":\"middle\",\"width\":\"default\"},\"children\":[{\"type\":\"row\",\"children\":[{\"type\":\"column\",\"props\":{\"image_position\":\"center-center\",\"position_sticky_breakpoint\":\"m\",\"width_medium\":\"1-1\"},\"children\":[{\"type\":\"headline\",\"props\":{\"content\":\"Restaurierung\\n\",\"content_en_us\":\"Restoration\",\"text_align\":\"center\",\"title_element\":\"h1\",\"title_style\":\"h1\"}}]}]}],\"name\":\"Hero\"},{\"type\":\"section\",\"props\":{\"image_position\":\"center-center\",\"padding\":\"large\",\"style\":\"default\",\"title_breakpoint\":\"xl\",\"title_position\":\"top-left\",\"title_rotation\":\"left\",\"vertical_align\":\"\",\"width\":\"default\"},\"children\":[{\"type\":\"row\",\"children\":[{\"type\":\"column\",\"props\":{\"image_position\":\"center-center\",\"position_sticky_breakpoint\":\"m\"},\"children\":[{\"type\":\"headline\",\"props\":{\"content\":\"RESTAURIERUNG\",\"content_en_us\":\"RESTORATION\",\"title_element\":\"h3\"}},{\"type\":\"text\",\"props\":{\"column_breakpoint\":\"m\",\"content\":\"\n\n<p>In der Restaurierung wird eine Vielzahl von Artikeln f\\u00fcr die unterschiedlichsten Anwendungsgebiete ben\\u00f6tigt. Wir sind auch hier Ihr Partner und liefern Lackrohstoffe, Wachse, Harze, Schellack in Bl\\u00e4tterform und fl\\u00fcssige Schellacke, L\\u00f6se- und Auffrischungsmittel, Grundiermittel, Dispersionen, Reinigungsmittel, Poliermittel, Trockenreinigungsschw\\u00e4mme uvm.<br \\\/>Wir bieten ein ausgesuchtes Programm an Schneidwerkzeugen, Skalpellen, technische Papiere und Folien.<\\\/p>\\n\n\n<p>Unser Portfolio enth\\u00e4lt ebenso Pinsel f\\u00fcr die Vergoldung, Pinsel zum Maserieren und Marmorieren, Aquarell- und \\u00d6lmalpinsel etc.<\\\/p>\\n\n\n<p>Gerstend\\u00f6rfer bietet Ihnen ein ausgew\\u00e4hltes und repr\\u00e4sentatives Programm an Fachliteratur, darunter Standardwerke zu den Themen Vergolden, Restaurieren, Ikonenmalen, Farbenlehre und vieles mehr. Wir f\\u00fchren die Fachliteratur f\\u00fcr den Profi oder der es werden will.<\\\/p>\",\"content_en_us\":\"\n\n<p>The restoration requires a multiplicity of articles for a wide range of applications. We are your partner and supplying varnish, waxes, resins, shellac in leaves and liquid shellac, dissolving and refreshing agents, primers, dispersions, detergents, polishing agents, dry cleaning pads and much more.<br \\\/>We offer a selected range of cutting tools, scalpels, technical papers and foils.<\\\/p>\\n\\n\n\n<p>Uur portfolio contains various brush for gilding, brush for marbling and graining, watercolor and oil painting brush, etc.<\\\/p>\\n\\n\n\n<p>Gerstend\\u00f6rfer offers you a selected and representative assortmant of professional literature, including standard works for gilding, restoration, icons, theory of colours and much more. We provide the technical literature for the professional.<\\\/p>\",\"margin\":\"default\",\"text_align\":\"justify\"}},{\"type\":\"overlay\",\"props\":{\"height_expand\":true,\"image\":\"wp-content\\\/uploads\\\/2016\\\/11\\\/restaurierung-2-image.jpg\",\"link_style\":\"secondary\",\"link_text\":\"\",\"link_text_en_us\":\"Read more\",\"margin\":\"default\",\"meta\":\"\",\"meta_align\":\"below-title\",\"meta_color\":\"emphasis\",\"meta_element\":\"div\",\"meta_en_us\":\"Unique and innovative gilding products\",\"meta_style\":\"text-meta\",\"overlay_hover\":false,\"overlay_maxwidth\":\"medium\",\"overlay_mode\":\"caption\",\"overlay_position\":\"center-right\",\"overlay_style\":\"\",\"overlay_transition\":\"fade\",\"text_align\":\"center\",\"text_color\":\"dark\",\"title\":\"\",\"title_element\":\"h3\",\"title_en_us\":\"K\\u00d6LNER\",\"title_hover_style\":\"reset\"},\"name\":\"Overlay - 1\"}]}]}]}],\"version\":\"4.5.31\"} --><\/p>\n","protected":false},"excerpt":{"rendered":"<p>Restaurierung RESTAURIERUNG In der Restaurierung wird eine Vielzahl von Artikeln f\u00fcr die unterschiedlichsten Anwendungsgebiete ben\u00f6tigt. Wir sind auch hier Ihr Partner und liefern Lackrohstoffe, Wachse, Harze, Schellack in Bl\u00e4tterform und fl\u00fcssige Schellacke, L\u00f6se- und Auffrischungsmittel, Grundiermittel, Dispersionen, Reinigungsmittel, Poliermittel, Trockenreinigungsschw\u00e4mme uvm.Wir bieten ein ausgesuchtes Programm an Schneidwerkzeugen, Skalpellen, technische Papiere und Folien. Unser Portfolio enth\u00e4lt [&hellip;]<\/p>\n","protected":false},"author":5,"featured_media":0,"parent":0,"menu_order":0,"comment_status":"closed","ping_status":"closed","template":"","meta":{"footnotes":""},"class_list":["post-7887","page","type-page","status-publish","hentry"],"yoast_head":"<title>Restoration - Gerstend\u00f6rfer - Everything for gilders and restorers<\/title>\n<meta name=\"description\" content=\"We supply restoration products such as raw materials for paints, waxes, resins, shellac, primers, dispersions, dry cleaning sponges and much more.\" \/>\n<meta name=\"robots\" content=\"index, follow, max-snippet:-1, max-image-preview:large, max-video-preview:-1\" \/>\n<meta property=\"og:locale\" content=\"en_US\" \/>\n<meta property=\"og:type\" content=\"article\" \/>\n<meta property=\"og:title\" content=\"Restoration - Gerstend\u00f6rfer - Everything for gilders and restorers\" \/>\n<meta property=\"og:description\" content=\"We supply restoration products such as raw materials for paints, waxes, resins, shellac, primers, dispersions, dry cleaning sponges and much more.\" \/>\n<meta property=\"og:url\" content=\"https:\/\/gerstendorfer.eu\/en\/restoration\/\" \/>\n<meta property=\"og:site_name\" content=\"Gerstend\u00f6rfer\" \/>\n<meta property=\"article:modified_time\" content=\"2025-11-01T04:29:11+00:00\" \/>\n<meta name=\"twitter:card\" content=\"summary_large_image\" \/>\n<meta name=\"twitter:label1\" content=\"Est. reading time\" \/>\n\t<meta name=\"twitter:data1\" content=\"1 minute\" \/>\n<script type=\"application\/ld+json\" class=\"yoast-schema-graph\">{\"@context\":\"https:\\\/\\\/schema.org\",\"@graph\":[{\"@type\":\"WebPage\",\"@id\":\"https:\\\/\\\/gerstendorfer.eu\\\/en\\\/restoration\\\/\",\"url\":\"https:\\\/\\\/gerstendorfer.eu\\\/en\\\/restoration\\\/\",\"name\":\"Restaurierung - Gerstend\u00f6rfer - Alles f\u00fcr Vergolder und Restauratoren\",\"isPartOf\":{\"@id\":\"https:\\\/\\\/gerstendorfer.eu\\\/#website\"},\"datePublished\":\"2016-11-15T11:53:36+00:00\",\"dateModified\":\"2025-11-01T04:29:11+00:00\",\"description\":\"Wir liefern Artikel f\u00fcr die Restaurierung, wie Lackrohstoffe, Wachse, Harze, Schellack, Grundiermittel, Dispersionen, Trockenreinigungsschw\u00e4mme uvm.\",\"breadcrumb\":{\"@id\":\"https:\\\/\\\/gerstendorfer.eu\\\/en\\\/restoration\\\/#breadcrumb\"},\"inLanguage\":\"en-US\",\"potentialAction\":[{\"@type\":\"ReadAction\",\"target\":[\"https:\\\/\\\/gerstendorfer.eu\\\/en\\\/restoration\\\/\"]}]},{\"@type\":\"BreadcrumbList\",\"@id\":\"https:\\\/\\\/gerstendorfer.eu\\\/en\\\/restoration\\\/#breadcrumb\",\"itemListElement\":[{\"@type\":\"ListItem\",\"position\":1,\"name\":\"Gerstend\u00f6rfer\",\"item\":\"https:\\\/\\\/gerstendorfer.eu\\\/\"},{\"@type\":\"ListItem\",\"position\":2,\"name\":\"Restoration\"}]},{\"@type\":\"WebSite\",\"@id\":\"https:\\\/\\\/gerstendorfer.eu\\\/en\\\/#website\",\"url\":\"https:\\\/\\\/gerstendorfer.eu\\\/en\\\/\",\"name\":\"Gerstend\u00f6rfer\",\"description\":\"Blattgoldfabrik\",\"publisher\":{\"@id\":\"https:\\\/\\\/gerstendorfer.eu\\\/en\\\/#organization\"},\"potentialAction\":[{\"@type\":\"SearchAction\",\"target\":{\"@type\":\"EntryPoint\",\"urlTemplate\":\"https:\\\/\\\/gerstendorfer.eu\\\/en\\\/?s={search_term_string}\"},\"query-input\":{\"@type\":\"PropertyValueSpecification\",\"valueRequired\":true,\"valueName\":\"search_term_string\"}}],\"inLanguage\":\"en-US\"},{\"@type\":\"Organization\",\"@id\":\"https:\\\/\\\/gerstendorfer.eu\\\/en\\\/#organization\",\"name\":\"Gerstend\u00f6rfer GmbH\",\"url\":\"https:\\\/\\\/gerstendorfer.eu\\\/en\\\/\",\"logo\":{\"@type\":\"ImageObject\",\"inLanguage\":\"en-US\",\"@id\":\"https:\\\/\\\/gerstendorfer.eu\\\/en\\\/#\\\/schema\\\/logo\\\/image\\\/\",\"url\":\"https:\\\/\\\/gerstendorfer.eu\\\/wp-content\\\/uploads\\\/2016\\\/08\\\/Gerstendorfer.png\",\"contentUrl\":\"https:\\\/\\\/gerstendorfer.eu\\\/wp-content\\\/uploads\\\/2016\\\/08\\\/Gerstendorfer.png\",\"width\":180,\"height\":144,\"caption\":\"Gerstend\u00f6rfer GmbH\"},\"image\":{\"@id\":\"https:\\\/\\\/gerstendorfer.eu\\\/en\\\/#\\\/schema\\\/logo\\\/image\\\/\"}}]}<\/script>","yoast_head_json":{"title":"Restoration - Gerstend\u00f6rfer - Everything for gilders and restorers","description":"We supply restoration products such as raw materials for paints, waxes, resins, shellac, primers, dispersions, dry cleaning sponges and much more.","robots":{"index":"index","follow":"follow","max-snippet":"max-snippet:-1","max-image-preview":"max-image-preview:large","max-video-preview":"max-video-preview:-1"},"og_locale":"en_US","og_type":"article","og_title":"Restoration - Gerstend\u00f6rfer - Everything for gilders and restorers","og_description":"We supply restoration products such as raw materials for paints, waxes, resins, shellac, primers, dispersions, dry cleaning sponges and much more.","og_url":"https:\/\/gerstendorfer.eu\/en\/restoration\/","og_site_name":"Gerstend\u00f6rfer","article_modified_time":"2025-11-01T04:29:11+00:00","twitter_card":"summary_large_image","twitter_misc":{"Est. reading time":"1 minute"},"schema":{"@context":"https:\/\/schema.org","@graph":[{"@type":"WebPage","@id":"https:\/\/gerstendorfer.eu\/en\/restoration\/","url":"https:\/\/gerstendorfer.eu\/en\/restoration\/","name":"Restaurierung - Gerstend\u00f6rfer - Alles f\u00fcr Vergolder und Restauratoren","isPartOf":{"@id":"https:\/\/gerstendorfer.eu\/#website"},"datePublished":"2016-11-15T11:53:36+00:00","dateModified":"2025-11-01T04:29:11+00:00","description":"Wir liefern Artikel f\u00fcr die Restaurierung, wie Lackrohstoffe, Wachse, Harze, Schellack, Grundiermittel, Dispersionen, Trockenreinigungsschw\u00e4mme uvm.","breadcrumb":{"@id":"https:\/\/gerstendorfer.eu\/en\/restoration\/#breadcrumb"},"inLanguage":"en-US","potentialAction":[{"@type":"ReadAction","target":["https:\/\/gerstendorfer.eu\/en\/restoration\/"]}]},{"@type":"BreadcrumbList","@id":"https:\/\/gerstendorfer.eu\/en\/restoration\/#breadcrumb","itemListElement":[{"@type":"ListItem","position":1,"name":"Gerstend\u00f6rfer","item":"https:\/\/gerstendorfer.eu\/"},{"@type":"ListItem","position":2,"name":"Restoration"}]},{"@type":"WebSite","@id":"https:\/\/gerstendorfer.eu\/en\/#website","url":"https:\/\/gerstendorfer.eu\/en\/","name":"Gerstend\u00f6rfer","description":"Blattgoldfabrik","publisher":{"@id":"https:\/\/gerstendorfer.eu\/en\/#organization"},"potentialAction":[{"@type":"SearchAction","target":{"@type":"EntryPoint","urlTemplate":"https:\/\/gerstendorfer.eu\/en\/?s={search_term_string}"},"query-input":{"@type":"PropertyValueSpecification","valueRequired":true,"valueName":"search_term_string"}}],"inLanguage":"en-US"},{"@type":"Organization","@id":"https:\/\/gerstendorfer.eu\/en\/#organization","name":"Gerstend\u00f6rfer GmbH","url":"https:\/\/gerstendorfer.eu\/en\/","logo":{"@type":"ImageObject","inLanguage":"en-US","@id":"https:\/\/gerstendorfer.eu\/en\/#\/schema\/logo\/image\/","url":"https:\/\/gerstendorfer.eu\/wp-content\/uploads\/2016\/08\/Gerstendorfer.png","contentUrl":"https:\/\/gerstendorfer.eu\/wp-content\/uploads\/2016\/08\/Gerstendorfer.png","width":180,"height":144,"caption":"Gerstend\u00f6rfer GmbH"},"image":{"@id":"https:\/\/gerstendorfer.eu\/en\/#\/schema\/logo\/image\/"}}]}},"_links":{"self":[{"href":"https:\/\/gerstendorfer.eu\/en\/wp-json\/wp\/v2\/pages\/7887","targetHints":{"allow":["GET"]}}],"collection":[{"href":"https:\/\/gerstendorfer.eu\/en\/wp-json\/wp\/v2\/pages"}],"about":[{"href":"https:\/\/gerstendorfer.eu\/en\/wp-json\/wp\/v2\/types\/page"}],"author":[{"embeddable":true,"href":"https:\/\/gerstendorfer.eu\/en\/wp-json\/wp\/v2\/users\/5"}],"replies":[{"embeddable":true,"href":"https:\/\/gerstendorfer.eu\/en\/wp-json\/wp\/v2\/comments?post=7887"}],"version-history":[{"count":10,"href":"https:\/\/gerstendorfer.eu\/en\/wp-json\/wp\/v2\/pages\/7887\/revisions"}],"predecessor-version":[{"id":8679,"href":"https:\/\/gerstendorfer.eu\/en\/wp-json\/wp\/v2\/pages\/7887\/revisions\/8679"}],"wp:attachment":[{"href":"https:\/\/gerstendorfer.eu\/en\/wp-json\/wp\/v2\/media?parent=7887"}],"curies":[{"name":"wp","href":"https:\/\/api.w.org\/{rel}","templated":true}]}}