{"id":7662,"date":"2016-09-24T17:42:58","date_gmt":"2016-09-24T15:42:58","guid":{"rendered":"http:\/\/gerstendorfer.eu\/?page_id=7662"},"modified":"2025-11-01T05:29:11","modified_gmt":"2025-11-01T04:29:11","slug":"service","status":"publish","type":"page","link":"https:\/\/gerstendorfer.eu\/en\/service\/","title":{"rendered":"Service"},"content":{"rendered":"<h1>Service<\/h1>\n<h3>Service<\/h3>\n<div>\n<p>Unser Service f\u00fcr Sie. Nutzen Sie unsere langj\u00e4hrige Erfahrung im Bereich Blattgold und Vergoldung. Gerne stehen wir Ihnen bei Fragen zu Produkten oder f\u00fcr weitergehende Beratungen sowie zur Mitwirkung bei der L\u00f6sung anwendungstechnischer Probleme zur Verf\u00fcgung.<\/p>\n<\/div>\n<h3>DOWNLOAD<\/h3>\n<div>\n<p>Hier finden Sie Merkbl\u00e4tter und Anwendungsbeschreibungen.<\/p>\n<p><strong>\u2013 DIESER BEREICH WIRD IM MOMENT \u00dcBERARBEITET \u2013<\/strong><\/p>\n<\/div>\n<h3>FAQ<\/h3>\n<ul>\n<li>\n<h3>WAS IST BLATTGOLD?<\/h3>\n<div>\n<p>Generell ist Blattgold eine Legierung aus Gold, Silber und Kupfer. Auch Sonderlegierungen mit Platin-oder Palladium-Metall kommen zu Einsatz. 24 Karat Blattgold ist reines geschlagenes Gold (999,9 Feinheit).<\/p>\n<\/div>\n<\/li>\n<li>\n<h3>WAS BEDEUTET KARAT?<\/h3>\n<div>\n<p>Die Bezeichnung Karat wird zur Angabe des Feingehalts von Goldlegierungen verwendet. Je nach Gewichstsanteilen des reinen Goldes, k\u00f6nnen Karatzahlen erzeugt werden.<\/p>\n<\/div>\n<\/li>\n<li>\n<h3>WAS IST DER UNTERSCHIED ZWISCHEN BLATTGOLD UND SCHLAGMETALL?<\/h3>\n<div>\n<p>Blattgold ist eine Legierung von Edelmetallen. Der Charakter einer Echtblattvergoldung ist un\u00fcbertroffen. Schlagmetall bzw. Imitationsmetall ist eine reine Kupfer-Zink Legierung. Dieses Imitationsmetall ist greller im Farbton und sehr anf\u00e4llig gegen\u00fcber Oxidation.<\/p>\n<\/div>\n<\/li>\n<li>\n<h3>WELCHES BLATTGOLD VERWENDE ICH IM AUSSENBEREICH?<\/h3>\n<div>\n<p>Bei Aussenanwendungen empfehlen wir Blattgold ab 23.5 Karat.<br \/>23.5, 23.75, 24 Karat, Mondgold und Palladium sind f\u00fcr Vergoldungen im Aussenbereich geeignet.<\/p>\n<\/div>\n<\/li>\n<li>\n<h3>WANN MUSS ICH BLATTGOLD SCHUTZLACKIEREN?<\/h3>\n<div>\n<p><span>Karatzahlen von 6 bis 21 Karat und Blattsilber m\u00fcssen gegen Oxidation gesch\u00fctzt werden. 22 \u2013 24 Karat k\u00f6nnen im Innenbereich, sowie 23.5 bis 24 Karat im Aussenbereich, ohne \u00dcberzug stehen.<\/span><br \/><span>Blattgold ist nicht griff-und kratzfest. Vergoldete Gebrauchsgegenst\u00e4nde sollten daher immer schutzlackiert werden.<\/span><\/p>\n<\/div>\n<\/li>\n<li>\n<h3>WAS IST LOSES ODER TRANSFER-BLATTGOLD?<\/h3>\n<div>\n<p><span>Blattgold Lose liegt zu je 25 Blatt im B\u00fcchlein. Die Verarbeitung erfolgt \u00fcber diverse Vergolderwerkzeuge (Vergolderkissen, Vergoldmesser, Anschusspinsel). Es kann in der Poliment- und \u00d6lvergoldung verarbeitet werden.<\/span><br \/><span>Blattgold Transfer oder auch Sturmgold genannt, liegt zu je 25 Blatt im B\u00fcchlein. Das Goldblatt ist mechanisch auf ein Seidenpapier gepresst und kann mit einer handels\u00fcblichen Schere in gew\u00fcnschte Formate geschnitten werden. Es l\u00e4sst sich \u00e4hnlich wie ein Abziehbild verarbeiten. Verarbeitung ist nur in der \u00d6ltechnik m\u00f6glich.<\/span><\/p>\n<\/div>\n<\/li>\n<li>\n<h3>WIEVIEL BLATTGOLD WIRD F\u00dcR EINEN QUADRATMETER BEN\u00d6TIGT?<\/h3>\n<div>\n<p><span>Bei dem Blattgold-Standard-Format 80 x 80 mm werden ca. 175 Blatt per Quadratmeter ben\u00f6tigt. Dies ist ein grober Richtwert, der wiederum von der jeweiligen Oberfl\u00e4che (glatt, strukturiert etc.) und Verarbeitungsgenauigkeit abh\u00e4ngig ist.<\/span><\/p>\n<\/div>\n<\/li>\n<\/ul>\n<p><!--more--><br \/>\n<!-- {\"type\":\"layout\",\"children\":[{\"type\":\"section\",\"props\":{\"header_transparent\":false,\"header_transparent_noplaceholder\":false,\"header_transparent_text_color\":\"light\",\"height\":\"viewport\",\"height_viewport\":35,\"image\":\"wp-content\\\/uploads\\\/2016\\\/09\\\/service-image-1.jpg\",\"image_position\":\"top-center\",\"image_size\":\"cover\",\"media_focal_point\":\"top-center\",\"overlap\":false,\"padding\":\"none\",\"style\":\"default\",\"text_color\":\"light\",\"title_breakpoint\":\"xl\",\"title_position\":\"top-left\",\"title_rotation\":\"left\",\"vertical_align\":\"middle\",\"width\":\"default\"},\"children\":[{\"type\":\"row\",\"children\":[{\"type\":\"column\",\"props\":{\"image_position\":\"center-center\",\"position_sticky_breakpoint\":\"m\",\"width_medium\":\"1-1\"},\"children\":[{\"type\":\"headline\",\"props\":{\"content\":\"Service\",\"content_en_us\":\"About Us\",\"text_align\":\"left\",\"title_element\":\"h1\",\"title_style\":\"h1\"}}]}]}],\"name\":\"Hero\"},{\"type\":\"section\",\"props\":{\"image_position\":\"center-center\",\"padding\":\"large\",\"style\":\"default\",\"title_breakpoint\":\"xl\",\"title_position\":\"top-left\",\"title_rotation\":\"left\",\"vertical_align\":\"\",\"width\":\"default\"},\"children\":[{\"type\":\"row\",\"children\":[{\"type\":\"column\",\"props\":{\"image_position\":\"center-center\",\"position_sticky_breakpoint\":\"m\"},\"children\":[{\"type\":\"headline\",\"props\":{\"content\":\"Service\",\"title_element\":\"h3\"}},{\"type\":\"text\",\"props\":{\"column_breakpoint\":\"m\",\"content\":\"\n\n<p>Unser Service f\\u00fcr Sie. Nutzen Sie unsere langj\\u00e4hrige Erfahrung im Bereich Blattgold und Vergoldung. Gerne stehen wir Ihnen bei Fragen zu Produkten oder f\\u00fcr weitergehende Beratungen sowie zur Mitwirkung bei der L\\u00f6sung anwendungstechnischer Probleme zur Verf\\u00fcgung.<\\\/p>\",\"content_en_us\":\"Our service for you. Take advantage of our many years of experience in gold leaf and gilding. We would be pleased to assist you on request for further advice and for assistance in solving any problems which may arise during manufacture and application.\",\"margin\":\"default\",\"text_align\":\"justify\"}}]}]}],\"name\":\"Service\"},{\"type\":\"section\",\"props\":{\"image_position\":\"center-center\",\"style\":\"secondary\",\"title_breakpoint\":\"xl\",\"title_position\":\"top-left\",\"title_rotation\":\"left\",\"vertical_align\":\"middle\",\"width\":\"default\"},\"children\":[{\"type\":\"row\",\"children\":[{\"type\":\"column\",\"props\":{\"image_position\":\"center-center\",\"position_sticky_breakpoint\":\"m\"},\"children\":[{\"type\":\"headline\",\"props\":{\"content\":\"DOWNLOAD\",\"text_align\":\"center\",\"title_element\":\"h3\"}},{\"type\":\"text\",\"props\":{\"column_breakpoint\":\"m\",\"content\":\"\n\n<p>Hier finden Sie Merkbl\\u00e4tter und Anwendungsbeschreibungen.<\\\/p>\\n\n\n<p><strong>\\u2013 DIESER BEREICH WIRD IM MOMENT \\u00dcBERARBEITET \\u2013<\\\/strong><\\\/p>\",\"content_en_us\":\"\n\n<p>Data sheets and application description<\\\/p>\\n\n\n<p><strong>\\u2013 COMING SOON \\u2013<\\\/strong><\\\/p>\",\"margin\":\"default\",\"text_align\":\"center\"}}]}]}],\"name\":\"Download\"},{\"type\":\"section\",\"props\":{\"image_position\":\"center-center\",\"padding\":\"large\",\"style\":\"default\",\"title_breakpoint\":\"xl\",\"title_position\":\"top-left\",\"title_rotation\":\"left\",\"vertical_align\":\"middle\",\"width\":\"default\"},\"children\":[{\"type\":\"row\",\"children\":[{\"type\":\"column\",\"props\":{\"image_position\":\"center-center\",\"position_sticky_breakpoint\":\"m\"},\"children\":[{\"type\":\"headline\",\"props\":{\"content\":\"FAQ\",\"content_en_us\":\"FAQ\",\"margin\":\"medium\",\"text_align\":\"center\",\"title_element\":\"h3\"}},{\"type\":\"accordion\",\"props\":{\"block_align\":\"center\",\"collapsible\":true,\"content_column_breakpoint\":\"m\",\"image_align\":\"top\",\"image_grid_breakpoint\":\"m\",\"image_grid_width\":\"1-2\",\"image_svg_color\":\"emphasis\",\"link_style\":\"default\",\"link_text\":\"Read more\",\"maxwidth\":\"2xlarge\",\"show_image\":true,\"show_link\":true,\"text_align\":\"left\"},\"children\":[{\"type\":\"accordion_item\",\"props\":{\"content\":\"\n\n<p>Generell ist Blattgold eine Legierung aus Gold, Silber und Kupfer. Auch Sonderlegierungen mit Platin-oder Palladium-Metall kommen zu Einsatz. 24 Karat Blattgold ist reines geschlagenes Gold (999,9 Feinheit).<\\\/p>\",\"content_en_us\":\"\n\n<p><span>Gold Leaf is generally an alloy of gold, silver and copper. Special alloy of platinum and palladium are possible. 24 carat gold is pure beaten gold (999,9 Fineness).<\\\/span><\\\/p>\",\"title\":\"WAS IST BLATTGOLD?\",\"title_en_us\":\"WHAT IS GOLD LEAF?\"}},{\"type\":\"accordion_item\",\"props\":{\"content\":\"\n\n<p>Die Bezeichnung Karat wird zur Angabe des Feingehalts von Goldlegierungen verwendet. Je nach Gewichstsanteilen des reinen Goldes, k\\u00f6nnen Karatzahlen erzeugt werden.<\\\/p>\",\"content_en_us\":\"\n\n<p><span>The designation carat is used to indicate the fine content of gold alloys. Gold Leaf is measured in carat, depending on the weight of the pure gold.<\\\/span><\\\/p>\",\"title\":\"WAS BEDEUTET KARAT?\",\"title_en_us\":\"WHAT MEANS CARAT?\"}},{\"type\":\"accordion_item\",\"props\":{\"content\":\"\n\n<p>Blattgold ist eine Legierung von Edelmetallen. Der Charakter einer Echtblattvergoldung ist un\\u00fcbertroffen. Schlagmetall bzw. Imitationsmetall ist eine reine Kupfer-Zink Legierung. Dieses Imitationsmetall ist greller im Farbton und sehr anf\\u00e4llig gegen\\u00fcber Oxidation.<\\\/p>\",\"content_en_us\":\"\n\n<p><span>Gold leaf is an alloy of precious metals. The character of a gilding with genuine Gold Leaf is unmatched. Imitation Gold Leaf or Base Metal (Dutch Metal) is an alloy of copper and zinc. These metals are flashy and penetrative in shade and highly susceptible to oxidation.<\\\/span><\\\/p>\",\"title\":\"WAS IST DER UNTERSCHIED ZWISCHEN BLATTGOLD UND SCHLAGMETALL?\",\"title_en_us\":\"WHAT IS THE DIFFERENCE BETWEEN GOLD LEAF AND IMITATION GOLD LEAF?\"}},{\"type\":\"accordion_item\",\"props\":{\"content\":\"\n\n<p>Bei Aussenanwendungen empfehlen wir Blattgold ab 23.5 Karat.<br \\\/>23.5, 23.75, 24 Karat, Mondgold und Palladium sind f\\u00fcr Vergoldungen im Aussenbereich geeignet.<\\\/p>\",\"content_en_us\":\"\n\n<p><span>We recommend Gold Leaf in 23.5 carat, 23.75 carat, 24 carat, Moongold and Palladium for the application in the exterior field.<\\\/span><\\\/p>\",\"title\":\"WELCHES BLATTGOLD VERWENDE ICH IM AUSSENBEREICH?\",\"title_en_us\":\"WHICH GOLD LEAF IS USED FOR OUTDOOR GILDINGS?\"}},{\"type\":\"accordion_item\",\"props\":{\"content\":\"\n\n<p><span>Karatzahlen von 6 bis 21 Karat und Blattsilber m\\u00fcssen gegen Oxidation gesch\\u00fctzt werden. 22 \\u2013 24 Karat k\\u00f6nnen im Innenbereich, sowie 23.5 bis 24 Karat im Aussenbereich, ohne \\u00dcberzug stehen.<\\\/span><br \\\/><span>Blattgold ist nicht griff-und kratzfest. Vergoldete Gebrauchsgegenst\\u00e4nde sollten daher immer schutzlackiert werden.<\\\/span><\\\/p>\",\"content_en_us\":\"\n\n<p><span>All carats from 6 till 21 and silver leaf must be protected against oxidation. Carats from 22 till 24 carat are stable against oxidation in the interior field and 23,5 till 24 carat are also stable in the exterior field and can stay without protective coating.<\\\/span><br \\\/><span>Gold Leaf is non-resistant to touch or scratch-resistant. Gilded articles of daily use, should be varnished.<\\\/span><\\\/p>\",\"title\":\"WANN MUSS ICH BLATTGOLD SCHUTZLACKIEREN?\",\"title_en_us\":\"WHEN DO I NEED TO COAT THE GILDING?\"}},{\"type\":\"accordion_item\",\"props\":{\"content\":\"\n\n<p><span>Blattgold Lose liegt zu je 25 Blatt im B\\u00fcchlein. Die Verarbeitung erfolgt \\u00fcber diverse Vergolderwerkzeuge (Vergolderkissen, Vergoldmesser, Anschusspinsel). Es kann in der Poliment- und \\u00d6lvergoldung verarbeitet werden.<\\\/span><br \\\/><span>Blattgold Transfer oder auch Sturmgold genannt, liegt zu je 25 Blatt im B\\u00fcchlein. Das Goldblatt ist mechanisch auf ein Seidenpapier gepresst und kann mit einer handels\\u00fcblichen Schere in gew\\u00fcnschte Formate geschnitten werden. Es l\\u00e4sst sich \\u00e4hnlich wie ein Abziehbild verarbeiten. Verarbeitung ist nur in der \\u00d6ltechnik m\\u00f6glich.<\\\/span><\\\/p>\",\"content_en_us\":\"\n\n<p><span>Gold Leaf Losse \\u2013 The gold is placed loosely in a booklet and contains 25 leaves. Gold leaf in type loose cannot handled by hand, when working with loose leaf you must make use of different gilder tools (Gilders knife, gilders cushion and gilders tip).<\\\/span><br \\\/><span>Gold Leaf Transfer\\\/Patent \\u2013 Gold leaf is mechanically pressed onto a tissue paper and is available in booklets of 25 leaves.\\u00a0The tissue paper can easily handled by hand and also cut with scissors in desired dimensions.\\u00a0<\\\/span>Holding one edge of the tissue, place the gold leaf on the size, rubbing gently with a finger,<span>\\u00a0<\\\/span><span>cotton wool or cloth. After that, the tissue paper can be removed like a transfer picture.<\\\/span><\\\/p>\",\"title\":\"WAS IST LOSES ODER TRANSFER-BLATTGOLD?\",\"title_en_us\":\"WHAT IS THE DIFFERENCE BETWEEN LOOSE OR TRANSFER\\\/PATENT GOLD LEAF?\"}},{\"type\":\"accordion_item\",\"props\":{\"content\":\"\n\n<p><span>Bei dem Blattgold-Standard-Format 80 x 80 mm werden ca. 175 Blatt per Quadratmeter ben\\u00f6tigt. Dies ist ein grober Richtwert, der wiederum von der jeweiligen Oberfl\\u00e4che (glatt, strukturiert etc.) und Verarbeitungsgenauigkeit abh\\u00e4ngig ist.<\\\/span><\\\/p>\",\"content_en_us\":\"\n\n<p><span>The standard size (80 x 80 mm) requires approx. 175 leaves per square meter. This is an approximate value, which is depending on the respective surface (smooth, structured, etc.) and processing accuracy.<\\\/span><\\\/p>\",\"title\":\"WIEVIEL BLATTGOLD WIRD F\\u00dcR EINEN QUADRATMETER BEN\\u00d6TIGT?\",\"title_en_us\":\"HOW MANY LEAVES ARE USED FOR ONE SQUAREMETER?\"}}]}]}]}],\"name\":\"FAQ\"}],\"version\":\"4.5.31\"} --><\/p>\n","protected":false},"excerpt":{"rendered":"<p>Service Service Unser Service f\u00fcr Sie. Nutzen Sie unsere langj\u00e4hrige Erfahrung im Bereich Blattgold und Vergoldung. Gerne stehen wir Ihnen bei Fragen zu Produkten oder f\u00fcr weitergehende Beratungen sowie zur Mitwirkung bei der L\u00f6sung anwendungstechnischer Probleme zur Verf\u00fcgung. DOWNLOAD Hier finden Sie Merkbl\u00e4tter und Anwendungsbeschreibungen. \u2013 DIESER BEREICH WIRD IM MOMENT \u00dcBERARBEITET \u2013 FAQ WAS [&hellip;]<\/p>\n","protected":false},"author":5,"featured_media":0,"parent":0,"menu_order":0,"comment_status":"closed","ping_status":"closed","template":"","meta":{"footnotes":""},"class_list":["post-7662","page","type-page","status-publish","hentry"],"yoast_head":"<title>Service - Gerstend\u00f6rfer - Description of gilding techniques, products and more<\/title>\n<meta name=\"description\" content=\"Service - Take advantage of our many years of experience in gold leaf and gilding. We would be pleased to assist you on request for further advice and for\" \/>\n<meta name=\"robots\" content=\"index, follow, max-snippet:-1, max-image-preview:large, max-video-preview:-1\" \/>\n<meta property=\"og:locale\" content=\"en_US\" \/>\n<meta property=\"og:type\" content=\"article\" \/>\n<meta property=\"og:title\" content=\"Service - Gerstend\u00f6rfer - Description of gilding techniques, products and more\" \/>\n<meta property=\"og:description\" content=\"Service - Take advantage of our many years of experience in gold leaf and gilding. We would be pleased to assist you on request for further advice and for\" \/>\n<meta property=\"og:url\" content=\"https:\/\/gerstendorfer.eu\/en\/service\/\" \/>\n<meta property=\"og:site_name\" content=\"Gerstend\u00f6rfer\" \/>\n<meta property=\"article:modified_time\" content=\"2025-11-01T04:29:11+00:00\" \/>\n<meta name=\"twitter:card\" content=\"summary_large_image\" \/>\n<meta name=\"twitter:label1\" content=\"Est. reading time\" \/>\n\t<meta name=\"twitter:data1\" content=\"2 minutes\" \/>\n<script type=\"application\/ld+json\" class=\"yoast-schema-graph\">{\"@context\":\"https:\\\/\\\/schema.org\",\"@graph\":[{\"@type\":\"WebPage\",\"@id\":\"https:\\\/\\\/gerstendorfer.eu\\\/en\\\/service\\\/\",\"url\":\"https:\\\/\\\/gerstendorfer.eu\\\/en\\\/service\\\/\",\"name\":\"Service - Gerstend\u00f6rfer - N\u00fctzliche Tipps f\u00fcr eine hochgl\u00e4nzende Vergoldung\",\"isPartOf\":{\"@id\":\"https:\\\/\\\/gerstendorfer.eu\\\/#website\"},\"datePublished\":\"2016-09-24T15:42:58+00:00\",\"dateModified\":\"2025-11-01T04:29:11+00:00\",\"description\":\"Nutzen Sie unseren Service und profitieren Sie von unserer Erfahrung und Kompetenz. Tipps zur Vergoldung und n\u00fctzliche Downloads \u00fcber Techniken etc.\",\"breadcrumb\":{\"@id\":\"https:\\\/\\\/gerstendorfer.eu\\\/en\\\/service\\\/#breadcrumb\"},\"inLanguage\":\"en-US\",\"potentialAction\":[{\"@type\":\"ReadAction\",\"target\":[\"https:\\\/\\\/gerstendorfer.eu\\\/en\\\/service\\\/\"]}]},{\"@type\":\"BreadcrumbList\",\"@id\":\"https:\\\/\\\/gerstendorfer.eu\\\/en\\\/service\\\/#breadcrumb\",\"itemListElement\":[{\"@type\":\"ListItem\",\"position\":1,\"name\":\"Gerstend\u00f6rfer\",\"item\":\"https:\\\/\\\/gerstendorfer.eu\\\/\"},{\"@type\":\"ListItem\",\"position\":2,\"name\":\"Service\"}]},{\"@type\":\"WebSite\",\"@id\":\"https:\\\/\\\/gerstendorfer.eu\\\/en\\\/#website\",\"url\":\"https:\\\/\\\/gerstendorfer.eu\\\/en\\\/\",\"name\":\"Gerstend\u00f6rfer\",\"description\":\"Blattgoldfabrik\",\"publisher\":{\"@id\":\"https:\\\/\\\/gerstendorfer.eu\\\/en\\\/#organization\"},\"potentialAction\":[{\"@type\":\"SearchAction\",\"target\":{\"@type\":\"EntryPoint\",\"urlTemplate\":\"https:\\\/\\\/gerstendorfer.eu\\\/en\\\/?s={search_term_string}\"},\"query-input\":{\"@type\":\"PropertyValueSpecification\",\"valueRequired\":true,\"valueName\":\"search_term_string\"}}],\"inLanguage\":\"en-US\"},{\"@type\":\"Organization\",\"@id\":\"https:\\\/\\\/gerstendorfer.eu\\\/en\\\/#organization\",\"name\":\"Gerstend\u00f6rfer GmbH\",\"url\":\"https:\\\/\\\/gerstendorfer.eu\\\/en\\\/\",\"logo\":{\"@type\":\"ImageObject\",\"inLanguage\":\"en-US\",\"@id\":\"https:\\\/\\\/gerstendorfer.eu\\\/en\\\/#\\\/schema\\\/logo\\\/image\\\/\",\"url\":\"https:\\\/\\\/gerstendorfer.eu\\\/wp-content\\\/uploads\\\/2016\\\/08\\\/Gerstendorfer.png\",\"contentUrl\":\"https:\\\/\\\/gerstendorfer.eu\\\/wp-content\\\/uploads\\\/2016\\\/08\\\/Gerstendorfer.png\",\"width\":180,\"height\":144,\"caption\":\"Gerstend\u00f6rfer GmbH\"},\"image\":{\"@id\":\"https:\\\/\\\/gerstendorfer.eu\\\/en\\\/#\\\/schema\\\/logo\\\/image\\\/\"}}]}<\/script>","yoast_head_json":{"title":"Service - Gerstend\u00f6rfer - Description of gilding techniques, products and more","description":"Service - Take advantage of our many years of experience in gold leaf and gilding. We would be pleased to assist you on request for further advice and for","robots":{"index":"index","follow":"follow","max-snippet":"max-snippet:-1","max-image-preview":"max-image-preview:large","max-video-preview":"max-video-preview:-1"},"og_locale":"en_US","og_type":"article","og_title":"Service - Gerstend\u00f6rfer - Description of gilding techniques, products and more","og_description":"Service - Take advantage of our many years of experience in gold leaf and gilding. We would be pleased to assist you on request for further advice and for","og_url":"https:\/\/gerstendorfer.eu\/en\/service\/","og_site_name":"Gerstend\u00f6rfer","article_modified_time":"2025-11-01T04:29:11+00:00","twitter_card":"summary_large_image","twitter_misc":{"Est. reading time":"2 minutes"},"schema":{"@context":"https:\/\/schema.org","@graph":[{"@type":"WebPage","@id":"https:\/\/gerstendorfer.eu\/en\/service\/","url":"https:\/\/gerstendorfer.eu\/en\/service\/","name":"Service - Gerstend\u00f6rfer - N\u00fctzliche Tipps f\u00fcr eine hochgl\u00e4nzende Vergoldung","isPartOf":{"@id":"https:\/\/gerstendorfer.eu\/#website"},"datePublished":"2016-09-24T15:42:58+00:00","dateModified":"2025-11-01T04:29:11+00:00","description":"Nutzen Sie unseren Service und profitieren Sie von unserer Erfahrung und Kompetenz. Tipps zur Vergoldung und n\u00fctzliche Downloads \u00fcber Techniken etc.","breadcrumb":{"@id":"https:\/\/gerstendorfer.eu\/en\/service\/#breadcrumb"},"inLanguage":"en-US","potentialAction":[{"@type":"ReadAction","target":["https:\/\/gerstendorfer.eu\/en\/service\/"]}]},{"@type":"BreadcrumbList","@id":"https:\/\/gerstendorfer.eu\/en\/service\/#breadcrumb","itemListElement":[{"@type":"ListItem","position":1,"name":"Gerstend\u00f6rfer","item":"https:\/\/gerstendorfer.eu\/"},{"@type":"ListItem","position":2,"name":"Service"}]},{"@type":"WebSite","@id":"https:\/\/gerstendorfer.eu\/en\/#website","url":"https:\/\/gerstendorfer.eu\/en\/","name":"Gerstend\u00f6rfer","description":"Blattgoldfabrik","publisher":{"@id":"https:\/\/gerstendorfer.eu\/en\/#organization"},"potentialAction":[{"@type":"SearchAction","target":{"@type":"EntryPoint","urlTemplate":"https:\/\/gerstendorfer.eu\/en\/?s={search_term_string}"},"query-input":{"@type":"PropertyValueSpecification","valueRequired":true,"valueName":"search_term_string"}}],"inLanguage":"en-US"},{"@type":"Organization","@id":"https:\/\/gerstendorfer.eu\/en\/#organization","name":"Gerstend\u00f6rfer GmbH","url":"https:\/\/gerstendorfer.eu\/en\/","logo":{"@type":"ImageObject","inLanguage":"en-US","@id":"https:\/\/gerstendorfer.eu\/en\/#\/schema\/logo\/image\/","url":"https:\/\/gerstendorfer.eu\/wp-content\/uploads\/2016\/08\/Gerstendorfer.png","contentUrl":"https:\/\/gerstendorfer.eu\/wp-content\/uploads\/2016\/08\/Gerstendorfer.png","width":180,"height":144,"caption":"Gerstend\u00f6rfer GmbH"},"image":{"@id":"https:\/\/gerstendorfer.eu\/en\/#\/schema\/logo\/image\/"}}]}},"_links":{"self":[{"href":"https:\/\/gerstendorfer.eu\/en\/wp-json\/wp\/v2\/pages\/7662","targetHints":{"allow":["GET"]}}],"collection":[{"href":"https:\/\/gerstendorfer.eu\/en\/wp-json\/wp\/v2\/pages"}],"about":[{"href":"https:\/\/gerstendorfer.eu\/en\/wp-json\/wp\/v2\/types\/page"}],"author":[{"embeddable":true,"href":"https:\/\/gerstendorfer.eu\/en\/wp-json\/wp\/v2\/users\/5"}],"replies":[{"embeddable":true,"href":"https:\/\/gerstendorfer.eu\/en\/wp-json\/wp\/v2\/comments?post=7662"}],"version-history":[{"count":10,"href":"https:\/\/gerstendorfer.eu\/en\/wp-json\/wp\/v2\/pages\/7662\/revisions"}],"predecessor-version":[{"id":8680,"href":"https:\/\/gerstendorfer.eu\/en\/wp-json\/wp\/v2\/pages\/7662\/revisions\/8680"}],"wp:attachment":[{"href":"https:\/\/gerstendorfer.eu\/en\/wp-json\/wp\/v2\/media?parent=7662"}],"curies":[{"name":"wp","href":"https:\/\/api.w.org\/{rel}","templated":true}]}}