{"id":7644,"date":"2016-09-24T17:13:02","date_gmt":"2016-09-24T15:13:02","guid":{"rendered":"http:\/\/gerstendorfer.eu\/?page_id=7644"},"modified":"2025-11-01T05:47:28","modified_gmt":"2025-11-01T04:47:28","slug":"made-in-germany","status":"publish","type":"page","link":"https:\/\/gerstendorfer.eu\/en\/made-in-germany\/","title":{"rendered":"Made in Germany"},"content":{"rendered":"<h1>Made in Germany<\/h1>\n<h3>MADE IN GERMANY<\/h3>\n<div>\n<p>Die Warenauszeichnung \u201eMade in Germany \u201c wurde im Jahr 1887 durch den \u201eMerchandise Marks Act\u201c in Gro\u00dfbritannien eingef\u00fchrt. Dieser schrieb vor, dass auf Waren unmissverst\u00e4ndlich das Herkunftsland anzugeben sei. Importierte Ware wurde so f\u00fcr jedermann erkennbar. Damit sollte die britische Wirtschaft vor der Billigkonkurrenz importierter Waren gesch\u00fctzt werden, die damals als minderwertig im Vergleich zur britischen Qualit\u00e4tsware angesehen wurden.<\/p>\n<p>Die negativ gedachte Warenkennzeichnung bewirkte aber das Gegenteil und \u201eMade in Germany\u201c wirkte bald wie ein G\u00fctesiegel. Neun Jahre nach Erlass klagte der britische Journalist E.E. Williams in seinem Buch -Made in Germany-: \u201eAm meisten dagegen spricht, dass es als kostenfreie Empfehlung der deutschen Waren wirkt\u201c.<br \/>Made in Germany wurde zum Ausdruck f\u00fcr Qualit\u00e4t und Zuverl\u00e4ssigkeit.<\/p>\n<\/div>\n<h3>GERSTEND\u00d6RFER BLATTGOLD<\/h3>\n<div>\n<p>\u201eMade in Germany\u201c ist kein gesch\u00fctztes Qualit\u00e4tssiegel und ist oft irref\u00fchrend, da auch importierte Ware durch Umverpackung mit diesem G\u00fctesiegel versehen werden d\u00fcrfen. Zahlreiche Branchen und Unternehmen werben mit diesem Begriff als Nachweis besonders hoher Qualit\u00e4t. Doch eine genaue und detaillierte Definition von Herkunftsbezeichnungen, ist durch den Gesetzgeber nicht umfassend geregelt.<\/p>\n<p>Daher vervollst\u00e4ndigt die Gerstend\u00f6rfer GmbH die Marke \u201eMade in Germany\u201c mit dem Zusatz \u201e100% Made in Germany by Gerstend\u00f6rfer\u201c, um auf reine und garantierte Deutsche Qualit\u00e4t hinzuweisen. Die Gerstend\u00f6rfer Blattgoldfabrik produziert ausschliesslich ihre Waren in Deutschland, unter der Marke \u201e100% Made in Germany by Gerstend\u00f6rfer\u201c. Wir setzen mit diesem G\u00fctesiegel auf den Produktionsstandort Deutschland und verbinden Flexibilit\u00e4t, Produktivit\u00e4t und Qualit\u00e4t. Wir stellen uns der gesellschaftlichen Verantwortung und sichern Arbeitspl\u00e4tze in Deutschland.<\/p>\n<\/div>\n<p><img decoding=\"async\" src=\"\/wp-content\/uploads\/2016\/09\/madeingermany-image-2.jpg\" alt=\"\"><\/p>\n<p><!--more--><br \/>\n<!-- {\"type\":\"layout\",\"children\":[{\"type\":\"section\",\"props\":{\"header_transparent\":false,\"header_transparent_noplaceholder\":false,\"header_transparent_text_color\":\"light\",\"height\":\"viewport\",\"height_viewport\":35,\"image\":\"wp-content\\\/uploads\\\/2016\\\/09\\\/madeingermany-image-1.jpg\",\"image_position\":\"top-center\",\"image_size\":\"cover\",\"overlap\":false,\"padding\":\"none\",\"style\":\"default\",\"text_color\":\"light\",\"title_breakpoint\":\"xl\",\"title_position\":\"top-left\",\"title_rotation\":\"left\",\"vertical_align\":\"middle\",\"width\":\"default\"},\"children\":[{\"type\":\"row\",\"children\":[{\"type\":\"column\",\"props\":{\"image_position\":\"center-center\",\"position_sticky_breakpoint\":\"m\",\"width_medium\":\"1-1\"},\"children\":[{\"type\":\"headline\",\"props\":{\"content\":\"Made in Germany\",\"content_en_us\":\"Made in Germany\",\"text_align\":\"left\",\"title_element\":\"h1\",\"title_style\":\"h1\"}}]}]}],\"name\":\"Hero\"},{\"type\":\"section\",\"props\":{\"image_position\":\"center-center\",\"padding\":\"large\",\"style\":\"default\",\"title_breakpoint\":\"xl\",\"title_position\":\"top-left\",\"title_rotation\":\"left\",\"vertical_align\":\"\",\"width\":\"default\"},\"children\":[{\"type\":\"row\",\"children\":[{\"type\":\"column\",\"props\":{\"image_position\":\"center-center\",\"position_sticky_breakpoint\":\"m\"},\"children\":[{\"type\":\"headline\",\"props\":{\"content\":\"MADE IN GERMANY\",\"content_en_us\":\"GOLD LEAF MANUFACTURER\\n\",\"title_element\":\"h3\"}},{\"type\":\"text\",\"props\":{\"column_breakpoint\":\"m\",\"content\":\"\n\n<p>Die Warenauszeichnung \\u201eMade in Germany \\u201c wurde im Jahr 1887 durch den \\u201eMerchandise Marks Act\\u201c in Gro\\u00dfbritannien eingef\\u00fchrt. Dieser schrieb vor, dass auf Waren unmissverst\\u00e4ndlich das Herkunftsland anzugeben sei. Importierte Ware wurde so f\\u00fcr jedermann erkennbar. Damit sollte die britische Wirtschaft vor der Billigkonkurrenz importierter Waren gesch\\u00fctzt werden, die damals als minderwertig im Vergleich zur britischen Qualit\\u00e4tsware angesehen wurden.<\\\/p>\\n\n\n<p>Die negativ gedachte Warenkennzeichnung bewirkte aber das Gegenteil und \\u201eMade in Germany\\u201c wirkte bald wie ein G\\u00fctesiegel. Neun Jahre nach Erlass klagte der britische Journalist E.E. Williams in seinem Buch -Made in Germany-: \\u201eAm meisten dagegen spricht, dass es als kostenfreie Empfehlung der deutschen Waren wirkt\\u201c.<br \\\/>Made in Germany wurde zum Ausdruck f\\u00fcr Qualit\\u00e4t und Zuverl\\u00e4ssigkeit.<\\\/p>\",\"content_en_us\":\"\n\n<p>The trademark \\u201cMade in Germany\\u201d was introduced in 1887 by the \\u201cMerchandise of Mark Act\\u201d in Great Britain. With it, the British economy should be protected against the cheap competition of imported goods, which were esteemed at that time as inferior in comparison to British quality goods.<\\\/p>\\n\\n\n\n<p>The plan had caused the opposite and the negative designed brand became a seal of quality. In his book \\u201cMade in Germany\\u201d complained nine years after decree of the \\u201cMerchandise of Mark Act\\u201d , the British journalist E.E . William: \\u201cMainly against the fact speaks that it works as a free recommendation of German goods\\u201d.\\u201dMade in Germany\\u201d became a term for quality and reliability.<\\\/p>\",\"margin\":\"default\",\"text_align\":\"justify\"}}]}]}],\"name\":\"Made in Germany\"},{\"type\":\"section\",\"props\":{\"image_position\":\"center-center\",\"padding_remove_top\":false,\"style\":\"muted\",\"title_breakpoint\":\"xl\",\"title_position\":\"top-left\",\"title_rotation\":\"left\",\"vertical_align\":\"middle\",\"width\":\"default\"},\"children\":[{\"type\":\"row\",\"children\":[{\"type\":\"column\",\"props\":{\"image_position\":\"center-center\",\"position_sticky_breakpoint\":\"m\"},\"children\":[{\"type\":\"headline\",\"props\":{\"content\":\"GERSTEND\\u00d6RFER BLATTGOLD\",\"content_en_us\":\"GERSTEND\\u00d6RFER GOLD LEAF\\n\",\"title_element\":\"h3\"}},{\"type\":\"text\",\"props\":{\"column_breakpoint\":\"m\",\"content\":\"\n\n<p>\\u201eMade in Germany\\u201c ist kein gesch\\u00fctztes Qualit\\u00e4tssiegel und ist oft irref\\u00fchrend, da auch importierte Ware durch Umverpackung mit diesem G\\u00fctesiegel versehen werden d\\u00fcrfen. Zahlreiche Branchen und Unternehmen werben mit diesem Begriff als Nachweis besonders hoher Qualit\\u00e4t. Doch eine genaue und detaillierte Definition von Herkunftsbezeichnungen, ist durch den Gesetzgeber nicht umfassend geregelt.<\\\/p>\\n\n\n<p>Daher vervollst\\u00e4ndigt die Gerstend\\u00f6rfer GmbH die Marke \\u201eMade in Germany\\u201c mit dem Zusatz \\u201e100% Made in Germany by Gerstend\\u00f6rfer\\u201c, um auf reine und garantierte Deutsche Qualit\\u00e4t hinzuweisen. Die Gerstend\\u00f6rfer Blattgoldfabrik produziert ausschliesslich ihre Waren in Deutschland, unter der Marke \\u201e100% Made in Germany by Gerstend\\u00f6rfer\\u201c. Wir setzen mit diesem G\\u00fctesiegel auf den Produktionsstandort Deutschland und verbinden Flexibilit\\u00e4t, Produktivit\\u00e4t und Qualit\\u00e4t. Wir stellen uns der gesellschaftlichen Verantwortung und sichern Arbeitspl\\u00e4tze in Deutschland.<\\\/p>\",\"content_en_us\":\"\n\n<p>\\u201cMade in Germany\\u201d is not a protected seal of quality and is not controlled by a central regulatory body. It is often misleading, because imported goods may be provided by repackaging with this label. Numerous industries and companies use this term as proof of particularly high quality.\\u00a0However, a precise and detailed definition of origin designations is not comprehensively regulated by the legislature.<\\\/p>\\n\\n\n\n<p>Gerstend\\u00f6rfer GmbH supplements the brand \\u201cMade in Germany\\u201d with the addition \\u201c100% Made in Germany by Gerstend\\u00f6rfer\\u201d. We point out that our goods are pure and guaranteed of German origin.<br \\\/>The Gold Leaf Manufacturer Gerstend\\u00f6rfer produce exclusively in Germany under trademark \\u201c100% Made in Germany by Gerstend\\u00f6rfer\\u201d. We rely and are committed to Germany as a production location. We accept our social responsibility and safeguard employment in Germany.<\\\/p>\",\"margin\":\"default\"}},{\"type\":\"image\",\"props\":{\"image\":\"wp-content\\\/uploads\\\/2016\\\/09\\\/madeingermany-image-2.jpg\",\"image_svg_color\":\"emphasis\",\"margin\":\"default\"}}]}]}]}],\"version\":\"4.5.31\"} --><\/p>\n","protected":false},"excerpt":{"rendered":"<p>Made in Germany MADE IN GERMANY Die Warenauszeichnung \u201eMade in Germany \u201c wurde im Jahr 1887 durch den \u201eMerchandise Marks Act\u201c in Gro\u00dfbritannien eingef\u00fchrt. Dieser schrieb vor, dass auf Waren unmissverst\u00e4ndlich das Herkunftsland anzugeben sei. Importierte Ware wurde so f\u00fcr jedermann erkennbar. Damit sollte die britische Wirtschaft vor der Billigkonkurrenz importierter Waren gesch\u00fctzt werden, die [&hellip;]<\/p>\n","protected":false},"author":5,"featured_media":0,"parent":0,"menu_order":0,"comment_status":"closed","ping_status":"closed","template":"","meta":{"footnotes":""},"class_list":["post-7644","page","type-page","status-publish","hentry"],"yoast_head":"<title>Made in Germany - Gerstend\u00f6rfer - Garantiert 100% Deutsche Herstellung<\/title>\n<meta name=\"description\" content=\"Made in Germany - Gold Leaf Factory Gerstend\u00f6rfer manufactures gold and silver leaf exclusively in Germany. We guarantee 100% German Quality for our\u2026\" \/>\n<meta name=\"robots\" content=\"index, follow, max-snippet:-1, max-image-preview:large, max-video-preview:-1\" \/>\n<meta property=\"og:locale\" content=\"en_US\" \/>\n<meta property=\"og:type\" content=\"article\" \/>\n<meta property=\"og:title\" content=\"Made in Germany - Gerstend\u00f6rfer - Garantiert 100% Deutsche Herstellung\" \/>\n<meta property=\"og:description\" content=\"Made in Germany - Gold Leaf Factory Gerstend\u00f6rfer manufactures gold and silver leaf exclusively in Germany. We guarantee 100% German Quality for our\u2026\" \/>\n<meta property=\"og:url\" content=\"https:\/\/gerstendorfer.eu\/en\/made-in-germany\/\" \/>\n<meta property=\"og:site_name\" content=\"Gerstend\u00f6rfer\" \/>\n<meta property=\"article:modified_time\" content=\"2025-11-01T04:47:28+00:00\" \/>\n<meta name=\"twitter:card\" content=\"summary_large_image\" \/>\n<meta name=\"twitter:label1\" content=\"Est. reading time\" \/>\n\t<meta name=\"twitter:data1\" content=\"1 minute\" \/>\n<script type=\"application\/ld+json\" class=\"yoast-schema-graph\">{\"@context\":\"https:\\\/\\\/schema.org\",\"@graph\":[{\"@type\":\"WebPage\",\"@id\":\"https:\\\/\\\/gerstendorfer.eu\\\/en\\\/made-in-germany\\\/\",\"url\":\"https:\\\/\\\/gerstendorfer.eu\\\/en\\\/made-in-germany\\\/\",\"name\":\"Made in Germany - Gerstend\u00f6rfer Blattgoldfabrik - 100% Deutsche Qualit\u00e4t\",\"isPartOf\":{\"@id\":\"https:\\\/\\\/gerstendorfer.eu\\\/#website\"},\"datePublished\":\"2016-09-24T15:13:02+00:00\",\"dateModified\":\"2025-11-01T04:47:28+00:00\",\"description\":\"Blattgold und Blattsilber 100% Made in Germany by Gerstend\u00f6rfer. Wir produzieren ausschliesslich in Deutschland und garantieren 100% Deutsche Qualit\u00e4t.\",\"breadcrumb\":{\"@id\":\"https:\\\/\\\/gerstendorfer.eu\\\/en\\\/made-in-germany\\\/#breadcrumb\"},\"inLanguage\":\"en-US\",\"potentialAction\":[{\"@type\":\"ReadAction\",\"target\":[\"https:\\\/\\\/gerstendorfer.eu\\\/en\\\/made-in-germany\\\/\"]}]},{\"@type\":\"BreadcrumbList\",\"@id\":\"https:\\\/\\\/gerstendorfer.eu\\\/en\\\/made-in-germany\\\/#breadcrumb\",\"itemListElement\":[{\"@type\":\"ListItem\",\"position\":1,\"name\":\"Gerstend\u00f6rfer\",\"item\":\"https:\\\/\\\/gerstendorfer.eu\\\/\"},{\"@type\":\"ListItem\",\"position\":2,\"name\":\"Made in Germany\"}]},{\"@type\":\"WebSite\",\"@id\":\"https:\\\/\\\/gerstendorfer.eu\\\/en\\\/#website\",\"url\":\"https:\\\/\\\/gerstendorfer.eu\\\/en\\\/\",\"name\":\"Gerstend\u00f6rfer\",\"description\":\"Blattgoldfabrik\",\"publisher\":{\"@id\":\"https:\\\/\\\/gerstendorfer.eu\\\/en\\\/#organization\"},\"potentialAction\":[{\"@type\":\"SearchAction\",\"target\":{\"@type\":\"EntryPoint\",\"urlTemplate\":\"https:\\\/\\\/gerstendorfer.eu\\\/en\\\/?s={search_term_string}\"},\"query-input\":{\"@type\":\"PropertyValueSpecification\",\"valueRequired\":true,\"valueName\":\"search_term_string\"}}],\"inLanguage\":\"en-US\"},{\"@type\":\"Organization\",\"@id\":\"https:\\\/\\\/gerstendorfer.eu\\\/en\\\/#organization\",\"name\":\"Gerstend\u00f6rfer GmbH\",\"url\":\"https:\\\/\\\/gerstendorfer.eu\\\/en\\\/\",\"logo\":{\"@type\":\"ImageObject\",\"inLanguage\":\"en-US\",\"@id\":\"https:\\\/\\\/gerstendorfer.eu\\\/en\\\/#\\\/schema\\\/logo\\\/image\\\/\",\"url\":\"https:\\\/\\\/gerstendorfer.eu\\\/wp-content\\\/uploads\\\/2016\\\/08\\\/Gerstendorfer.png\",\"contentUrl\":\"https:\\\/\\\/gerstendorfer.eu\\\/wp-content\\\/uploads\\\/2016\\\/08\\\/Gerstendorfer.png\",\"width\":180,\"height\":144,\"caption\":\"Gerstend\u00f6rfer GmbH\"},\"image\":{\"@id\":\"https:\\\/\\\/gerstendorfer.eu\\\/en\\\/#\\\/schema\\\/logo\\\/image\\\/\"}}]}<\/script>","yoast_head_json":{"title":"Made in Germany - Gerstend\u00f6rfer - Garantiert 100% Deutsche Herstellung","description":"Made in Germany - Gold Leaf Factory Gerstend\u00f6rfer manufactures gold and silver leaf exclusively in Germany. We guarantee 100% German Quality for our\u2026","robots":{"index":"index","follow":"follow","max-snippet":"max-snippet:-1","max-image-preview":"max-image-preview:large","max-video-preview":"max-video-preview:-1"},"og_locale":"en_US","og_type":"article","og_title":"Made in Germany - Gerstend\u00f6rfer - Garantiert 100% Deutsche Herstellung","og_description":"Made in Germany - Gold Leaf Factory Gerstend\u00f6rfer manufactures gold and silver leaf exclusively in Germany. We guarantee 100% German Quality for our\u2026","og_url":"https:\/\/gerstendorfer.eu\/en\/made-in-germany\/","og_site_name":"Gerstend\u00f6rfer","article_modified_time":"2025-11-01T04:47:28+00:00","twitter_card":"summary_large_image","twitter_misc":{"Est. reading time":"1 minute"},"schema":{"@context":"https:\/\/schema.org","@graph":[{"@type":"WebPage","@id":"https:\/\/gerstendorfer.eu\/en\/made-in-germany\/","url":"https:\/\/gerstendorfer.eu\/en\/made-in-germany\/","name":"Made in Germany - Gerstend\u00f6rfer Blattgoldfabrik - 100% Deutsche Qualit\u00e4t","isPartOf":{"@id":"https:\/\/gerstendorfer.eu\/#website"},"datePublished":"2016-09-24T15:13:02+00:00","dateModified":"2025-11-01T04:47:28+00:00","description":"Blattgold und Blattsilber 100% Made in Germany by Gerstend\u00f6rfer. Wir produzieren ausschliesslich in Deutschland und garantieren 100% Deutsche Qualit\u00e4t.","breadcrumb":{"@id":"https:\/\/gerstendorfer.eu\/en\/made-in-germany\/#breadcrumb"},"inLanguage":"en-US","potentialAction":[{"@type":"ReadAction","target":["https:\/\/gerstendorfer.eu\/en\/made-in-germany\/"]}]},{"@type":"BreadcrumbList","@id":"https:\/\/gerstendorfer.eu\/en\/made-in-germany\/#breadcrumb","itemListElement":[{"@type":"ListItem","position":1,"name":"Gerstend\u00f6rfer","item":"https:\/\/gerstendorfer.eu\/"},{"@type":"ListItem","position":2,"name":"Made in Germany"}]},{"@type":"WebSite","@id":"https:\/\/gerstendorfer.eu\/en\/#website","url":"https:\/\/gerstendorfer.eu\/en\/","name":"Gerstend\u00f6rfer","description":"Blattgoldfabrik","publisher":{"@id":"https:\/\/gerstendorfer.eu\/en\/#organization"},"potentialAction":[{"@type":"SearchAction","target":{"@type":"EntryPoint","urlTemplate":"https:\/\/gerstendorfer.eu\/en\/?s={search_term_string}"},"query-input":{"@type":"PropertyValueSpecification","valueRequired":true,"valueName":"search_term_string"}}],"inLanguage":"en-US"},{"@type":"Organization","@id":"https:\/\/gerstendorfer.eu\/en\/#organization","name":"Gerstend\u00f6rfer GmbH","url":"https:\/\/gerstendorfer.eu\/en\/","logo":{"@type":"ImageObject","inLanguage":"en-US","@id":"https:\/\/gerstendorfer.eu\/en\/#\/schema\/logo\/image\/","url":"https:\/\/gerstendorfer.eu\/wp-content\/uploads\/2016\/08\/Gerstendorfer.png","contentUrl":"https:\/\/gerstendorfer.eu\/wp-content\/uploads\/2016\/08\/Gerstendorfer.png","width":180,"height":144,"caption":"Gerstend\u00f6rfer GmbH"},"image":{"@id":"https:\/\/gerstendorfer.eu\/en\/#\/schema\/logo\/image\/"}}]}},"_links":{"self":[{"href":"https:\/\/gerstendorfer.eu\/en\/wp-json\/wp\/v2\/pages\/7644","targetHints":{"allow":["GET"]}}],"collection":[{"href":"https:\/\/gerstendorfer.eu\/en\/wp-json\/wp\/v2\/pages"}],"about":[{"href":"https:\/\/gerstendorfer.eu\/en\/wp-json\/wp\/v2\/types\/page"}],"author":[{"embeddable":true,"href":"https:\/\/gerstendorfer.eu\/en\/wp-json\/wp\/v2\/users\/5"}],"replies":[{"embeddable":true,"href":"https:\/\/gerstendorfer.eu\/en\/wp-json\/wp\/v2\/comments?post=7644"}],"version-history":[{"count":10,"href":"https:\/\/gerstendorfer.eu\/en\/wp-json\/wp\/v2\/pages\/7644\/revisions"}],"predecessor-version":[{"id":8728,"href":"https:\/\/gerstendorfer.eu\/en\/wp-json\/wp\/v2\/pages\/7644\/revisions\/8728"}],"wp:attachment":[{"href":"https:\/\/gerstendorfer.eu\/en\/wp-json\/wp\/v2\/media?parent=7644"}],"curies":[{"name":"wp","href":"https:\/\/api.w.org\/{rel}","templated":true}]}}