{"id":7443,"date":"2016-09-13T08:34:19","date_gmt":"2016-09-13T06:34:19","guid":{"rendered":"http:\/\/gerstendorfer.eu\/?page_id=7443"},"modified":"2025-11-01T05:29:10","modified_gmt":"2025-11-01T04:29:10","slug":"herstellung","status":"publish","type":"page","link":"https:\/\/gerstendorfer.eu\/en\/goldleaf-manufacturing\/","title":{"rendered":"Manufacturing"},"content":{"rendered":"<h1>Herstellung<\/h1>\n<h3>HERSTELLUNG BLATTGOLD<\/h3>\n<div>\n<p><span>Die Herstellung von Blattgold hat eine fast 5000j\u00e4hrige Tradition, die sich im Laufe der Jahrhunderte kaum ver\u00e4ndert hat. Noch immer ist es zum grossen Teil Handarbeit. Nur wenige Arbeitsschritte k\u00f6nnen maschinell erledigt werden.<\/span><br \/><span>Blattgold ist eine Legierung aus Gold, Silber und Kupfer. Sonderlegierungen mit Platin-oder Palladium-Metall. Je nach Zugabe der einzelnen Legierungsbestandteile k\u00f6nnen verschiedene Karatzahlen erzeugt werden.<\/span><\/p>\n<\/div>\n<h3>FABRIKATION BLATTGOLD<\/h3>\n<ul>\n<li>\n<p>        <img decoding=\"async\" src=\"\/wp-content\/uploads\/2018\/04\/melting.jpg\" alt=\"\"><\/p>\n<h3>SCHMELZEN<\/h3>\n<div>\n<p><span>Die Legierungsbestandteile, f\u00fcr die jeweilige zu produzierende Karatzahl, werden bei ca. 1.200 \u2013 1.300\u00b0C <\/span><span>geschmolzen und zu einem Barren, den sogenannten Zain, ausgegossen.<\/span><\/p>\n<\/div>\n<\/li>\n<li>\n<p>        <img decoding=\"async\" src=\"\/wp-content\/uploads\/2018\/04\/rolling.jpg\" alt=\"\"><\/p>\n<h3>WALZEN<\/h3>\n<div>\n<p><span>Der erkaltete Barren wird nun mechanisch zu einem etwa 100 Meter langen und 4 Zentimeter breiten Band gewalzt. Zwischen den Walzvorg\u00e4ngen muss das Goldband immer wieder im Ofen gegl\u00fcht werden, um Spr\u00f6digkeit zu vermeiden.<\/span><\/p>\n<\/div>\n<\/li>\n<li>\n<p>        <img decoding=\"async\" src=\"\/wp-content\/uploads\/2018\/04\/lot-1.jpg\" alt=\"\"><\/p>\n<h3>LOT<\/h3>\n<div>\n<p><span>Das fertige Goldband wird in Quadrate im Format 40 x 40 mm geschnitten und von der Goldzurichterin oder maschinell einzeln in das sogenannte Lot (Pergaminpapierbl\u00e4tter) mittig eingef\u00fcllt.<\/span><\/p>\n<\/div>\n<\/li>\n<li>\n<p>        <img decoding=\"async\" src=\"\/wp-content\/uploads\/2018\/04\/beating-1.jpg\" alt=\"\"><\/p>\n<h3>1. SCHLAGPROZESS<\/h3>\n<div>\n<p><span>Das Lot wird in ein Kreuzband aus Rindsleder gesteckt und mechanisch unter einem Federhammer zu einer Gr\u00f6sse von ca. 160 x 160 mm ausgeschlagen.<\/span><\/p>\n<\/div>\n<\/li>\n<li>\n<p>        <img decoding=\"async\" src=\"\/wp-content\/uploads\/2018\/04\/quality-1.jpg\" alt=\"\"><\/p>\n<h3>KONTROLLE <\/h3>\n<div>\n<p><span>Das fertig geschlagene Lotgold wird sorgf\u00e4ltig kontrolliert, bevor es in neun Teile (Quadrate) geschnitten wird, um es dem n\u00e4chsten Arbeitsschritt zuzuf\u00fchren.<\/span><\/p>\n<\/div>\n<\/li>\n<li>\n<p>        <img decoding=\"async\" src=\"\/wp-content\/uploads\/2018\/04\/mould.jpg\" alt=\"\"><\/p>\n<h3>FORM<\/h3>\n<div>\n<p><span>Die Goldzurichterin separiert das Gold vom Papier und f\u00fcllt es in die Fertig-Schlag-Form (speziell beschichtete Folienbl\u00e4tter) ein. Durch den 2. Schlagprozess erh\u00e4lt das Gold seine endg\u00fcltige Dicke von ca. 1\/8000 \u2013 1\/10000 mm.<\/span><\/p>\n<\/div>\n<\/li>\n<li>\n<p>        <img decoding=\"async\" src=\"\/wp-content\/uploads\/2018\/04\/quality-2.jpg\" alt=\"\"><\/p>\n<h3>KONTROLLE<\/h3>\n<div>\n<p><span>Das fertig ausgeschlagene Gold wird von der Goldbeschneiderin mit Hilfe einer Holzzange aus der Form genommen und auf Qualit\u00e4t \u00fcberpr\u00fcft.<\/span><\/p>\n<\/div>\n<\/li>\n<li>\n<p>        <img decoding=\"async\" src=\"\/wp-content\/uploads\/2018\/04\/cutting.jpg\" alt=\"\"><\/p>\n<h3>BESCHNEIDEN<\/h3>\n<div>\n<p><span>Das kontrollierte Gold wird mit dem sogenannten Beschneidekarren auf die jeweilige quadratische Gr\u00f6sse (Standardmass 80 x 80 mm) zugeschnitten und in Seidenpapierb\u00fcchlein zu je 25 Blatt gelegt.<\/span><\/p>\n<\/div>\n<\/li>\n<\/ul>\n<div>\n<p>        <img decoding=\"async\" src=\"\/wp-content\/uploads\/2016\/09\/herstellung-1-image.jpg\" alt=\"\"><\/p>\n<h3>100% MADE IN GERMANY<\/h3>\n<p><a href=\"\/made-in-germany\/\">Weiterlesen<\/a><\/p>\n<\/div>\n<p><!--more--><br \/>\n<!-- {\"type\":\"layout\",\"children\":[{\"type\":\"section\",\"props\":{\"header_transparent\":false,\"header_transparent_noplaceholder\":false,\"header_transparent_text_color\":\"light\",\"height\":\"viewport\",\"height_viewport\":35,\"image\":\"wp-content\\\/uploads\\\/2016\\\/09\\\/herstellung-1-image-1.jpg\",\"image_position\":\"center-center\",\"image_size\":\"cover\",\"media_focal_point\":\"top-right\",\"overlap\":false,\"padding\":\"none\",\"style\":\"default\",\"text_color\":\"light\",\"title_breakpoint\":\"xl\",\"title_position\":\"top-left\",\"title_rotation\":\"left\",\"vertical_align\":\"middle\",\"width\":\"default\"},\"children\":[{\"type\":\"row\",\"children\":[{\"type\":\"column\",\"props\":{\"image_position\":\"center-center\",\"position_sticky_breakpoint\":\"m\",\"width_medium\":\"1-1\"},\"children\":[{\"type\":\"headline\",\"props\":{\"content\":\"Herstellung\",\"content_en_us\":\"Goldleaf Manufacturing\",\"text_align\":\"left\",\"title_element\":\"h1\",\"title_style\":\"h1\"}}]}]}],\"name\":\"Hero\"},{\"type\":\"section\",\"props\":{\"image_position\":\"center-center\",\"padding\":\"large\",\"style\":\"default\",\"title_breakpoint\":\"xl\",\"title_position\":\"top-left\",\"title_rotation\":\"left\",\"vertical_align\":\"\",\"width\":\"default\"},\"children\":[{\"type\":\"row\",\"children\":[{\"type\":\"column\",\"props\":{\"image_position\":\"center-center\",\"position_sticky_breakpoint\":\"m\"},\"children\":[{\"type\":\"headline\",\"props\":{\"content\":\"HERSTELLUNG BLATTGOLD\",\"content_en_us\":\"GOLD LEAF MANUFACTURING PROCESS\",\"title_element\":\"h3\"}},{\"type\":\"text\",\"props\":{\"column_breakpoint\":\"m\",\"content\":\"\n\n<p><span>Die Herstellung von Blattgold hat eine fast 5000j\\u00e4hrige Tradition, die sich im Laufe der Jahrhunderte kaum ver\\u00e4ndert hat. Noch immer ist es zum grossen Teil Handarbeit. Nur wenige Arbeitsschritte k\\u00f6nnen maschinell erledigt werden.<\\\/span><br \\\/><span>Blattgold ist eine Legierung aus Gold, Silber und Kupfer. Sonderlegierungen mit Platin-oder Palladium-Metall. Je nach Zugabe der einzelnen Legierungsbestandteile k\\u00f6nnen verschiedene Karatzahlen erzeugt werden.<\\\/span><\\\/p>\",\"content_en_us\":\"\n\n<p><span>The Gold Leaf manufacturing process has an over 5.000 years tradition and basically remained the same over this time. It is still for the most part handcraft, only a few production steps can be handled by machines.<\\\/span><br \\\/><span>Gold Leaf is a alloy of gold, silver and copper. Special alloys made from platinum or palladium. Depending on the addition of the individual alloying components, different carats can be achieved.<\\\/span><\\\/p>\",\"margin\":\"default\",\"text_align\":\"justify\"}}]}]}],\"name\":\"Blattgoldfabrik\"},{\"type\":\"section\",\"props\":{\"image_position\":\"center-center\",\"style\":\"muted\",\"title_breakpoint\":\"xl\",\"title_position\":\"top-left\",\"title_rotation\":\"left\",\"vertical_align\":\"middle\",\"width\":\"default\"},\"children\":[{\"type\":\"row\",\"children\":[{\"type\":\"column\",\"props\":{\"image_position\":\"center-center\",\"position_sticky_breakpoint\":\"m\"},\"children\":[{\"type\":\"headline\",\"props\":{\"content\":\"FABRIKATION BLATTGOLD\",\"content_en_us\":\"MANUFACTURING PROCESS\\n\",\"title_element\":\"h3\"}},{\"type\":\"grid\",\"props\":{\"block_align\":\"center\",\"content_column_breakpoint\":\"m\",\"filter_align\":\"left\",\"filter_all\":true,\"filter_grid_breakpoint\":\"m\",\"filter_grid_width\":\"auto\",\"filter_position\":\"top\",\"filter_style\":\"tab\",\"grid_default\":\"1\",\"grid_medium\":\"\",\"icon_width\":80,\"image_align\":\"left\",\"image_grid_breakpoint\":\"m\",\"image_grid_width\":\"large\",\"image_svg_color\":\"emphasis\",\"item_animation\":true,\"lightbox_bg_close\":true,\"link_style\":\"default\",\"link_text\":\"Read more\",\"margin\":\"default\",\"maxwidth\":\"2xlarge\",\"meta_align\":\"below-title\",\"meta_element\":\"div\",\"meta_style\":\"text-meta\",\"show_content\":true,\"show_hover_image\":true,\"show_hover_video\":true,\"show_image\":true,\"show_link\":true,\"show_meta\":true,\"show_title\":true,\"show_video\":true,\"title_align\":\"top\",\"title_element\":\"h3\",\"title_grid_breakpoint\":\"m\",\"title_grid_width\":\"1-2\",\"title_hover_style\":\"reset\"},\"children\":[{\"type\":\"grid_item\",\"props\":{\"content\":\"\n\n<p><span>Die Legierungsbestandteile, f\\u00fcr die jeweilige zu produzierende Karatzahl, werden bei ca. 1.200 \\u2013 1.300\\u00b0C <\\\/span><span>geschmolzen und zu einem Barren, den sogenannten Zain, ausgegossen.<\\\/span><\\\/p>\",\"content_en_us\":\"\n\n<p><span>The alloying components are being melted at approxoximately 1.200 \\u2013 1.300\\u00b0C and poured into gold bar. Various \\u201ccolours\\u201d can be created according to the addition and quantity of the different metals.<\\\/span><\\\/p>\",\"image\":\"wp-content\\\/uploads\\\/2018\\\/04\\\/melting.jpg\",\"title\":\"SCHMELZEN\",\"title_en_us\":\"MELTING\"}},{\"type\":\"grid_item\",\"props\":{\"content\":\"\n\n<p><span>Der erkaltete Barren wird nun mechanisch zu einem etwa 100 Meter langen und 4 Zentimeter breiten Band gewalzt. Zwischen den Walzvorg\\u00e4ngen muss das Goldband immer wieder im Ofen gegl\\u00fcht werden, um Spr\\u00f6digkeit zu vermeiden.<\\\/span><\\\/p>\",\"content_en_us\":\"\n\n<p><span>The cooled down gold bar will mechanically rolled out into a thin gold ribbon (approx. length 100 metre, width 4 centimetre). Between the rolling processes, the gold ribbon has to be soft annealed consistently to avoid brittleness.<\\\/span><\\\/p>\",\"image\":\"wp-content\\\/uploads\\\/2018\\\/04\\\/rolling.jpg\",\"title\":\"WALZEN\",\"title_en_us\":\"ROLLING\"}},{\"type\":\"grid_item\",\"props\":{\"content\":\"\n\n<p><span>Das fertige Goldband wird in Quadrate im Format 40 x 40 mm geschnitten und von der Goldzurichterin oder maschinell einzeln in das sogenannte Lot (Pergaminpapierbl\\u00e4tter) mittig eingef\\u00fcllt.<\\\/span><\\\/p>\",\"content_en_us\":\"\n\n<p><span>The ready rolled gold ribbon is being cut into squares (size of 40 x 40 mm) and filled into special paper packets called \\u201cLot\\u201d (greaseproof paper). Before this happens, the \\u201cLot\\u201d has to be prepared with a special gypsum. This is necessary, so that the gold doesn\\u2019t stick on the paper during the beating process.<\\\/span><\\\/p>\",\"image\":\"wp-content\\\/uploads\\\/2018\\\/04\\\/lot-1.jpg\",\"title\":\"LOT\",\"title_en_us\":\"LOT\"}},{\"type\":\"grid_item\",\"props\":{\"content\":\"\n\n<p><span>Das Lot wird in ein Kreuzband aus Rindsleder gesteckt und mechanisch unter einem Federhammer zu einer Gr\\u00f6sse von ca. 160 x 160 mm ausgeschlagen.<\\\/span><\\\/p>\",\"content_en_us\":\"\n\n<p><span>The \\u201cLot\\u201d is being put in a cross-band made of calf leather and beaten out with hammers to a size of about 160 x 160 mm.<\\\/span><\\\/p>\",\"image\":\"wp-content\\\/uploads\\\/2018\\\/04\\\/beating-1.jpg\",\"title\":\"1. SCHLAGPROZESS\",\"title_en_us\":\"1. BEATING PROCESS\"}},{\"type\":\"grid_item\",\"props\":{\"content\":\"\n\n<p><span>Das fertig geschlagene Lotgold wird sorgf\\u00e4ltig kontrolliert, bevor es in neun Teile (Quadrate) geschnitten wird, um es dem n\\u00e4chsten Arbeitsschritt zuzuf\\u00fchren.<\\\/span><\\\/p>\",\"content_en_us\":\"\n\n<p><span>After controlling of the first beating process, the beaten \\u201cLot\\u201d with the gold is being cut into nine parts.<\\\/span><\\\/p>\",\"image\":\"wp-content\\\/uploads\\\/2018\\\/04\\\/quality-1.jpg\",\"title\":\"KONTROLLE \",\"title_en_us\":\"QUALITY CONTROL\"}},{\"type\":\"grid_item\",\"props\":{\"content\":\"\n\n<p><span>Die Goldzurichterin separiert das Gold vom Papier und f\\u00fcllt es in die Fertig-Schlag-Form (speziell beschichtete Folienbl\\u00e4tter) ein. Durch den 2. Schlagprozess erh\\u00e4lt das Gold seine endg\\u00fcltige Dicke von ca. 1\\\/8000 \\u2013 1\\\/10000 mm.<\\\/span><\\\/p>\",\"content_en_us\":\"\n\n<p><span>The gold leaf is being separated from the \\u201cLot\\u201d and filled into the mould. Through the second beating process, the gold gets it\\u2019s final thickness of approximately 1\\\/8000 mm \\u2013 1\\\/10000 mm.<\\\/span><\\\/p>\",\"image\":\"wp-content\\\/uploads\\\/2018\\\/04\\\/mould.jpg\",\"title\":\"FORM\",\"title_en_us\":\"MOULD\"}},{\"type\":\"grid_item\",\"props\":{\"content\":\"\n\n<p><span>Das fertig ausgeschlagene Gold wird von der Goldbeschneiderin mit Hilfe einer Holzzange aus der Form genommen und auf Qualit\\u00e4t \\u00fcberpr\\u00fcft.<\\\/span><\\\/p>\",\"content_en_us\":\"\n\n<p><span>The gold leaf is being taken out of the mould by experts and checked carefully for possible flaws.<\\\/span><\\\/p>\",\"image\":\"wp-content\\\/uploads\\\/2018\\\/04\\\/quality-2.jpg\",\"title\":\"KONTROLLE\",\"title_en_us\":\"QUALITY CONTROL\"}},{\"type\":\"grid_item\",\"props\":{\"content\":\"\n\n<p><span>Das kontrollierte Gold wird mit dem sogenannten Beschneidekarren auf die jeweilige quadratische Gr\\u00f6sse (Standardmass 80 x 80 mm) zugeschnitten und in Seidenpapierb\\u00fcchlein zu je 25 Blatt gelegt.<\\\/span><\\\/p>\",\"content_en_us\":\"\n\n<p><span>The gold leaf is being cut into the respective size (standard size 80 x 80 mm) and being carefully inserted into tissue paper booklets with 25 leaves each.<\\\/span><\\\/p>\",\"image\":\"wp-content\\\/uploads\\\/2018\\\/04\\\/cutting.jpg\",\"title\":\"BESCHNEIDEN\",\"title_en_us\":\"CUTTING \\\/ PACKAGING\"}}]},{\"type\":\"overlay\",\"props\":{\"block_align\":\"center\",\"css\":\".el-title{color: #000;}\",\"height_expand\":true,\"image\":\"wp-content\\\/uploads\\\/2016\\\/09\\\/herstellung-1-image.jpg\",\"link\":\"made-in-germany\\\/\",\"link_en_us\":\"en\\\/made-in-germany\",\"link_style\":\"primary\",\"link_text\":\"Weiterlesen\",\"link_text_en_us\":\"Read more\",\"margin\":\"default\",\"maxwidth\":\"2xlarge\",\"meta\":\"\",\"meta_align\":\"below-title\",\"meta_color\":\"emphasis\",\"meta_element\":\"div\",\"meta_style\":\"text-meta\",\"overlay_hover\":false,\"overlay_maxwidth\":\"medium\",\"overlay_mode\":\"caption\",\"overlay_position\":\"center-right\",\"overlay_style\":\"\",\"overlay_transition\":\"fade\",\"text_align\":\"center\",\"text_color\":\"dark\",\"title\":\"100% MADE IN GERMANY\",\"title_element\":\"h3\",\"title_en_us\":\"100% MADE IN GERMANY\",\"title_hover_style\":\"reset\"},\"name\":\"Overlay - 1\"}]}]}]}],\"version\":\"4.5.31\"} --><\/p>\n","protected":false},"excerpt":{"rendered":"<p>Herstellung HERSTELLUNG BLATTGOLD Die Herstellung von Blattgold hat eine fast 5000j\u00e4hrige Tradition, die sich im Laufe der Jahrhunderte kaum ver\u00e4ndert hat. Noch immer ist es zum grossen Teil Handarbeit. Nur wenige Arbeitsschritte k\u00f6nnen maschinell erledigt werden.Blattgold ist eine Legierung aus Gold, Silber und Kupfer. Sonderlegierungen mit Platin-oder Palladium-Metall. Je nach Zugabe der einzelnen Legierungsbestandteile k\u00f6nnen [&hellip;]<\/p>\n","protected":false},"author":5,"featured_media":0,"parent":0,"menu_order":0,"comment_status":"closed","ping_status":"closed","template":"","meta":{"footnotes":""},"class_list":["post-7443","page","type-page","status-publish","hentry"],"yoast_head":"<title>Goldleaf Manufacturing Process - Gerstend\u00f6rfer - Gold Beater since 1843<\/title>\n<meta name=\"description\" content=\"The Goldleaf manufacturing process has an over 5.000 years tradition and basically remained the same over this time. Gold Leaf by Gerstend\u00f6rfer is made\u2026\" \/>\n<meta name=\"robots\" content=\"index, follow, max-snippet:-1, max-image-preview:large, max-video-preview:-1\" \/>\n<meta property=\"og:locale\" content=\"en_US\" \/>\n<meta property=\"og:type\" content=\"article\" \/>\n<meta property=\"og:title\" content=\"Goldleaf Manufacturing Process - Gerstend\u00f6rfer - Gold Beater since 1843\" \/>\n<meta property=\"og:description\" content=\"The Goldleaf manufacturing process has an over 5.000 years tradition and basically remained the same over this time. Gold Leaf by Gerstend\u00f6rfer is made\u2026\" \/>\n<meta property=\"og:url\" content=\"https:\/\/gerstendorfer.eu\/en\/goldleaf-manufacturing\/\" \/>\n<meta property=\"og:site_name\" content=\"Gerstend\u00f6rfer\" \/>\n<meta property=\"article:modified_time\" content=\"2025-11-01T04:29:10+00:00\" \/>\n<meta name=\"twitter:card\" content=\"summary_large_image\" \/>\n<meta name=\"twitter:label1\" content=\"Est. reading time\" \/>\n\t<meta name=\"twitter:data1\" content=\"1 minute\" \/>\n<script type=\"application\/ld+json\" class=\"yoast-schema-graph\">{\"@context\":\"https:\\\/\\\/schema.org\",\"@graph\":[{\"@type\":\"WebPage\",\"@id\":\"https:\\\/\\\/gerstendorfer.eu\\\/en\\\/goldleaf-manufacturing\\\/\",\"url\":\"https:\\\/\\\/gerstendorfer.eu\\\/en\\\/goldleaf-manufacturing\\\/\",\"name\":\"Herstellung von Blattgold - Gerstend\u00f6rfer Blattgoldfabrik seit 1843\",\"isPartOf\":{\"@id\":\"https:\\\/\\\/gerstendorfer.eu\\\/#website\"},\"datePublished\":\"2016-09-13T06:34:19+00:00\",\"dateModified\":\"2025-11-01T04:29:10+00:00\",\"description\":\"Herstellung Blattgold - Die Firma Gerstend\u00f6rfer fertigt seit \u00fcber 175 Jahren Blattgold, Blattsilber und Palladium in eigener Fabrikation in Deutschland. Wir produzieren ebenso Pudergold, Pudersilber und verschiedenste Vergolderartikel.\",\"breadcrumb\":{\"@id\":\"https:\\\/\\\/gerstendorfer.eu\\\/en\\\/goldleaf-manufacturing\\\/#breadcrumb\"},\"inLanguage\":\"en-US\",\"potentialAction\":[{\"@type\":\"ReadAction\",\"target\":[\"https:\\\/\\\/gerstendorfer.eu\\\/en\\\/goldleaf-manufacturing\\\/\"]}]},{\"@type\":\"BreadcrumbList\",\"@id\":\"https:\\\/\\\/gerstendorfer.eu\\\/en\\\/goldleaf-manufacturing\\\/#breadcrumb\",\"itemListElement\":[{\"@type\":\"ListItem\",\"position\":1,\"name\":\"Gerstend\u00f6rfer\",\"item\":\"https:\\\/\\\/gerstendorfer.eu\\\/\"},{\"@type\":\"ListItem\",\"position\":2,\"name\":\"Manufacturing\"}]},{\"@type\":\"WebSite\",\"@id\":\"https:\\\/\\\/gerstendorfer.eu\\\/en\\\/#website\",\"url\":\"https:\\\/\\\/gerstendorfer.eu\\\/en\\\/\",\"name\":\"Gerstend\u00f6rfer\",\"description\":\"Blattgoldfabrik\",\"publisher\":{\"@id\":\"https:\\\/\\\/gerstendorfer.eu\\\/en\\\/#organization\"},\"potentialAction\":[{\"@type\":\"SearchAction\",\"target\":{\"@type\":\"EntryPoint\",\"urlTemplate\":\"https:\\\/\\\/gerstendorfer.eu\\\/en\\\/?s={search_term_string}\"},\"query-input\":{\"@type\":\"PropertyValueSpecification\",\"valueRequired\":true,\"valueName\":\"search_term_string\"}}],\"inLanguage\":\"en-US\"},{\"@type\":\"Organization\",\"@id\":\"https:\\\/\\\/gerstendorfer.eu\\\/en\\\/#organization\",\"name\":\"Gerstend\u00f6rfer GmbH\",\"url\":\"https:\\\/\\\/gerstendorfer.eu\\\/en\\\/\",\"logo\":{\"@type\":\"ImageObject\",\"inLanguage\":\"en-US\",\"@id\":\"https:\\\/\\\/gerstendorfer.eu\\\/en\\\/#\\\/schema\\\/logo\\\/image\\\/\",\"url\":\"https:\\\/\\\/gerstendorfer.eu\\\/wp-content\\\/uploads\\\/2016\\\/08\\\/Gerstendorfer.png\",\"contentUrl\":\"https:\\\/\\\/gerstendorfer.eu\\\/wp-content\\\/uploads\\\/2016\\\/08\\\/Gerstendorfer.png\",\"width\":180,\"height\":144,\"caption\":\"Gerstend\u00f6rfer GmbH\"},\"image\":{\"@id\":\"https:\\\/\\\/gerstendorfer.eu\\\/en\\\/#\\\/schema\\\/logo\\\/image\\\/\"}}]}<\/script>","yoast_head_json":{"title":"Goldleaf Manufacturing Process - Gerstend\u00f6rfer - Gold Beater since 1843","description":"The Goldleaf manufacturing process has an over 5.000 years tradition and basically remained the same over this time. Gold Leaf by Gerstend\u00f6rfer is made\u2026","robots":{"index":"index","follow":"follow","max-snippet":"max-snippet:-1","max-image-preview":"max-image-preview:large","max-video-preview":"max-video-preview:-1"},"og_locale":"en_US","og_type":"article","og_title":"Goldleaf Manufacturing Process - Gerstend\u00f6rfer - Gold Beater since 1843","og_description":"The Goldleaf manufacturing process has an over 5.000 years tradition and basically remained the same over this time. Gold Leaf by Gerstend\u00f6rfer is made\u2026","og_url":"https:\/\/gerstendorfer.eu\/en\/goldleaf-manufacturing\/","og_site_name":"Gerstend\u00f6rfer","article_modified_time":"2025-11-01T04:29:10+00:00","twitter_card":"summary_large_image","twitter_misc":{"Est. reading time":"1 minute"},"schema":{"@context":"https:\/\/schema.org","@graph":[{"@type":"WebPage","@id":"https:\/\/gerstendorfer.eu\/en\/goldleaf-manufacturing\/","url":"https:\/\/gerstendorfer.eu\/en\/goldleaf-manufacturing\/","name":"Herstellung von Blattgold - Gerstend\u00f6rfer Blattgoldfabrik seit 1843","isPartOf":{"@id":"https:\/\/gerstendorfer.eu\/#website"},"datePublished":"2016-09-13T06:34:19+00:00","dateModified":"2025-11-01T04:29:10+00:00","description":"Herstellung Blattgold - Die Firma Gerstend\u00f6rfer fertigt seit \u00fcber 175 Jahren Blattgold, Blattsilber und Palladium in eigener Fabrikation in Deutschland. Wir produzieren ebenso Pudergold, Pudersilber und verschiedenste Vergolderartikel.","breadcrumb":{"@id":"https:\/\/gerstendorfer.eu\/en\/goldleaf-manufacturing\/#breadcrumb"},"inLanguage":"en-US","potentialAction":[{"@type":"ReadAction","target":["https:\/\/gerstendorfer.eu\/en\/goldleaf-manufacturing\/"]}]},{"@type":"BreadcrumbList","@id":"https:\/\/gerstendorfer.eu\/en\/goldleaf-manufacturing\/#breadcrumb","itemListElement":[{"@type":"ListItem","position":1,"name":"Gerstend\u00f6rfer","item":"https:\/\/gerstendorfer.eu\/"},{"@type":"ListItem","position":2,"name":"Manufacturing"}]},{"@type":"WebSite","@id":"https:\/\/gerstendorfer.eu\/en\/#website","url":"https:\/\/gerstendorfer.eu\/en\/","name":"Gerstend\u00f6rfer","description":"Blattgoldfabrik","publisher":{"@id":"https:\/\/gerstendorfer.eu\/en\/#organization"},"potentialAction":[{"@type":"SearchAction","target":{"@type":"EntryPoint","urlTemplate":"https:\/\/gerstendorfer.eu\/en\/?s={search_term_string}"},"query-input":{"@type":"PropertyValueSpecification","valueRequired":true,"valueName":"search_term_string"}}],"inLanguage":"en-US"},{"@type":"Organization","@id":"https:\/\/gerstendorfer.eu\/en\/#organization","name":"Gerstend\u00f6rfer GmbH","url":"https:\/\/gerstendorfer.eu\/en\/","logo":{"@type":"ImageObject","inLanguage":"en-US","@id":"https:\/\/gerstendorfer.eu\/en\/#\/schema\/logo\/image\/","url":"https:\/\/gerstendorfer.eu\/wp-content\/uploads\/2016\/08\/Gerstendorfer.png","contentUrl":"https:\/\/gerstendorfer.eu\/wp-content\/uploads\/2016\/08\/Gerstendorfer.png","width":180,"height":144,"caption":"Gerstend\u00f6rfer GmbH"},"image":{"@id":"https:\/\/gerstendorfer.eu\/en\/#\/schema\/logo\/image\/"}}]}},"_links":{"self":[{"href":"https:\/\/gerstendorfer.eu\/en\/wp-json\/wp\/v2\/pages\/7443","targetHints":{"allow":["GET"]}}],"collection":[{"href":"https:\/\/gerstendorfer.eu\/en\/wp-json\/wp\/v2\/pages"}],"about":[{"href":"https:\/\/gerstendorfer.eu\/en\/wp-json\/wp\/v2\/types\/page"}],"author":[{"embeddable":true,"href":"https:\/\/gerstendorfer.eu\/en\/wp-json\/wp\/v2\/users\/5"}],"replies":[{"embeddable":true,"href":"https:\/\/gerstendorfer.eu\/en\/wp-json\/wp\/v2\/comments?post=7443"}],"version-history":[{"count":10,"href":"https:\/\/gerstendorfer.eu\/en\/wp-json\/wp\/v2\/pages\/7443\/revisions"}],"predecessor-version":[{"id":8674,"href":"https:\/\/gerstendorfer.eu\/en\/wp-json\/wp\/v2\/pages\/7443\/revisions\/8674"}],"wp:attachment":[{"href":"https:\/\/gerstendorfer.eu\/en\/wp-json\/wp\/v2\/media?parent=7443"}],"curies":[{"name":"wp","href":"https:\/\/api.w.org\/{rel}","templated":true}]}}