{"id":7411,"date":"2016-08-12T14:07:27","date_gmt":"2016-08-12T12:07:27","guid":{"rendered":"http:\/\/gerstendorfer.eu\/?page_id=7411"},"modified":"2025-11-01T05:29:10","modified_gmt":"2025-11-01T04:29:10","slug":"handwerk","status":"publish","type":"page","link":"https:\/\/gerstendorfer.eu\/en\/gold-leaf-handcraft\/","title":{"rendered":"Handcraft"},"content":{"rendered":"<h1>Handwerk<\/h1>\n<h3>TRADITION UND HANDWERK<\/h3>\n<div>\n<p><span>Die Herstellung von Blattgold hat eine fast f\u00fcnftausendj\u00e4hrige Tradition. Bereits im alten \u00c4gypten kannte man die Anwendung von Blattgold f\u00fcr Dekorationszwecke. Die fr\u00fcheste Darstellung eines Goldschl\u00e4gers ist um 2500 v.Chr. entstanden und befindet sich in einem Grab in der alt\u00e4gyptischen Nekropole von Sakkara. Auf dieser Abbildung liegt die Form auf einem steinernen Amboss, die mit einem kugelf\u00f6rmigen Steinwerkzeug bearbeitet wird.<\/span><br \/><span>Indien ist das Land, in dem die Blattgoldherstellung die l\u00e4ngste Tradition vorweist. Bereits um 600 v.Chr. wurden buddhistischen Statuen mit Blattgold vergoldet. Ebenso ist das Handwerk in Japan und China zu dieser Zeit bekannt.<\/span><br \/><span>In Griechenland werden zur Zeit Homers um 850 v.Chr. G\u00f6tterstatuen mit Goldbl\u00e4ttchen belegt und der Geschichtsschreiber Plinius berichtet, dass die R\u00f6mer nach 146 v.Chr. aus einer Unze Gold, 750 Bl\u00e4tter von 4 Finger Seitenl\u00e4nge und mit einer Dicke von 1\/3000 mm herzustellen vermochten.<\/span><\/p>\n<\/div>\n<h3>TRADITION IN DEUTSCHLAND<\/h3>\n<div>\n<p>Im fr\u00fchen Mittelalter sind es M\u00f6nche, die als erste Goldschl\u00e4ger in Deutschland auftreten und das Blattgold f\u00fcr die Buchmalerei verwenden. So beschreibt die im 12. Jahrhundert entstandene Wolfenb\u00fcttler Theophilus-Handschrift das Goldschl\u00e4gerverfahren in jener Zeit.<br \/>Von den M\u00f6nchen \u00fcbernehmen sp\u00e4ter weltliche Handwerker die Kunst des Goldschlagens und lassen sich vor allem in den wichtigen Handelsst\u00e4dten nieder und hier speziell in der freien Reichshauptstadt N\u00fcrnberg. Der erste Goldschl\u00e4ger in N\u00fcrnberg wurde urkundlich im Jahre 1373 erw\u00e4hnt. Zuerst gilt das N\u00fcrnberger Goldschl\u00e4gerhandwerk als freie Kunst (Handwerk ohne Ordnung und Gesetz) und wurde im Jahre 1554 in ein \u201egeschworenes Handwerk\u201c umgewandelt. Der Gro\u00dfraum N\u00fcrnberg \u2013 F\u00fcrth \u2013 Schwabach entwickelte sich zum Weltzentrum der Blattgoldfabrikation.<\/p>\n<p>Der erste urkundlich erw\u00e4hnte Goldschl\u00e4ger, Jakob Ratzer, erhielt 1572 das B\u00fcrgerrecht in Schwabach. In den nachfolgenden Jahrhunderten siedelten sich immer mehr Blattgoldschl\u00e4gereien aus N\u00fcrnberg und F\u00fcrth, in Schwabach an. Der H\u00f6hepunkt dieser Entwicklung lag im Jahre 1926. In dieser Zeit z\u00e4hlte man in Schwabach 127 Betriebe, die insgesamt 739 Personen besch\u00e4ftigten.<\/p>\n<\/div>\n<h3>KUNST UND TRADITION<br \/>BLATTGOLDHERSTELLUNG<\/h3>\n<p><p>\n        <a href=\"\/herstellung\/\">Weiterlesen<\/a>\n    <\/p>\n<\/p>\n<p><!--more--><br \/>\n<!-- {\"type\":\"layout\",\"children\":[{\"type\":\"section\",\"props\":{\"header_transparent\":false,\"header_transparent_noplaceholder\":false,\"header_transparent_text_color\":\"light\",\"height\":\"viewport\",\"height_viewport\":35,\"image\":\"wp-content\\\/uploads\\\/2016\\\/08\\\/handwerk-image-1.jpg\",\"image_position\":\"top-center\",\"image_size\":\"cover\",\"media_focal_point\":\"top-right\",\"overlap\":false,\"padding\":\"none\",\"style\":\"default\",\"text_color\":\"light\",\"title_breakpoint\":\"xl\",\"title_position\":\"top-left\",\"title_rotation\":\"left\",\"vertical_align\":\"middle\",\"width\":\"default\"},\"children\":[{\"type\":\"row\",\"children\":[{\"type\":\"column\",\"props\":{\"image_position\":\"center-center\",\"position_sticky_breakpoint\":\"m\",\"width_medium\":\"1-1\"},\"children\":[{\"type\":\"headline\",\"props\":{\"content\":\"Handwerk\",\"content_en_us\":\"Gold Leaf Handcraft\",\"text_align\":\"center\",\"title_element\":\"h1\",\"title_style\":\"h1\"}}]}]}],\"name\":\"Hero\"},{\"type\":\"section\",\"props\":{\"image_position\":\"center-center\",\"padding\":\"large\",\"style\":\"default\",\"title_breakpoint\":\"xl\",\"title_position\":\"top-left\",\"title_rotation\":\"left\",\"vertical_align\":\"\",\"width\":\"default\"},\"children\":[{\"type\":\"row\",\"children\":[{\"type\":\"column\",\"props\":{\"image_position\":\"center-center\",\"position_sticky_breakpoint\":\"m\"},\"children\":[{\"type\":\"headline\",\"props\":{\"content\":\"TRADITION UND HANDWERK\",\"content_en_us\":\"TRADITION AND HANDCRAFT\",\"title_element\":\"h3\"}},{\"type\":\"text\",\"props\":{\"column_breakpoint\":\"m\",\"content\":\"\n\n<p><span>Die Herstellung von Blattgold hat eine fast f\\u00fcnftausendj\\u00e4hrige Tradition. Bereits im alten \\u00c4gypten kannte man die Anwendung von Blattgold f\\u00fcr Dekorationszwecke. Die fr\\u00fcheste Darstellung eines Goldschl\\u00e4gers ist um 2500 v.Chr. entstanden und befindet sich in einem Grab in der alt\\u00e4gyptischen Nekropole von Sakkara. Auf dieser Abbildung liegt die Form auf einem steinernen Amboss, die mit einem kugelf\\u00f6rmigen Steinwerkzeug bearbeitet wird.<\\\/span><br \\\/><span>Indien ist das Land, in dem die Blattgoldherstellung die l\\u00e4ngste Tradition vorweist. Bereits um 600 v.Chr. wurden buddhistischen Statuen mit Blattgold vergoldet. Ebenso ist das Handwerk in Japan und China zu dieser Zeit bekannt.<\\\/span><br \\\/><span>In Griechenland werden zur Zeit Homers um 850 v.Chr. G\\u00f6tterstatuen mit Goldbl\\u00e4ttchen belegt und der Geschichtsschreiber Plinius berichtet, dass die R\\u00f6mer nach 146 v.Chr. aus einer Unze Gold, 750 Bl\\u00e4tter von 4 Finger Seitenl\\u00e4nge und mit einer Dicke von 1\\\/3000 mm herzustellen vermochten.<\\\/span><\\\/p>\",\"content_en_us\":\"\n\n<p><span>The manufacture of gold leaf has an almost five thousand year old tradition. Already in the old Egypt, people knew about the use of gold leaf for decoration purposes. The earliest representation of a gold beater dates to 2500 BC and is in a grave in the ancient Egyptian necropolis of Saqqara. This illustration shows the mould, lying on a stone anvil, which is beaten with a spherical stone tool.<\\\/span><br \\\/><span>India has the longest tradition of gold leaf manufacturing. Already in 600 BC, they used thin gold leaves for buddhist statues. The craft is also known in Japan and China at this time.<\\\/span><br \\\/><span>In Greece, at the time of Homer around 850 BC, Gods-statues were applied with gold leaves. The historian Plinius reports that the Romans, after 146 BC, were able to produce 750 leaves of 4 finger lateral length and a thickness of 1\\\/3000 mm from one ounce.<\\\/span><\\\/p>\",\"margin\":\"default\",\"text_align\":\"justify\"}}]}]}],\"name\":\"Handwerk\"},{\"type\":\"section\",\"props\":{\"image_position\":\"center-center\",\"style\":\"muted\",\"title_breakpoint\":\"xl\",\"title_position\":\"top-left\",\"title_rotation\":\"left\",\"vertical_align\":\"middle\",\"width\":\"default\"},\"children\":[{\"type\":\"row\",\"children\":[{\"type\":\"column\",\"props\":{\"image_position\":\"center-center\",\"position_sticky_breakpoint\":\"m\"},\"children\":[{\"type\":\"headline\",\"props\":{\"content\":\"TRADITION IN DEUTSCHLAND\",\"content_en_us\":\"TRADITION IN GERMANY\",\"title_element\":\"h3\"}},{\"type\":\"text\",\"props\":{\"column_breakpoint\":\"m\",\"content\":\"\n\n<p>Im fr\\u00fchen Mittelalter sind es M\\u00f6nche, die als erste Goldschl\\u00e4ger in Deutschland auftreten und das Blattgold f\\u00fcr die Buchmalerei verwenden. So beschreibt die im 12. Jahrhundert entstandene Wolfenb\\u00fcttler Theophilus-Handschrift das Goldschl\\u00e4gerverfahren in jener Zeit.<br \\\/>Von den M\\u00f6nchen \\u00fcbernehmen sp\\u00e4ter weltliche Handwerker die Kunst des Goldschlagens und lassen sich vor allem in den wichtigen Handelsst\\u00e4dten nieder und hier speziell in der freien Reichshauptstadt N\\u00fcrnberg. Der erste Goldschl\\u00e4ger in N\\u00fcrnberg wurde urkundlich im Jahre 1373 erw\\u00e4hnt. Zuerst gilt das N\\u00fcrnberger Goldschl\\u00e4gerhandwerk als freie Kunst (Handwerk ohne Ordnung und Gesetz) und wurde im Jahre 1554 in ein \\u201egeschworenes Handwerk\\u201c umgewandelt. Der Gro\\u00dfraum N\\u00fcrnberg \\u2013 F\\u00fcrth \\u2013 Schwabach entwickelte sich zum Weltzentrum der Blattgoldfabrikation.<\\\/p>\\n\n\n<p>Der erste urkundlich erw\\u00e4hnte Goldschl\\u00e4ger, Jakob Ratzer, erhielt 1572 das B\\u00fcrgerrecht in Schwabach. In den nachfolgenden Jahrhunderten siedelten sich immer mehr Blattgoldschl\\u00e4gereien aus N\\u00fcrnberg und F\\u00fcrth, in Schwabach an. Der H\\u00f6hepunkt dieser Entwicklung lag im Jahre 1926. In dieser Zeit z\\u00e4hlte man in Schwabach 127 Betriebe, die insgesamt 739 Personen besch\\u00e4ftigten.<\\\/p>\",\"content_en_us\":\"\n\n<p>The craftsmanship of gold beating came from India to Central Europe and especially to Germany. In the early Middle Ages, monks were the first gold beaters in Germany. They used the manufactured gold leaf for their book illumination. The Theophilus manuscript (12th century) descriped the method of the gold beating process at that time.<br \\\/>Later secular craftsmen took over this craft and settled mainly in the major commercial cities and especially in the imperial capital of Nuremberg. The first gold beater in Nuremberg was mentioned in 1373. Primarily, the gold beater craft in Nuremberg is a liberal craft (craft without organisation and law) and was converted in 1554 into a \\u201csworn craft\\u201d.<br \\\/>The metropolitan area Nuremberg \\u2013 F\\u00fcrth \\u2013 Schwabach became the world centre for gold leaf fabrication.<\\\/p>\\n\\n\n\n<p>The first mentioned gold beater in written records in the city of Schwabach was Jakob Ratzer in 1572. In the following centuries, more and more gold beaters from Nuremberg and F\\u00fcrth settled in Schwabach. The top of this development was reached in 1926. During this time, there were 127 companies employing a total of 739 people in Schwabach.<\\\/p>\",\"margin\":\"default\"}}]}]}]},{\"type\":\"section\",\"props\":{\"image_position\":\"center-center\",\"padding\":\"large\",\"style\":\"default\",\"title_breakpoint\":\"xl\",\"title_position\":\"top-left\",\"title_rotation\":\"left\",\"vertical_align\":\"middle\",\"width\":\"default\"},\"children\":[{\"type\":\"row\",\"children\":[{\"type\":\"column\",\"props\":{\"image_position\":\"center-center\",\"position_sticky_breakpoint\":\"m\"},\"children\":[{\"type\":\"headline\",\"props\":{\"content\":\"KUNST UND TRADITION<br \/>BLATTGOLDHERSTELLUNG\",\"content_en_us\":\"TRADITION AND MANUFACTURING<br \/>GENUINE GOLD LEAF\",\"margin\":\"medium\",\"text_align\":\"center\",\"title_element\":\"h3\"}},{\"type\":\"button\",\"props\":{\"grid_column_gap\":\"small\",\"grid_row_gap\":\"small\",\"margin\":\"default\",\"text_align\":\"center\"},\"children\":[{\"type\":\"button_item\",\"props\":{\"button_style\":\"primary\",\"content\":\"Weiterlesen\",\"content_en_us\":\"Read more\",\"dialog_layout\":\"modal\",\"dialog_offcanvas_flip\":true,\"icon_align\":\"left\",\"link\":\"herstellung\\\/\",\"link_en_us\":\"en\\\/herstellung\"}}]}]}]}]}],\"version\":\"4.5.31\"} --><\/p>\n","protected":false},"excerpt":{"rendered":"<p>Handwerk TRADITION UND HANDWERK Die Herstellung von Blattgold hat eine fast f\u00fcnftausendj\u00e4hrige Tradition. Bereits im alten \u00c4gypten kannte man die Anwendung von Blattgold f\u00fcr Dekorationszwecke. Die fr\u00fcheste Darstellung eines Goldschl\u00e4gers ist um 2500 v.Chr. entstanden und befindet sich in einem Grab in der alt\u00e4gyptischen Nekropole von Sakkara. Auf dieser Abbildung liegt die Form auf einem [&hellip;]<\/p>\n","protected":false},"author":5,"featured_media":0,"parent":0,"menu_order":0,"comment_status":"closed","ping_status":"closed","template":"","meta":{"footnotes":""},"class_list":["post-7411","page","type-page","status-publish","hentry"],"yoast_head":"<title>Craftsmanship - Gerstend\u00f6rfer - Gold leaf beating since 1843<\/title>\n<meta name=\"description\" content=\"Craftsmanship and tradition. The production of gold leaf has a tradition spanning almost five thousand years, and this is particularly true in the gold-beating town of Schwabach.\" \/>\n<meta name=\"robots\" content=\"index, follow, max-snippet:-1, max-image-preview:large, max-video-preview:-1\" \/>\n<meta property=\"og:locale\" content=\"en_US\" \/>\n<meta property=\"og:type\" content=\"article\" \/>\n<meta property=\"og:title\" content=\"Craftsmanship - Gerstend\u00f6rfer - Gold leaf beating since 1843\" \/>\n<meta property=\"og:description\" content=\"Craftsmanship and tradition. The production of gold leaf has a tradition spanning almost five thousand years, and this is particularly true in the gold-beating town of Schwabach.\" \/>\n<meta property=\"og:url\" content=\"https:\/\/gerstendorfer.eu\/en\/gold-leaf-handcraft\/\" \/>\n<meta property=\"og:site_name\" content=\"Gerstend\u00f6rfer\" \/>\n<meta property=\"article:modified_time\" content=\"2025-11-01T04:29:10+00:00\" \/>\n<meta name=\"twitter:card\" content=\"summary_large_image\" \/>\n<meta name=\"twitter:label1\" content=\"Est. reading time\" \/>\n\t<meta name=\"twitter:data1\" content=\"2 minutes\" \/>\n<script type=\"application\/ld+json\" class=\"yoast-schema-graph\">{\"@context\":\"https:\\\/\\\/schema.org\",\"@graph\":[{\"@type\":\"WebPage\",\"@id\":\"https:\\\/\\\/gerstendorfer.eu\\\/en\\\/gold-leaf-handcraft\\\/\",\"url\":\"https:\\\/\\\/gerstendorfer.eu\\\/en\\\/gold-leaf-handcraft\\\/\",\"name\":\"Handwerk - Gerstend\u00f6rfer - Blattgoldschl\u00e4gerei seit 1843\",\"isPartOf\":{\"@id\":\"https:\\\/\\\/gerstendorfer.eu\\\/#website\"},\"datePublished\":\"2016-08-12T12:07:27+00:00\",\"dateModified\":\"2025-11-01T04:29:10+00:00\",\"description\":\"Handwerk und Tradtion. Die Herstellung von Blattgold hat eine fast f\u00fcnftausendj\u00e4hrige Tradition und insbesondere die Goldschl\u00e4gerstadt Schwabach.\",\"breadcrumb\":{\"@id\":\"https:\\\/\\\/gerstendorfer.eu\\\/en\\\/gold-leaf-handcraft\\\/#breadcrumb\"},\"inLanguage\":\"en-US\",\"potentialAction\":[{\"@type\":\"ReadAction\",\"target\":[\"https:\\\/\\\/gerstendorfer.eu\\\/en\\\/gold-leaf-handcraft\\\/\"]}]},{\"@type\":\"BreadcrumbList\",\"@id\":\"https:\\\/\\\/gerstendorfer.eu\\\/en\\\/gold-leaf-handcraft\\\/#breadcrumb\",\"itemListElement\":[{\"@type\":\"ListItem\",\"position\":1,\"name\":\"Gerstend\u00f6rfer\",\"item\":\"https:\\\/\\\/gerstendorfer.eu\\\/\"},{\"@type\":\"ListItem\",\"position\":2,\"name\":\"Handcraft\"}]},{\"@type\":\"WebSite\",\"@id\":\"https:\\\/\\\/gerstendorfer.eu\\\/en\\\/#website\",\"url\":\"https:\\\/\\\/gerstendorfer.eu\\\/en\\\/\",\"name\":\"Gerstend\u00f6rfer\",\"description\":\"Blattgoldfabrik\",\"publisher\":{\"@id\":\"https:\\\/\\\/gerstendorfer.eu\\\/en\\\/#organization\"},\"potentialAction\":[{\"@type\":\"SearchAction\",\"target\":{\"@type\":\"EntryPoint\",\"urlTemplate\":\"https:\\\/\\\/gerstendorfer.eu\\\/en\\\/?s={search_term_string}\"},\"query-input\":{\"@type\":\"PropertyValueSpecification\",\"valueRequired\":true,\"valueName\":\"search_term_string\"}}],\"inLanguage\":\"en-US\"},{\"@type\":\"Organization\",\"@id\":\"https:\\\/\\\/gerstendorfer.eu\\\/en\\\/#organization\",\"name\":\"Gerstend\u00f6rfer GmbH\",\"url\":\"https:\\\/\\\/gerstendorfer.eu\\\/en\\\/\",\"logo\":{\"@type\":\"ImageObject\",\"inLanguage\":\"en-US\",\"@id\":\"https:\\\/\\\/gerstendorfer.eu\\\/en\\\/#\\\/schema\\\/logo\\\/image\\\/\",\"url\":\"https:\\\/\\\/gerstendorfer.eu\\\/wp-content\\\/uploads\\\/2016\\\/08\\\/Gerstendorfer.png\",\"contentUrl\":\"https:\\\/\\\/gerstendorfer.eu\\\/wp-content\\\/uploads\\\/2016\\\/08\\\/Gerstendorfer.png\",\"width\":180,\"height\":144,\"caption\":\"Gerstend\u00f6rfer GmbH\"},\"image\":{\"@id\":\"https:\\\/\\\/gerstendorfer.eu\\\/en\\\/#\\\/schema\\\/logo\\\/image\\\/\"}}]}<\/script>","yoast_head_json":{"title":"Craftsmanship - Gerstend\u00f6rfer - Gold leaf beating since 1843","description":"Craftsmanship and tradition. The production of gold leaf has a tradition spanning almost five thousand years, and this is particularly true in the gold-beating town of Schwabach.","robots":{"index":"index","follow":"follow","max-snippet":"max-snippet:-1","max-image-preview":"max-image-preview:large","max-video-preview":"max-video-preview:-1"},"og_locale":"en_US","og_type":"article","og_title":"Craftsmanship - Gerstend\u00f6rfer - Gold leaf beating since 1843","og_description":"Craftsmanship and tradition. The production of gold leaf has a tradition spanning almost five thousand years, and this is particularly true in the gold-beating town of Schwabach.","og_url":"https:\/\/gerstendorfer.eu\/en\/gold-leaf-handcraft\/","og_site_name":"Gerstend\u00f6rfer","article_modified_time":"2025-11-01T04:29:10+00:00","twitter_card":"summary_large_image","twitter_misc":{"Est. reading time":"2 minutes"},"schema":{"@context":"https:\/\/schema.org","@graph":[{"@type":"WebPage","@id":"https:\/\/gerstendorfer.eu\/en\/gold-leaf-handcraft\/","url":"https:\/\/gerstendorfer.eu\/en\/gold-leaf-handcraft\/","name":"Handwerk - Gerstend\u00f6rfer - Blattgoldschl\u00e4gerei seit 1843","isPartOf":{"@id":"https:\/\/gerstendorfer.eu\/#website"},"datePublished":"2016-08-12T12:07:27+00:00","dateModified":"2025-11-01T04:29:10+00:00","description":"Handwerk und Tradtion. Die Herstellung von Blattgold hat eine fast f\u00fcnftausendj\u00e4hrige Tradition und insbesondere die Goldschl\u00e4gerstadt Schwabach.","breadcrumb":{"@id":"https:\/\/gerstendorfer.eu\/en\/gold-leaf-handcraft\/#breadcrumb"},"inLanguage":"en-US","potentialAction":[{"@type":"ReadAction","target":["https:\/\/gerstendorfer.eu\/en\/gold-leaf-handcraft\/"]}]},{"@type":"BreadcrumbList","@id":"https:\/\/gerstendorfer.eu\/en\/gold-leaf-handcraft\/#breadcrumb","itemListElement":[{"@type":"ListItem","position":1,"name":"Gerstend\u00f6rfer","item":"https:\/\/gerstendorfer.eu\/"},{"@type":"ListItem","position":2,"name":"Handcraft"}]},{"@type":"WebSite","@id":"https:\/\/gerstendorfer.eu\/en\/#website","url":"https:\/\/gerstendorfer.eu\/en\/","name":"Gerstend\u00f6rfer","description":"Blattgoldfabrik","publisher":{"@id":"https:\/\/gerstendorfer.eu\/en\/#organization"},"potentialAction":[{"@type":"SearchAction","target":{"@type":"EntryPoint","urlTemplate":"https:\/\/gerstendorfer.eu\/en\/?s={search_term_string}"},"query-input":{"@type":"PropertyValueSpecification","valueRequired":true,"valueName":"search_term_string"}}],"inLanguage":"en-US"},{"@type":"Organization","@id":"https:\/\/gerstendorfer.eu\/en\/#organization","name":"Gerstend\u00f6rfer GmbH","url":"https:\/\/gerstendorfer.eu\/en\/","logo":{"@type":"ImageObject","inLanguage":"en-US","@id":"https:\/\/gerstendorfer.eu\/en\/#\/schema\/logo\/image\/","url":"https:\/\/gerstendorfer.eu\/wp-content\/uploads\/2016\/08\/Gerstendorfer.png","contentUrl":"https:\/\/gerstendorfer.eu\/wp-content\/uploads\/2016\/08\/Gerstendorfer.png","width":180,"height":144,"caption":"Gerstend\u00f6rfer GmbH"},"image":{"@id":"https:\/\/gerstendorfer.eu\/en\/#\/schema\/logo\/image\/"}}]}},"_links":{"self":[{"href":"https:\/\/gerstendorfer.eu\/en\/wp-json\/wp\/v2\/pages\/7411","targetHints":{"allow":["GET"]}}],"collection":[{"href":"https:\/\/gerstendorfer.eu\/en\/wp-json\/wp\/v2\/pages"}],"about":[{"href":"https:\/\/gerstendorfer.eu\/en\/wp-json\/wp\/v2\/types\/page"}],"author":[{"embeddable":true,"href":"https:\/\/gerstendorfer.eu\/en\/wp-json\/wp\/v2\/users\/5"}],"replies":[{"embeddable":true,"href":"https:\/\/gerstendorfer.eu\/en\/wp-json\/wp\/v2\/comments?post=7411"}],"version-history":[{"count":10,"href":"https:\/\/gerstendorfer.eu\/en\/wp-json\/wp\/v2\/pages\/7411\/revisions"}],"predecessor-version":[{"id":8673,"href":"https:\/\/gerstendorfer.eu\/en\/wp-json\/wp\/v2\/pages\/7411\/revisions\/8673"}],"wp:attachment":[{"href":"https:\/\/gerstendorfer.eu\/en\/wp-json\/wp\/v2\/media?parent=7411"}],"curies":[{"name":"wp","href":"https:\/\/api.w.org\/{rel}","templated":true}]}}