{"id":1543,"date":"2016-03-28T08:54:19","date_gmt":"2016-03-28T08:54:19","guid":{"rendered":"http:\/\/walker.edge-themes.com\/?page_id=1543"},"modified":"2025-11-01T05:29:11","modified_gmt":"2025-11-01T04:29:11","slug":"kontakt","status":"publish","type":"page","link":"https:\/\/gerstendorfer.eu\/en\/contact\/","title":{"rendered":"Contact"},"content":{"rendered":"<h1>Kontakt<\/h1>\n<div>\n<h3>TELEFON<\/h3>\n<div>\n<p>Telefon: <a href=\"tel:+490912292680\">+ 49 (0) 9122 92 68 0<\/a><br \/>Telefax: + 49 (0) 9122 92 68 20<br \/><a href=\"mailto:info@gerstendorfer.eu\">info@gerstendorfer.eu<\/a><\/p>\n<\/div>\n<\/div>\n<div>\n<h3>ADRESSE<\/h3>\n<div>\n<p>Gerstend\u00f6rfer GmbH<br \/>Schlachthofstrasse 10<br \/>91126 Schwabach<\/p>\n<\/div>\n<\/div>\n<div>\n<h3>INSTAGRAM<\/h3>\n<div>Get social via Instagram<\/div>\n<p><a href=\"http:\/\/instagram.com\/gerstendorfer#\">Stay connected<\/a><\/p>\n<\/div>\n<div>\n<h3>E STORE<\/h3>\n<div>Alles f\u00fcr den Vergolder, Restaurator, Maler und K\u00fcnstler<\/div>\n<p><a href=\"https:\/\/gerstendoerfer-blattgold.de\/\">Jetzt shoppen<\/a><\/p>\n<\/div>\n<div>\n<div class=\"wpcf7 no-js\" id=\"wpcf7-f7565-o1\" lang=\"de-DE\" dir=\"ltr\" data-wpcf7-id=\"7565\">\n<div class=\"screen-reader-response\"><p role=\"status\" aria-live=\"polite\" aria-atomic=\"true\"><\/p> <ul><\/ul><\/div>\n<form action=\"\/en\/wp-json\/wp\/v2\/pages\/1543#wpcf7-f7565-o1\" method=\"post\" class=\"wpcf7-form init\" aria-label=\"Kontaktformular\" novalidate=\"novalidate\" data-status=\"init\">\n<fieldset class=\"hidden-fields-container\"><input type=\"hidden\" name=\"_wpcf7\" value=\"7565\" \/><input type=\"hidden\" name=\"_wpcf7_version\" value=\"6.1.5\" \/><input type=\"hidden\" name=\"_wpcf7_locale\" value=\"de_DE\" \/><input type=\"hidden\" name=\"_wpcf7_unit_tag\" value=\"wpcf7-f7565-o1\" \/><input type=\"hidden\" name=\"_wpcf7_container_post\" value=\"0\" \/><input type=\"hidden\" name=\"_wpcf7_posted_data_hash\" value=\"\" \/>\n<\/fieldset>\n<p><label> Name (Pflichtfeld)<br \/>\n<span class=\"wpcf7-form-control-wrap\" data-name=\"your-name\"><input size=\"40\" maxlength=\"400\" class=\"wpcf7-form-control wpcf7-text wpcf7-validates-as-required\" aria-required=\"true\" aria-invalid=\"false\" value=\"\" type=\"text\" name=\"your-name\" \/><\/span> <\/label>\n<\/p>\n<p><label> E-Mail-Adresse (Pflichtfeld)<br \/>\n<span class=\"wpcf7-form-control-wrap\" data-name=\"your-email\"><input size=\"40\" maxlength=\"400\" class=\"wpcf7-form-control wpcf7-email wpcf7-validates-as-required wpcf7-text wpcf7-validates-as-email\" aria-required=\"true\" aria-invalid=\"false\" value=\"\" type=\"email\" name=\"your-email\" \/><\/span> <\/label>\n<\/p>\n<p><span id=\"wpcf7-69e5c72bae79c-wrapper\" class=\"wpcf7-form-control-wrap first-name-wrap\" style=\"display:none !important; visibility:hidden !important;\"><label for=\"wpcf7-69e5c72bae79c-field\" class=\"hp-message\">Bitte lasse dieses Feld leer.<\/label><input id=\"wpcf7-69e5c72bae79c-field\"  class=\"wpcf7-form-control wpcf7-text\" type=\"text\" name=\"first-name\" value=\"\" size=\"40\" tabindex=\"-1\" autocomplete=\"new-password\" \/><\/span><br \/>\n<span id=\"wpcf7-69e5c72bae7f0-wrapper\" class=\"wpcf7-form-control-wrap last-name-wrap\" style=\"display:none !important; visibility:hidden !important;\"><label for=\"wpcf7-69e5c72bae7f0-field\" class=\"hp-message\">Bitte lasse dieses Feld leer.<\/label><input id=\"wpcf7-69e5c72bae7f0-field\"  class=\"wpcf7-form-control wpcf7-text\" type=\"text\" name=\"last-name\" value=\"\" size=\"40\" tabindex=\"-1\" autocomplete=\"new-password\" \/><\/span>\n<\/p>\n<p><label> Betreff<br \/>\n<span class=\"wpcf7-form-control-wrap\" data-name=\"your-subject\"><input size=\"40\" maxlength=\"400\" class=\"wpcf7-form-control wpcf7-text\" aria-invalid=\"false\" value=\"\" type=\"text\" name=\"your-subject\" \/><\/span> <\/label>\n<\/p>\n<p><label> Nachricht<br \/>\n<span class=\"wpcf7-form-control-wrap\" data-name=\"your-message\"><textarea cols=\"40\" rows=\"10\" maxlength=\"2000\" class=\"wpcf7-form-control wpcf7-textarea\" aria-invalid=\"false\" name=\"your-message\"><\/textarea><\/span> <\/label>\n<\/p>\n<p><input class=\"wpcf7-form-control wpcf7-submit has-spinner\" type=\"submit\" value=\"Senden\" \/>\n<\/p><div class=\"wpcf7-response-output\" aria-hidden=\"true\"><\/div>\n<\/form>\n<\/div>\n<\/div>\n<p><!--more--><br \/>\n<!-- {\"type\":\"layout\",\"children\":[{\"type\":\"section\",\"props\":{\"header_transparent\":false,\"header_transparent_noplaceholder\":false,\"header_transparent_text_color\":\"light\",\"height\":\"viewport\",\"height_viewport\":35,\"image\":\"wp-content\\\/uploads\\\/2016\\\/04\\\/blattgoldkarat-1-image.jpg\",\"image_position\":\"top-center\",\"image_size\":\"cover\",\"media_focal_point\":\"top-right\",\"overlap\":false,\"padding\":\"none\",\"style\":\"default\",\"text_color\":\"light\",\"title_breakpoint\":\"xl\",\"title_position\":\"top-left\",\"title_rotation\":\"left\",\"vertical_align\":\"middle\",\"width\":\"default\"},\"children\":[{\"type\":\"row\",\"children\":[{\"type\":\"column\",\"props\":{\"image_position\":\"center-center\",\"position_sticky_breakpoint\":\"m\",\"width_medium\":\"1-1\"},\"children\":[{\"type\":\"headline\",\"props\":{\"content\":\"Kontakt\",\"content_en_us\":\"Contact\",\"text_align\":\"center\",\"title_element\":\"h1\",\"title_style\":\"h1\"}}]}]}],\"name\":\"Hero\"},{\"type\":\"section\",\"props\":{\"image_position\":\"center-center\",\"padding\":\"large\",\"style\":\"default\",\"title_breakpoint\":\"xl\",\"title_position\":\"top-left\",\"title_rotation\":\"left\",\"vertical_align\":\"middle\",\"width\":\"default\"},\"children\":[{\"type\":\"row\",\"props\":{\"layout\":\"1-4,1-4,1-4,1-4|1-2,1-2,1-2,1-2\"},\"children\":[{\"type\":\"column\",\"props\":{\"image_position\":\"center-center\",\"position_sticky_breakpoint\":\"m\",\"width_medium\":\"1-4\",\"width_small\":\"1-2\"},\"children\":[{\"type\":\"panel\",\"props\":{\"content\":\"\n\n<p>Telefon: <a href=\\\"tel:+490912292680\\\">+ 49 (0) 9122 92 68 0<\\\/a><br \\\/>Telefax: + 49 (0) 9122 92 68 20<br \\\/><a href=\\\"mailto:info@gerstendorfer.eu\\\">info@gerstendorfer.eu<\\\/a><\\\/p>\",\"content_column_breakpoint\":\"m\",\"content_en_us\":\"\n\n<p>Fon: <a href=\\\"tel:+490912292680\\\">+ 49 (0) 9122 92 68 0<\\\/a><br \\\/>Fax: + 49 (0) 9122 92 68 20<br \\\/><a href=\\\"mailto:info@gerstendorfer.eu\\\">info@gerstendorfer.eu<\\\/a><\\\/p>\",\"icon\":\"phone\",\"icon_width\":80,\"image_align\":\"top\",\"image_grid_breakpoint\":\"m\",\"image_grid_width\":\"1-2\",\"image_svg_color\":\"emphasis\",\"link_style\":\"default\",\"link_text\":\"Read more\",\"margin\":\"default\",\"meta_align\":\"below-title\",\"meta_element\":\"div\",\"meta_style\":\"text-meta\",\"panel_padding\":\"default\",\"text_align\":\"center\",\"title\":\"TELEFON\",\"title_align\":\"top\",\"title_element\":\"h3\",\"title_grid_breakpoint\":\"m\",\"title_grid_width\":\"1-2\",\"title_hover_style\":\"reset\"}}]},{\"type\":\"column\",\"props\":{\"image_position\":\"center-center\",\"position_sticky_breakpoint\":\"m\",\"width_medium\":\"1-4\",\"width_small\":\"1-2\"},\"children\":[{\"type\":\"panel\",\"props\":{\"content\":\"\n\n<p>Gerstend\\u00f6rfer GmbH<br \\\/>Schlachthofstrasse 10<br \\\/>91126 Schwabach<\\\/p>\",\"content_column_breakpoint\":\"m\",\"content_en_us\":\"\n\n<p>Gerstend\\u00f6rfer GmbH<br \\\/>Schlachthofstrasse 10<br \\\/>91126 Schwabach<br \/>Germany<\\\/p>\",\"icon\":\"location\",\"icon_width\":80,\"image_align\":\"top\",\"image_grid_breakpoint\":\"m\",\"image_grid_width\":\"1-2\",\"image_svg_color\":\"emphasis\",\"link_style\":\"default\",\"link_text\":\"Read more\",\"margin\":\"default\",\"meta_align\":\"below-title\",\"meta_element\":\"div\",\"meta_style\":\"text-meta\",\"panel_padding\":\"default\",\"text_align\":\"center\",\"title\":\"ADRESSE\",\"title_align\":\"top\",\"title_element\":\"h3\",\"title_grid_breakpoint\":\"m\",\"title_grid_width\":\"1-2\",\"title_hover_style\":\"reset\"}}]},{\"type\":\"column\",\"props\":{\"image_position\":\"center-center\",\"position_sticky_breakpoint\":\"m\",\"width_medium\":\"1-4\",\"width_small\":\"1-2\"},\"children\":[{\"type\":\"panel\",\"props\":{\"content\":\"Get social via Instagram\",\"content_column_breakpoint\":\"m\",\"icon\":\"instagram\",\"icon_width\":80,\"image_align\":\"top\",\"image_grid_breakpoint\":\"m\",\"image_grid_width\":\"1-2\",\"image_svg_color\":\"emphasis\",\"link\":\"http:\\\/\\\/instagram.com\\\/gerstendorfer#\",\"link_style\":\"\",\"link_target\":true,\"link_text\":\"Stay connected\",\"margin\":\"default\",\"meta_align\":\"below-title\",\"meta_element\":\"div\",\"meta_style\":\"text-meta\",\"panel_padding\":\"default\",\"text_align\":\"center\",\"title\":\"INSTAGRAM\",\"title_align\":\"top\",\"title_element\":\"h3\",\"title_grid_breakpoint\":\"m\",\"title_grid_width\":\"1-2\",\"title_hover_style\":\"reset\"}}]},{\"type\":\"column\",\"props\":{\"image_position\":\"center-center\",\"position_sticky_breakpoint\":\"m\",\"width_medium\":\"1-4\",\"width_small\":\"1-2\"},\"children\":[{\"type\":\"panel\",\"props\":{\"content\":\"Alles f\\u00fcr den Vergolder, Restaurator, Maler und K\\u00fcnstler\",\"content_column_breakpoint\":\"m\",\"content_en_us\":\"Everything for Gilders, Conservators, Painters and Artists\",\"icon\":\"cart\",\"icon_width\":\"80\",\"image_align\":\"top\",\"image_grid_breakpoint\":\"m\",\"image_grid_width\":\"1-2\",\"image_svg_color\":\"emphasis\",\"link\":\"https:\\\/\\\/gerstendoerfer-blattgold.de\\\/\",\"link_en_us\":\"https:\\\/\\\/gerstendoerfer-blattgold.de\\\/en\\\/\",\"link_style\":\"\",\"link_target\":true,\"link_text\":\"Jetzt shoppen\",\"link_text_en_us\":\"Go shopping\",\"margin\":\"default\",\"meta_align\":\"below-title\",\"meta_element\":\"div\",\"meta_style\":\"text-meta\",\"panel_padding\":\"default\",\"text_align\":\"center\",\"title\":\"E STORE\",\"title_align\":\"top\",\"title_element\":\"h3\",\"title_grid_breakpoint\":\"m\",\"title_grid_width\":\"1-2\",\"title_hover_style\":\"reset\"}}]}]}]},{\"type\":\"section\",\"props\":{\"image_position\":\"center-center\",\"style\":\"default\",\"title_breakpoint\":\"xl\",\"title_position\":\"top-left\",\"title_rotation\":\"left\",\"vertical_align\":\"middle\",\"width\":\"default\"},\"children\":[{\"type\":\"row\",\"children\":[{\"type\":\"column\",\"props\":{\"image_position\":\"center-center\",\"position_sticky_breakpoint\":\"m\"},\"children\":[{\"type\":\"text\",\"props\":{\"column_breakpoint\":\"m\",\"content\":\"[contact-form-7 id=\\\"272a54c\\\" title=\\\"Kontaktformular 1\\\"]\",\"margin\":\"default\",\"text_align\":\"center\"}}]}]}]}],\"version\":\"4.5.31\"} --><\/p>\n","protected":false},"excerpt":{"rendered":"<p>Kontakt TELEFON Telefon: + 49 (0) 9122 92 68 0Telefax: + 49 (0) 9122 92 68 20info@gerstendorfer.eu ADRESSE Gerstend\u00f6rfer GmbHSchlachthofstrasse 1091126 Schwabach INSTAGRAM Get social via Instagram Stay connected E STORE Alles f\u00fcr den Vergolder, Restaurator, Maler und K\u00fcnstler Jetzt shoppen<\/p>\n","protected":false},"author":5,"featured_media":0,"parent":0,"menu_order":0,"comment_status":"closed","ping_status":"closed","template":"","meta":{"footnotes":""},"class_list":["post-1543","page","type-page","status-publish","hentry"],"yoast_head":"<title>Contact - Gerstend\u00f6rfer - Gold Leaf Manufacturer since 1843<\/title>\n<meta name=\"description\" content=\"Contact us: Gerstend\u00f6rfer GmbH, Schlachthofstrasse 10, 91126 Schwabach Germany, Fon +49 9122 92680, Fax +49 9122 926820, info@gerstendoerfer-blattgold.de, www.gerstendorfer.eu\" \/>\n<meta name=\"robots\" content=\"index, follow, max-snippet:-1, max-image-preview:large, max-video-preview:-1\" \/>\n<meta property=\"og:locale\" content=\"en_US\" \/>\n<meta property=\"og:type\" content=\"article\" \/>\n<meta property=\"og:title\" content=\"Contact - Gerstend\u00f6rfer - Gold Leaf Manufacturer since 1843\" \/>\n<meta property=\"og:description\" content=\"Contact us: Gerstend\u00f6rfer GmbH, Schlachthofstrasse 10, 91126 Schwabach Germany, Fon +49 9122 92680, Fax +49 9122 926820, info@gerstendoerfer-blattgold.de, www.gerstendorfer.eu\" \/>\n<meta property=\"og:url\" content=\"https:\/\/gerstendorfer.eu\/en\/contact\/\" \/>\n<meta property=\"og:site_name\" content=\"Gerstend\u00f6rfer\" \/>\n<meta property=\"article:modified_time\" content=\"2025-11-01T04:29:11+00:00\" \/>\n<meta name=\"twitter:card\" content=\"summary_large_image\" \/>\n<meta name=\"twitter:label1\" content=\"Est. reading time\" \/>\n\t<meta name=\"twitter:data1\" content=\"1 minute\" \/>\n<script type=\"application\/ld+json\" class=\"yoast-schema-graph\">{\"@context\":\"https:\\\/\\\/schema.org\",\"@graph\":[{\"@type\":\"WebPage\",\"@id\":\"https:\\\/\\\/gerstendorfer.eu\\\/en\\\/contact\\\/\",\"url\":\"https:\\\/\\\/gerstendorfer.eu\\\/en\\\/contact\\\/\",\"name\":\"Kontakt - Gerstend\u00f6rer - Fabrikation von Blattgold und Blattsilber\",\"isPartOf\":{\"@id\":\"https:\\\/\\\/gerstendorfer.eu\\\/#website\"},\"datePublished\":\"2016-03-28T08:54:19+00:00\",\"dateModified\":\"2025-11-01T04:29:11+00:00\",\"description\":\"Kontakt: Gerstend\u00f6rfer GmbH, Schlachthofstr. 10, 91126 Schwabach, Fon: + 49 (0)9122 92680, Fax: + 49 (0)9122 926820, info@gerstendoerfer-blattgold.de, www.gerstendorfer.eu\",\"breadcrumb\":{\"@id\":\"https:\\\/\\\/gerstendorfer.eu\\\/en\\\/contact\\\/#breadcrumb\"},\"inLanguage\":\"en-US\",\"potentialAction\":[{\"@type\":\"ReadAction\",\"target\":[\"https:\\\/\\\/gerstendorfer.eu\\\/en\\\/contact\\\/\"]}]},{\"@type\":\"BreadcrumbList\",\"@id\":\"https:\\\/\\\/gerstendorfer.eu\\\/en\\\/contact\\\/#breadcrumb\",\"itemListElement\":[{\"@type\":\"ListItem\",\"position\":1,\"name\":\"Gerstend\u00f6rfer\",\"item\":\"https:\\\/\\\/gerstendorfer.eu\\\/\"},{\"@type\":\"ListItem\",\"position\":2,\"name\":\"Contact\"}]},{\"@type\":\"WebSite\",\"@id\":\"https:\\\/\\\/gerstendorfer.eu\\\/en\\\/#website\",\"url\":\"https:\\\/\\\/gerstendorfer.eu\\\/en\\\/\",\"name\":\"Gerstend\u00f6rfer\",\"description\":\"Blattgoldfabrik\",\"publisher\":{\"@id\":\"https:\\\/\\\/gerstendorfer.eu\\\/en\\\/#organization\"},\"potentialAction\":[{\"@type\":\"SearchAction\",\"target\":{\"@type\":\"EntryPoint\",\"urlTemplate\":\"https:\\\/\\\/gerstendorfer.eu\\\/en\\\/?s={search_term_string}\"},\"query-input\":{\"@type\":\"PropertyValueSpecification\",\"valueRequired\":true,\"valueName\":\"search_term_string\"}}],\"inLanguage\":\"en-US\"},{\"@type\":\"Organization\",\"@id\":\"https:\\\/\\\/gerstendorfer.eu\\\/en\\\/#organization\",\"name\":\"Gerstend\u00f6rfer GmbH\",\"url\":\"https:\\\/\\\/gerstendorfer.eu\\\/en\\\/\",\"logo\":{\"@type\":\"ImageObject\",\"inLanguage\":\"en-US\",\"@id\":\"https:\\\/\\\/gerstendorfer.eu\\\/en\\\/#\\\/schema\\\/logo\\\/image\\\/\",\"url\":\"https:\\\/\\\/gerstendorfer.eu\\\/wp-content\\\/uploads\\\/2016\\\/08\\\/Gerstendorfer.png\",\"contentUrl\":\"https:\\\/\\\/gerstendorfer.eu\\\/wp-content\\\/uploads\\\/2016\\\/08\\\/Gerstendorfer.png\",\"width\":180,\"height\":144,\"caption\":\"Gerstend\u00f6rfer GmbH\"},\"image\":{\"@id\":\"https:\\\/\\\/gerstendorfer.eu\\\/en\\\/#\\\/schema\\\/logo\\\/image\\\/\"}}]}<\/script>","yoast_head_json":{"title":"Contact - Gerstend\u00f6rfer - Gold Leaf Manufacturer since 1843","description":"Contact us: Gerstend\u00f6rfer GmbH, Schlachthofstrasse 10, 91126 Schwabach Germany, Fon +49 9122 92680, Fax +49 9122 926820, info@gerstendoerfer-blattgold.de, www.gerstendorfer.eu","robots":{"index":"index","follow":"follow","max-snippet":"max-snippet:-1","max-image-preview":"max-image-preview:large","max-video-preview":"max-video-preview:-1"},"og_locale":"en_US","og_type":"article","og_title":"Contact - Gerstend\u00f6rfer - Gold Leaf Manufacturer since 1843","og_description":"Contact us: Gerstend\u00f6rfer GmbH, Schlachthofstrasse 10, 91126 Schwabach Germany, Fon +49 9122 92680, Fax +49 9122 926820, info@gerstendoerfer-blattgold.de, www.gerstendorfer.eu","og_url":"https:\/\/gerstendorfer.eu\/en\/contact\/","og_site_name":"Gerstend\u00f6rfer","article_modified_time":"2025-11-01T04:29:11+00:00","twitter_card":"summary_large_image","twitter_misc":{"Est. reading time":"1 minute"},"schema":{"@context":"https:\/\/schema.org","@graph":[{"@type":"WebPage","@id":"https:\/\/gerstendorfer.eu\/en\/contact\/","url":"https:\/\/gerstendorfer.eu\/en\/contact\/","name":"Kontakt - Gerstend\u00f6rer - Fabrikation von Blattgold und Blattsilber","isPartOf":{"@id":"https:\/\/gerstendorfer.eu\/#website"},"datePublished":"2016-03-28T08:54:19+00:00","dateModified":"2025-11-01T04:29:11+00:00","description":"Kontakt: Gerstend\u00f6rfer GmbH, Schlachthofstr. 10, 91126 Schwabach, Fon: + 49 (0)9122 92680, Fax: + 49 (0)9122 926820, info@gerstendoerfer-blattgold.de, www.gerstendorfer.eu","breadcrumb":{"@id":"https:\/\/gerstendorfer.eu\/en\/contact\/#breadcrumb"},"inLanguage":"en-US","potentialAction":[{"@type":"ReadAction","target":["https:\/\/gerstendorfer.eu\/en\/contact\/"]}]},{"@type":"BreadcrumbList","@id":"https:\/\/gerstendorfer.eu\/en\/contact\/#breadcrumb","itemListElement":[{"@type":"ListItem","position":1,"name":"Gerstend\u00f6rfer","item":"https:\/\/gerstendorfer.eu\/"},{"@type":"ListItem","position":2,"name":"Contact"}]},{"@type":"WebSite","@id":"https:\/\/gerstendorfer.eu\/en\/#website","url":"https:\/\/gerstendorfer.eu\/en\/","name":"Gerstend\u00f6rfer","description":"Blattgoldfabrik","publisher":{"@id":"https:\/\/gerstendorfer.eu\/en\/#organization"},"potentialAction":[{"@type":"SearchAction","target":{"@type":"EntryPoint","urlTemplate":"https:\/\/gerstendorfer.eu\/en\/?s={search_term_string}"},"query-input":{"@type":"PropertyValueSpecification","valueRequired":true,"valueName":"search_term_string"}}],"inLanguage":"en-US"},{"@type":"Organization","@id":"https:\/\/gerstendorfer.eu\/en\/#organization","name":"Gerstend\u00f6rfer GmbH","url":"https:\/\/gerstendorfer.eu\/en\/","logo":{"@type":"ImageObject","inLanguage":"en-US","@id":"https:\/\/gerstendorfer.eu\/en\/#\/schema\/logo\/image\/","url":"https:\/\/gerstendorfer.eu\/wp-content\/uploads\/2016\/08\/Gerstendorfer.png","contentUrl":"https:\/\/gerstendorfer.eu\/wp-content\/uploads\/2016\/08\/Gerstendorfer.png","width":180,"height":144,"caption":"Gerstend\u00f6rfer GmbH"},"image":{"@id":"https:\/\/gerstendorfer.eu\/en\/#\/schema\/logo\/image\/"}}]}},"_links":{"self":[{"href":"https:\/\/gerstendorfer.eu\/en\/wp-json\/wp\/v2\/pages\/1543","targetHints":{"allow":["GET"]}}],"collection":[{"href":"https:\/\/gerstendorfer.eu\/en\/wp-json\/wp\/v2\/pages"}],"about":[{"href":"https:\/\/gerstendorfer.eu\/en\/wp-json\/wp\/v2\/types\/page"}],"author":[{"embeddable":true,"href":"https:\/\/gerstendorfer.eu\/en\/wp-json\/wp\/v2\/users\/5"}],"replies":[{"embeddable":true,"href":"https:\/\/gerstendorfer.eu\/en\/wp-json\/wp\/v2\/comments?post=1543"}],"version-history":[{"count":10,"href":"https:\/\/gerstendorfer.eu\/en\/wp-json\/wp\/v2\/pages\/1543\/revisions"}],"predecessor-version":[{"id":8677,"href":"https:\/\/gerstendorfer.eu\/en\/wp-json\/wp\/v2\/pages\/1543\/revisions\/8677"}],"wp:attachment":[{"href":"https:\/\/gerstendorfer.eu\/en\/wp-json\/wp\/v2\/media?parent=1543"}],"curies":[{"name":"wp","href":"https:\/\/api.w.org\/{rel}","templated":true}]}}